{"id":102,"date":"2015-04-02T03:11:48","date_gmt":"2015-04-02T03:11:48","guid":{"rendered":"http:\/\/ste-valentine.ca\/?page_id=102"},"modified":"2015-04-08T18:01:51","modified_gmt":"2015-04-08T18:01:51","slug":"value","status":"publish","type":"page","link":"https:\/\/ste-valentine.ca\/fr\/value\/","title":{"rendered":"Valeurs nutritives"},"content":{"rendered":"<p>La valeur est un ratio qualitatif entre ce que vous recevez et ce que vous payez. Pour votre convenance, nous avons fait un tableau que vous pouvez imprimer et remplir avec vos r\u00e9ponses.<\/p>\n<table width=\"668\">\n<thead>\n<tr>\n<td width=\"455\">Ce que vous recevez<\/td>\n<td width=\"183\">Ce que vous payez pour chaque b\u00e9n\u00e9fice.<\/td>\n<\/tr>\n<\/thead>\n<tbody>\n<tr>\n<td width=\"455\">Baies dans par paquet de demi pinte.<\/td>\n<td width=\"183\">$_______<\/td>\n<\/tr>\n<tr>\n<td width=\"455\">Certifi\u00e9 organique(sans pesticide synth\u00e9tique et herbicide)<\/td>\n<td width=\"183\">$_______<\/td>\n<\/tr>\n<tr>\n<td width=\"455\">M\u00fbr selon l&rsquo;arome, la saveur et la texture.<\/td>\n<td width=\"183\">$_______<\/td>\n<\/tr>\n<tr>\n<td width=\"455\">Livraison locale avec la date de cueillette, \u00e0 manger en 1-2 jours<\/td>\n<td width=\"183\">$_______<\/td>\n<\/tr>\n<tr>\n<td width=\"455\">R\u00e9frig\u00e9r\u00e9 et prot\u00e9g\u00e9 du soleil pour la r\u00e9tention de vitamines.<\/td>\n<td width=\"183\">$_______<\/td>\n<\/tr>\n<tr>\n<td width=\"455\">Part de baies comestibles.<\/td>\n<td width=\"183\">$_______<\/td>\n<\/tr>\n<\/tbody>\n<\/table>\n<p><\/p>","protected":false},"excerpt":{"rendered":"<p>La valeur est un ratio qualitatif entre ce que vous recevez et ce que vous payez. Pour votre convenance, nous avons fait un tableau que&#8230;<\/p>\n<div class=\"more-link-wrapper\"><a class=\"more-link\" href=\"https:\/\/ste-valentine.ca\/fr\/value\/\">Continue reading<span class=\"screen-reader-text\">Valeurs nutritives<\/span><\/a><\/div>\n","protected":false},"author":1,"featured_media":0,"parent":0,"menu_order":0,"comment_status":"closed","ping_status":"closed","template":"","meta":{"footnotes":""},"class_list":["post-102","page","type-page","status-publish","hentry","entry"],"yoast_head":"<!-- This site is optimized with the Yoast SEO plugin v25.1 - https:\/\/yoast.com\/wordpress\/plugins\/seo\/ -->\n<title>Valeurs nutritives - ste-valentine<\/title>\n<meta name=\"robots\" content=\"noindex, follow, max-snippet:-1, max-image-preview:large, max-video-preview:-1\" \/>\n<meta property=\"og:locale\" content=\"fr_FR\" \/>\n<meta property=\"og:type\" content=\"article\" \/>\n<meta property=\"og:title\" content=\"[:en]VALUE[:fr]Valeurs nutritives[:] - ste-valentine\" \/>\n<meta property=\"og:description\" content=\"La valeur est un ratio qualitatif entre ce que vous recevez et ce que vous payez. Pour votre convenance, nous avons fait un tableau que&#8230;\" \/>\n<meta property=\"og:url\" content=\"https:\/\/ste-valentine.ca\/value\/\" \/>\n<meta property=\"og:site_name\" content=\"ste-valentine\" \/>\n<meta property=\"article:modified_time\" content=\"2015-04-08T18:01:51+00:00\" \/>\n<meta name=\"twitter:card\" content=\"summary_large_image\" \/>\n<meta name=\"twitter:label1\" content=\"Dur\u00e9e de lecture estim\u00e9e\" \/>\n\t<meta name=\"twitter:data1\" content=\"1 minute\" \/>\n<script type=\"application\/ld+json\" class=\"yoast-schema-graph\">{\"@context\":\"https:\/\/schema.org\",\"@graph\":[{\"@type\":\"WebPage\",\"@id\":\"https:\/\/ste-valentine.ca\/value\/\",\"url\":\"https:\/\/ste-valentine.ca\/value\/\",\"name\":\"[:en]VALUE[:fr]Valeurs nutritives[:] - ste-valentine\",\"isPartOf\":{\"@id\":\"https:\/\/ste-valentine.ca\/#website\"},\"datePublished\":\"2015-04-02T03:11:48+00:00\",\"dateModified\":\"2015-04-08T18:01:51+00:00\",\"breadcrumb\":{\"@id\":\"https:\/\/ste-valentine.ca\/value\/#breadcrumb\"},\"inLanguage\":\"fr-FR\",\"potentialAction\":[{\"@type\":\"ReadAction\",\"target\":[\"https:\/\/ste-valentine.ca\/value\/\"]}]},{\"@type\":\"BreadcrumbList\",\"@id\":\"https:\/\/ste-valentine.ca\/value\/#breadcrumb\",\"itemListElement\":[{\"@type\":\"ListItem\",\"position\":1,\"name\":\"Home\",\"item\":\"https:\/\/ste-valentine.ca\/\"},{\"@type\":\"ListItem\",\"position\":2,\"name\":\"VALUE\"}]},{\"@type\":\"WebSite\",\"@id\":\"https:\/\/ste-valentine.ca\/#website\",\"url\":\"https:\/\/ste-valentine.ca\/\",\"name\":\"ste-valentine\",\"description\":\"\",\"potentialAction\":[{\"@type\":\"SearchAction\",\"target\":{\"@type\":\"EntryPoint\",\"urlTemplate\":\"https:\/\/ste-valentine.ca\/?s={search_term_string}\"},\"query-input\":{\"@type\":\"PropertyValueSpecification\",\"valueRequired\":true,\"valueName\":\"search_term_string\"}}],\"inLanguage\":\"fr-FR\"}]}<\/script>\n<!-- \/ Yoast SEO plugin. -->","yoast_head_json":{"title":"[:en]VALUE[:fr]Valeurs nutritives[:] - ste-valentine","robots":{"index":"noindex","follow":"follow","max-snippet":"max-snippet:-1","max-image-preview":"max-image-preview:large","max-video-preview":"max-video-preview:-1"},"og_locale":"fr_FR","og_type":"article","og_title":"[:en]VALUE[:fr]Valeurs nutritives[:] - ste-valentine","og_description":"La valeur est un ratio qualitatif entre ce que vous recevez et ce que vous payez. Pour votre convenance, nous avons fait un tableau que&#8230;","og_url":"https:\/\/ste-valentine.ca\/value\/","og_site_name":"ste-valentine","article_modified_time":"2015-04-08T18:01:51+00:00","twitter_card":"summary_large_image","twitter_misc":{"Dur\u00e9e de lecture estim\u00e9e":"1 minute"},"schema":{"@context":"https:\/\/schema.org","@graph":[{"@type":"WebPage","@id":"https:\/\/ste-valentine.ca\/value\/","url":"https:\/\/ste-valentine.ca\/value\/","name":"[:en]VALUE[:fr]Valeurs nutritives[:] - ste-valentine","isPartOf":{"@id":"https:\/\/ste-valentine.ca\/#website"},"datePublished":"2015-04-02T03:11:48+00:00","dateModified":"2015-04-08T18:01:51+00:00","breadcrumb":{"@id":"https:\/\/ste-valentine.ca\/value\/#breadcrumb"},"inLanguage":"fr-FR","potentialAction":[{"@type":"ReadAction","target":["https:\/\/ste-valentine.ca\/value\/"]}]},{"@type":"BreadcrumbList","@id":"https:\/\/ste-valentine.ca\/value\/#breadcrumb","itemListElement":[{"@type":"ListItem","position":1,"name":"Home","item":"https:\/\/ste-valentine.ca\/"},{"@type":"ListItem","position":2,"name":"VALUE"}]},{"@type":"WebSite","@id":"https:\/\/ste-valentine.ca\/#website","url":"https:\/\/ste-valentine.ca\/","name":"ste-valentine","description":"","potentialAction":[{"@type":"SearchAction","target":{"@type":"EntryPoint","urlTemplate":"https:\/\/ste-valentine.ca\/?s={search_term_string}"},"query-input":{"@type":"PropertyValueSpecification","valueRequired":true,"valueName":"search_term_string"}}],"inLanguage":"fr-FR"}]}},"_links":{"self":[{"href":"https:\/\/ste-valentine.ca\/fr\/wp-json\/wp\/v2\/pages\/102","targetHints":{"allow":["GET"]}}],"collection":[{"href":"https:\/\/ste-valentine.ca\/fr\/wp-json\/wp\/v2\/pages"}],"about":[{"href":"https:\/\/ste-valentine.ca\/fr\/wp-json\/wp\/v2\/types\/page"}],"author":[{"embeddable":true,"href":"https:\/\/ste-valentine.ca\/fr\/wp-json\/wp\/v2\/users\/1"}],"replies":[{"embeddable":true,"href":"https:\/\/ste-valentine.ca\/fr\/wp-json\/wp\/v2\/comments?post=102"}],"version-history":[{"count":4,"href":"https:\/\/ste-valentine.ca\/fr\/wp-json\/wp\/v2\/pages\/102\/revisions"}],"predecessor-version":[{"id":299,"href":"https:\/\/ste-valentine.ca\/fr\/wp-json\/wp\/v2\/pages\/102\/revisions\/299"}],"wp:attachment":[{"href":"https:\/\/ste-valentine.ca\/fr\/wp-json\/wp\/v2\/media?parent=102"}],"curies":[{"name":"wp","href":"https:\/\/api.w.org\/{rel}","templated":true}]}}