{"id":20,"date":"2015-03-30T18:57:46","date_gmt":"2015-03-30T18:57:46","guid":{"rendered":"http:\/\/ste-valentine.ca\/?page_id=20"},"modified":"2015-03-30T18:58:32","modified_gmt":"2015-03-30T18:58:32","slug":"black-raspberries","status":"publish","type":"page","link":"https:\/\/ste-valentine.ca\/fr\/black-raspberries\/","title":{"rendered":"Framboises noires"},"content":{"rendered":"<p><a href=\"https:\/\/ste-valentine.ca\/wp-content\/uploads\/2015\/03\/black-raspberries-cane.jpg\"><img loading=\"lazy\" decoding=\"async\" class=\"alignleft size-full wp-image-21\" src=\"https:\/\/ste-valentine.ca\/wp-content\/uploads\/2015\/03\/black-raspberries-cane.jpg\" alt=\"black-raspberries-cane\" width=\"299\" height=\"276\" \/><\/a>Les framboises sont les bonbons de la nature. Les framboises \u00e0 pleine maturit\u00e9 ont une odeur plaisante, une saveur sucr\u00e9e et rafra\u00eechissante ainsi qu&rsquo;une texture juteuse. Afin de vous offrir des baies de la plus haute qualit\u00e9, nous cultivons nos fruits selon des techniques de cultivassions anciennes dans un sol manuellement entretenu.<\/p>\n<p>Les framboises noires sont les rois des baies en terme de b\u00e9n\u00e9fices pour la sant\u00e9. Une combinaison unique de phytonutriments dans les framboises noires aide \u00e0 diminuer les risques de maladies associ\u00e9es au stress oxydatif et \u00e0 l&rsquo;inflammation, et ce, environ trois fois plus que les autres baies. Vous pouvez trouver plus d&rsquo;information sur le sujet dans la section r\u00e9f\u00e9rence.<\/p>\n<p>Il y \u00e0 plusieurs b\u00e9n\u00e9fices pour la sant\u00e9 qui viennent avec la consommation des baies qui restent durant un cours laps de temps apr\u00e8s la cueillette, mangez les \u00e0 l&rsquo;int\u00e9rieur de 2 jours apr\u00e8s la date de la cueillette qui est imprim\u00e9e sur la bo\u00eete.<\/p>\n<p>La saison des framboises noires, est courte, elle dure de la fin juillet jusqu&rsquo;au d\u00e9but d&rsquo;ao\u00fbt, elle est sujette \u00e0 la temp\u00e9rature et les quantit\u00e9s sont limit\u00e9es.<\/p>\n<p>Des \u00e9tudes r\u00e9centes ont d\u00e9montr\u00e9 que les framboises organiques sont significativement plus riches en antioxydant que les framboises non organiques. Les plus grands b\u00e9n\u00e9fices en terme d&rsquo;antioxydants sont directement reli\u00e9s avec le m\u00fbrissement complet\u00a0de la baie.<\/p>\n<p>Les personnes qui mangent au moins 3 portions de framboises par semaine en voient les plus grands b\u00e9n\u00e9fices.<\/p>","protected":false},"excerpt":{"rendered":"<p>Les framboises sont les bonbons de la nature. Les framboises \u00e0 pleine maturit\u00e9 ont une odeur plaisante, une saveur sucr\u00e9e et rafra\u00eechissante ainsi qu&rsquo;une texture&#8230;<\/p>\n<div class=\"more-link-wrapper\"><a class=\"more-link\" href=\"https:\/\/ste-valentine.ca\/fr\/black-raspberries\/\">Continue reading<span class=\"screen-reader-text\">Framboises noires<\/span><\/a><\/div>\n","protected":false},"author":1,"featured_media":0,"parent":0,"menu_order":0,"comment_status":"closed","ping_status":"closed","template":"","meta":{"footnotes":""},"class_list":["post-20","page","type-page","status-publish","hentry","entry"],"yoast_head":"<!-- This site is optimized with the Yoast SEO plugin v25.1 - https:\/\/yoast.com\/wordpress\/plugins\/seo\/ -->\n<title>Framboises noires - ste-valentine<\/title>\n<meta name=\"robots\" content=\"noindex, follow, max-snippet:-1, max-image-preview:large, max-video-preview:-1\" \/>\n<meta property=\"og:locale\" content=\"fr_FR\" \/>\n<meta property=\"og:type\" content=\"article\" \/>\n<meta property=\"og:title\" content=\"[:en]Black Raspberries[:fr]Framboises noires[:] - ste-valentine\" \/>\n<meta property=\"og:description\" content=\"Les framboises sont les bonbons de la nature. Les framboises \u00e0 pleine maturit\u00e9 ont une odeur plaisante, une saveur sucr\u00e9e et rafra\u00eechissante ainsi qu&rsquo;une texture&#8230;\" \/>\n<meta property=\"og:url\" content=\"https:\/\/ste-valentine.ca\/black-raspberries\/\" \/>\n<meta property=\"og:site_name\" content=\"ste-valentine\" \/>\n<meta property=\"article:modified_time\" content=\"2015-03-30T18:58:32+00:00\" \/>\n<meta property=\"og:image\" content=\"https:\/\/ste-valentine.ca\/wp-content\/uploads\/2015\/03\/black-raspberries-cane.jpg\" \/>\n<meta name=\"twitter:card\" content=\"summary_large_image\" \/>\n<meta name=\"twitter:label1\" content=\"Dur\u00e9e de lecture estim\u00e9e\" \/>\n\t<meta name=\"twitter:data1\" content=\"2 minutes\" \/>\n<script type=\"application\/ld+json\" class=\"yoast-schema-graph\">{\"@context\":\"https:\/\/schema.org\",\"@graph\":[{\"@type\":\"WebPage\",\"@id\":\"https:\/\/ste-valentine.ca\/black-raspberries\/\",\"url\":\"https:\/\/ste-valentine.ca\/black-raspberries\/\",\"name\":\"[:en]Black Raspberries[:fr]Framboises noires[:] - ste-valentine\",\"isPartOf\":{\"@id\":\"https:\/\/ste-valentine.ca\/#website\"},\"primaryImageOfPage\":{\"@id\":\"https:\/\/ste-valentine.ca\/black-raspberries\/#primaryimage\"},\"image\":{\"@id\":\"https:\/\/ste-valentine.ca\/black-raspberries\/#primaryimage\"},\"thumbnailUrl\":\"https:\/\/ste-valentine.ca\/wp-content\/uploads\/2015\/03\/black-raspberries-cane.jpg\",\"datePublished\":\"2015-03-30T18:57:46+00:00\",\"dateModified\":\"2015-03-30T18:58:32+00:00\",\"breadcrumb\":{\"@id\":\"https:\/\/ste-valentine.ca\/black-raspberries\/#breadcrumb\"},\"inLanguage\":\"fr-FR\",\"potentialAction\":[{\"@type\":\"ReadAction\",\"target\":[\"https:\/\/ste-valentine.ca\/black-raspberries\/\"]}]},{\"@type\":\"ImageObject\",\"inLanguage\":\"fr-FR\",\"@id\":\"https:\/\/ste-valentine.ca\/black-raspberries\/#primaryimage\",\"url\":\"https:\/\/ste-valentine.ca\/wp-content\/uploads\/2015\/03\/black-raspberries-cane.jpg\",\"contentUrl\":\"https:\/\/ste-valentine.ca\/wp-content\/uploads\/2015\/03\/black-raspberries-cane.jpg\"},{\"@type\":\"BreadcrumbList\",\"@id\":\"https:\/\/ste-valentine.ca\/black-raspberries\/#breadcrumb\",\"itemListElement\":[{\"@type\":\"ListItem\",\"position\":1,\"name\":\"Home\",\"item\":\"https:\/\/ste-valentine.ca\/\"},{\"@type\":\"ListItem\",\"position\":2,\"name\":\"Black Raspberries\"}]},{\"@type\":\"WebSite\",\"@id\":\"https:\/\/ste-valentine.ca\/#website\",\"url\":\"https:\/\/ste-valentine.ca\/\",\"name\":\"ste-valentine\",\"description\":\"\",\"potentialAction\":[{\"@type\":\"SearchAction\",\"target\":{\"@type\":\"EntryPoint\",\"urlTemplate\":\"https:\/\/ste-valentine.ca\/?s={search_term_string}\"},\"query-input\":{\"@type\":\"PropertyValueSpecification\",\"valueRequired\":true,\"valueName\":\"search_term_string\"}}],\"inLanguage\":\"fr-FR\"}]}<\/script>\n<!-- \/ Yoast SEO plugin. -->","yoast_head_json":{"title":"[:en]Black Raspberries[:fr]Framboises noires[:] - ste-valentine","robots":{"index":"noindex","follow":"follow","max-snippet":"max-snippet:-1","max-image-preview":"max-image-preview:large","max-video-preview":"max-video-preview:-1"},"og_locale":"fr_FR","og_type":"article","og_title":"[:en]Black Raspberries[:fr]Framboises noires[:] - ste-valentine","og_description":"Les framboises sont les bonbons de la nature. Les framboises \u00e0 pleine maturit\u00e9 ont une odeur plaisante, une saveur sucr\u00e9e et rafra\u00eechissante ainsi qu&rsquo;une texture&#8230;","og_url":"https:\/\/ste-valentine.ca\/black-raspberries\/","og_site_name":"ste-valentine","article_modified_time":"2015-03-30T18:58:32+00:00","og_image":[{"url":"https:\/\/ste-valentine.ca\/wp-content\/uploads\/2015\/03\/black-raspberries-cane.jpg","type":"","width":"","height":""}],"twitter_card":"summary_large_image","twitter_misc":{"Dur\u00e9e de lecture estim\u00e9e":"2 minutes"},"schema":{"@context":"https:\/\/schema.org","@graph":[{"@type":"WebPage","@id":"https:\/\/ste-valentine.ca\/black-raspberries\/","url":"https:\/\/ste-valentine.ca\/black-raspberries\/","name":"[:en]Black Raspberries[:fr]Framboises noires[:] - ste-valentine","isPartOf":{"@id":"https:\/\/ste-valentine.ca\/#website"},"primaryImageOfPage":{"@id":"https:\/\/ste-valentine.ca\/black-raspberries\/#primaryimage"},"image":{"@id":"https:\/\/ste-valentine.ca\/black-raspberries\/#primaryimage"},"thumbnailUrl":"https:\/\/ste-valentine.ca\/wp-content\/uploads\/2015\/03\/black-raspberries-cane.jpg","datePublished":"2015-03-30T18:57:46+00:00","dateModified":"2015-03-30T18:58:32+00:00","breadcrumb":{"@id":"https:\/\/ste-valentine.ca\/black-raspberries\/#breadcrumb"},"inLanguage":"fr-FR","potentialAction":[{"@type":"ReadAction","target":["https:\/\/ste-valentine.ca\/black-raspberries\/"]}]},{"@type":"ImageObject","inLanguage":"fr-FR","@id":"https:\/\/ste-valentine.ca\/black-raspberries\/#primaryimage","url":"https:\/\/ste-valentine.ca\/wp-content\/uploads\/2015\/03\/black-raspberries-cane.jpg","contentUrl":"https:\/\/ste-valentine.ca\/wp-content\/uploads\/2015\/03\/black-raspberries-cane.jpg"},{"@type":"BreadcrumbList","@id":"https:\/\/ste-valentine.ca\/black-raspberries\/#breadcrumb","itemListElement":[{"@type":"ListItem","position":1,"name":"Home","item":"https:\/\/ste-valentine.ca\/"},{"@type":"ListItem","position":2,"name":"Black Raspberries"}]},{"@type":"WebSite","@id":"https:\/\/ste-valentine.ca\/#website","url":"https:\/\/ste-valentine.ca\/","name":"ste-valentine","description":"","potentialAction":[{"@type":"SearchAction","target":{"@type":"EntryPoint","urlTemplate":"https:\/\/ste-valentine.ca\/?s={search_term_string}"},"query-input":{"@type":"PropertyValueSpecification","valueRequired":true,"valueName":"search_term_string"}}],"inLanguage":"fr-FR"}]}},"_links":{"self":[{"href":"https:\/\/ste-valentine.ca\/fr\/wp-json\/wp\/v2\/pages\/20","targetHints":{"allow":["GET"]}}],"collection":[{"href":"https:\/\/ste-valentine.ca\/fr\/wp-json\/wp\/v2\/pages"}],"about":[{"href":"https:\/\/ste-valentine.ca\/fr\/wp-json\/wp\/v2\/types\/page"}],"author":[{"embeddable":true,"href":"https:\/\/ste-valentine.ca\/fr\/wp-json\/wp\/v2\/users\/1"}],"replies":[{"embeddable":true,"href":"https:\/\/ste-valentine.ca\/fr\/wp-json\/wp\/v2\/comments?post=20"}],"version-history":[{"count":2,"href":"https:\/\/ste-valentine.ca\/fr\/wp-json\/wp\/v2\/pages\/20\/revisions"}],"predecessor-version":[{"id":24,"href":"https:\/\/ste-valentine.ca\/fr\/wp-json\/wp\/v2\/pages\/20\/revisions\/24"}],"wp:attachment":[{"href":"https:\/\/ste-valentine.ca\/fr\/wp-json\/wp\/v2\/media?parent=20"}],"curies":[{"name":"wp","href":"https:\/\/api.w.org\/{rel}","templated":true}]}}