{"id":25,"date":"2015-03-30T19:00:51","date_gmt":"2015-03-30T19:00:51","guid":{"rendered":"http:\/\/ste-valentine.ca\/?page_id=25"},"modified":"2015-03-30T19:01:47","modified_gmt":"2015-03-30T19:01:47","slug":"yellow-raspberries","status":"publish","type":"page","link":"https:\/\/ste-valentine.ca\/fr\/yellow-raspberries\/","title":{"rendered":"Framboises Jaunes"},"content":{"rendered":"<p><a href=\"https:\/\/ste-valentine.ca\/wp-content\/uploads\/2015\/03\/Yellow_Raspberry_cane.jpg\"><img loading=\"lazy\" decoding=\"async\" class=\"alignleft size-medium wp-image-26\" src=\"https:\/\/ste-valentine.ca\/wp-content\/uploads\/2015\/03\/Yellow_Raspberry_cane-227x300.jpg\" alt=\"Yellow_Raspberry_cane\" width=\"227\" height=\"300\" \/><\/a>Les framboises sont les bonbons de la nature. Les framboises \u00e0 pleine maturit\u00e9 ont une odeur plaisante, une saveur sucr\u00e9e et rafra\u00eechissante ainsi qu&rsquo;une texture juteuse. Afin de vous offrir des baies de la plus haute qualit\u00e9, nous cultivons nos fruits selon des techniques de cultivassions anciennes dans un sol manuellement entretenu.<\/p>\n<p>Les framboises jaunes sont les rois du go\u00fbt parmi les framboises.<\/p>\n<p>Les framboises procurent beaucoup de b\u00e9n\u00e9fices pour la sant\u00e9. Une combinaison unique de phytonutriments dans les framboises jaunes aide \u00e0 diminuer les risques de maladies associ\u00e9es au stress oxydatif et \u00e0 l&rsquo;inflammation. Vous pouvez trouver plus d&rsquo;information sur le sujet dans la section r\u00e9f\u00e9rence.<\/p>\n<p>La saison des framboises noires, est courte, elle dure de la fin ao\u00fbt jusqu&rsquo;au d\u00e9but septembre, elle est sujette \u00e0 la temp\u00e9rature et les quantit\u00e9s sont limit\u00e9es.<\/p>\n<p>Les baies sont fragiles et ont une courte dur\u00e9e de vie apr\u00e8s la cueillette, mangez les \u00e0 l&rsquo;int\u00e9rieure de deux jours apr\u00e8s la date de la cueillette qui est \u00e9crite sur la bo\u00eete.<\/p>\n<p>Des \u00e9tudes r\u00e9centes ont d\u00e9montr\u00e9 que les framboises organiques sont significativement plus riches en antioxydant que les framboises non organiques. Les plus grands b\u00e9n\u00e9fices en terme d&rsquo;antioxydants sont directement reli\u00e9s avec le m\u00fbrissement complet de la baie.<\/p>\n<p>Les personnes qui mangent au moins 3 portions de framboises par semaine en voient les plus grands b\u00e9n\u00e9fices.<\/p>","protected":false},"excerpt":{"rendered":"<p>Les framboises sont les bonbons de la nature. Les framboises \u00e0 pleine maturit\u00e9 ont une odeur plaisante, une saveur sucr\u00e9e et rafra\u00eechissante ainsi qu&rsquo;une texture&#8230;<\/p>\n<div class=\"more-link-wrapper\"><a class=\"more-link\" href=\"https:\/\/ste-valentine.ca\/fr\/yellow-raspberries\/\">Continue reading<span class=\"screen-reader-text\">Framboises Jaunes<\/span><\/a><\/div>\n","protected":false},"author":1,"featured_media":0,"parent":0,"menu_order":0,"comment_status":"closed","ping_status":"closed","template":"","meta":{"footnotes":""},"class_list":["post-25","page","type-page","status-publish","hentry","entry"],"yoast_head":"<!-- This site is optimized with the Yoast SEO plugin v25.1 - https:\/\/yoast.com\/wordpress\/plugins\/seo\/ -->\n<title>Framboises Jaunes - ste-valentine<\/title>\n<meta name=\"robots\" content=\"noindex, follow, max-snippet:-1, max-image-preview:large, max-video-preview:-1\" \/>\n<meta property=\"og:locale\" content=\"fr_FR\" \/>\n<meta property=\"og:type\" content=\"article\" \/>\n<meta property=\"og:title\" content=\"[:en]Yellow Raspberries[:fr]Framboises Jaunes[:] - ste-valentine\" \/>\n<meta property=\"og:description\" content=\"Les framboises sont les bonbons de la nature. Les framboises \u00e0 pleine maturit\u00e9 ont une odeur plaisante, une saveur sucr\u00e9e et rafra\u00eechissante ainsi qu&rsquo;une texture&#8230;\" \/>\n<meta property=\"og:url\" content=\"https:\/\/ste-valentine.ca\/yellow-raspberries\/\" \/>\n<meta property=\"og:site_name\" content=\"ste-valentine\" \/>\n<meta property=\"article:modified_time\" content=\"2015-03-30T19:01:47+00:00\" \/>\n<meta property=\"og:image\" content=\"https:\/\/ste-valentine.ca\/wp-content\/uploads\/2015\/03\/Yellow_Raspberry_cane-227x300.jpg\" \/>\n<meta name=\"twitter:card\" content=\"summary_large_image\" \/>\n<meta name=\"twitter:label1\" content=\"Dur\u00e9e de lecture estim\u00e9e\" \/>\n\t<meta name=\"twitter:data1\" content=\"2 minutes\" \/>\n<script type=\"application\/ld+json\" class=\"yoast-schema-graph\">{\"@context\":\"https:\/\/schema.org\",\"@graph\":[{\"@type\":\"WebPage\",\"@id\":\"https:\/\/ste-valentine.ca\/yellow-raspberries\/\",\"url\":\"https:\/\/ste-valentine.ca\/yellow-raspberries\/\",\"name\":\"[:en]Yellow Raspberries[:fr]Framboises Jaunes[:] - ste-valentine\",\"isPartOf\":{\"@id\":\"https:\/\/ste-valentine.ca\/#website\"},\"primaryImageOfPage\":{\"@id\":\"https:\/\/ste-valentine.ca\/yellow-raspberries\/#primaryimage\"},\"image\":{\"@id\":\"https:\/\/ste-valentine.ca\/yellow-raspberries\/#primaryimage\"},\"thumbnailUrl\":\"https:\/\/ste-valentine.ca\/wp-content\/uploads\/2015\/03\/Yellow_Raspberry_cane-227x300.jpg\",\"datePublished\":\"2015-03-30T19:00:51+00:00\",\"dateModified\":\"2015-03-30T19:01:47+00:00\",\"breadcrumb\":{\"@id\":\"https:\/\/ste-valentine.ca\/yellow-raspberries\/#breadcrumb\"},\"inLanguage\":\"fr-FR\",\"potentialAction\":[{\"@type\":\"ReadAction\",\"target\":[\"https:\/\/ste-valentine.ca\/yellow-raspberries\/\"]}]},{\"@type\":\"ImageObject\",\"inLanguage\":\"fr-FR\",\"@id\":\"https:\/\/ste-valentine.ca\/yellow-raspberries\/#primaryimage\",\"url\":\"https:\/\/ste-valentine.ca\/wp-content\/uploads\/2015\/03\/Yellow_Raspberry_cane-227x300.jpg\",\"contentUrl\":\"https:\/\/ste-valentine.ca\/wp-content\/uploads\/2015\/03\/Yellow_Raspberry_cane-227x300.jpg\"},{\"@type\":\"BreadcrumbList\",\"@id\":\"https:\/\/ste-valentine.ca\/yellow-raspberries\/#breadcrumb\",\"itemListElement\":[{\"@type\":\"ListItem\",\"position\":1,\"name\":\"Home\",\"item\":\"https:\/\/ste-valentine.ca\/\"},{\"@type\":\"ListItem\",\"position\":2,\"name\":\"Yellow Raspberries\"}]},{\"@type\":\"WebSite\",\"@id\":\"https:\/\/ste-valentine.ca\/#website\",\"url\":\"https:\/\/ste-valentine.ca\/\",\"name\":\"ste-valentine\",\"description\":\"\",\"potentialAction\":[{\"@type\":\"SearchAction\",\"target\":{\"@type\":\"EntryPoint\",\"urlTemplate\":\"https:\/\/ste-valentine.ca\/?s={search_term_string}\"},\"query-input\":{\"@type\":\"PropertyValueSpecification\",\"valueRequired\":true,\"valueName\":\"search_term_string\"}}],\"inLanguage\":\"fr-FR\"}]}<\/script>\n<!-- \/ Yoast SEO plugin. -->","yoast_head_json":{"title":"[:en]Yellow Raspberries[:fr]Framboises Jaunes[:] - ste-valentine","robots":{"index":"noindex","follow":"follow","max-snippet":"max-snippet:-1","max-image-preview":"max-image-preview:large","max-video-preview":"max-video-preview:-1"},"og_locale":"fr_FR","og_type":"article","og_title":"[:en]Yellow Raspberries[:fr]Framboises Jaunes[:] - ste-valentine","og_description":"Les framboises sont les bonbons de la nature. Les framboises \u00e0 pleine maturit\u00e9 ont une odeur plaisante, une saveur sucr\u00e9e et rafra\u00eechissante ainsi qu&rsquo;une texture&#8230;","og_url":"https:\/\/ste-valentine.ca\/yellow-raspberries\/","og_site_name":"ste-valentine","article_modified_time":"2015-03-30T19:01:47+00:00","og_image":[{"url":"https:\/\/ste-valentine.ca\/wp-content\/uploads\/2015\/03\/Yellow_Raspberry_cane-227x300.jpg","type":"","width":"","height":""}],"twitter_card":"summary_large_image","twitter_misc":{"Dur\u00e9e de lecture estim\u00e9e":"2 minutes"},"schema":{"@context":"https:\/\/schema.org","@graph":[{"@type":"WebPage","@id":"https:\/\/ste-valentine.ca\/yellow-raspberries\/","url":"https:\/\/ste-valentine.ca\/yellow-raspberries\/","name":"[:en]Yellow Raspberries[:fr]Framboises Jaunes[:] - ste-valentine","isPartOf":{"@id":"https:\/\/ste-valentine.ca\/#website"},"primaryImageOfPage":{"@id":"https:\/\/ste-valentine.ca\/yellow-raspberries\/#primaryimage"},"image":{"@id":"https:\/\/ste-valentine.ca\/yellow-raspberries\/#primaryimage"},"thumbnailUrl":"https:\/\/ste-valentine.ca\/wp-content\/uploads\/2015\/03\/Yellow_Raspberry_cane-227x300.jpg","datePublished":"2015-03-30T19:00:51+00:00","dateModified":"2015-03-30T19:01:47+00:00","breadcrumb":{"@id":"https:\/\/ste-valentine.ca\/yellow-raspberries\/#breadcrumb"},"inLanguage":"fr-FR","potentialAction":[{"@type":"ReadAction","target":["https:\/\/ste-valentine.ca\/yellow-raspberries\/"]}]},{"@type":"ImageObject","inLanguage":"fr-FR","@id":"https:\/\/ste-valentine.ca\/yellow-raspberries\/#primaryimage","url":"https:\/\/ste-valentine.ca\/wp-content\/uploads\/2015\/03\/Yellow_Raspberry_cane-227x300.jpg","contentUrl":"https:\/\/ste-valentine.ca\/wp-content\/uploads\/2015\/03\/Yellow_Raspberry_cane-227x300.jpg"},{"@type":"BreadcrumbList","@id":"https:\/\/ste-valentine.ca\/yellow-raspberries\/#breadcrumb","itemListElement":[{"@type":"ListItem","position":1,"name":"Home","item":"https:\/\/ste-valentine.ca\/"},{"@type":"ListItem","position":2,"name":"Yellow Raspberries"}]},{"@type":"WebSite","@id":"https:\/\/ste-valentine.ca\/#website","url":"https:\/\/ste-valentine.ca\/","name":"ste-valentine","description":"","potentialAction":[{"@type":"SearchAction","target":{"@type":"EntryPoint","urlTemplate":"https:\/\/ste-valentine.ca\/?s={search_term_string}"},"query-input":{"@type":"PropertyValueSpecification","valueRequired":true,"valueName":"search_term_string"}}],"inLanguage":"fr-FR"}]}},"_links":{"self":[{"href":"https:\/\/ste-valentine.ca\/fr\/wp-json\/wp\/v2\/pages\/25","targetHints":{"allow":["GET"]}}],"collection":[{"href":"https:\/\/ste-valentine.ca\/fr\/wp-json\/wp\/v2\/pages"}],"about":[{"href":"https:\/\/ste-valentine.ca\/fr\/wp-json\/wp\/v2\/types\/page"}],"author":[{"embeddable":true,"href":"https:\/\/ste-valentine.ca\/fr\/wp-json\/wp\/v2\/users\/1"}],"replies":[{"embeddable":true,"href":"https:\/\/ste-valentine.ca\/fr\/wp-json\/wp\/v2\/comments?post=25"}],"version-history":[{"count":2,"href":"https:\/\/ste-valentine.ca\/fr\/wp-json\/wp\/v2\/pages\/25\/revisions"}],"predecessor-version":[{"id":29,"href":"https:\/\/ste-valentine.ca\/fr\/wp-json\/wp\/v2\/pages\/25\/revisions\/29"}],"wp:attachment":[{"href":"https:\/\/ste-valentine.ca\/fr\/wp-json\/wp\/v2\/media?parent=25"}],"curies":[{"name":"wp","href":"https:\/\/api.w.org\/{rel}","templated":true}]}}