{"id":30,"date":"2015-03-30T19:04:55","date_gmt":"2015-03-30T19:04:55","guid":{"rendered":"http:\/\/ste-valentine.ca\/?page_id=30"},"modified":"2015-03-30T19:11:14","modified_gmt":"2015-03-30T19:11:14","slug":"blueberries","status":"publish","type":"page","link":"https:\/\/ste-valentine.ca\/fr\/blueberries\/","title":{"rendered":"Bleuets"},"content":{"rendered":"<p><a href=\"https:\/\/ste-valentine.ca\/wp-content\/uploads\/2015\/03\/blueberries-cluster.jpg\"><img loading=\"lazy\" decoding=\"async\" class=\"alignleft size-medium wp-image-33\" src=\"https:\/\/ste-valentine.ca\/wp-content\/uploads\/2015\/03\/blueberries-cluster-300x259.jpg\" alt=\"blueberries-cluster\" width=\"300\" height=\"259\" srcset=\"https:\/\/ste-valentine.ca\/wp-content\/uploads\/2015\/03\/blueberries-cluster-300x259.jpg 300w, https:\/\/ste-valentine.ca\/wp-content\/uploads\/2015\/03\/blueberries-cluster.jpg 400w\" sizes=\"auto, (max-width: 300px) 100vw, 300px\" \/><\/a>Les bleuets sont d\u00e9licieusement sucr\u00e9s et juteux et sont meilleurs lorsqu&rsquo;ils sont mang\u00e9s \u00e0 la temp\u00e9rature ambiante. Sortez-les de votre r\u00e9frig\u00e9rateur et lavez-les dans de l&rsquo;eau \u00e0 la temp\u00e9rature ambiante avant de les manger. Les bleuets \u00e0 pleine maturit\u00e9 ont une saveur d\u00e9licate, l\u00e9g\u00e8re et sucr\u00e9e ainsi qu&rsquo;une fermet\u00e9 juteuse. Afin de vous offrir des baies de la plus haute qualit\u00e9, nous cultivons nos fruits selon des techniques de cultivassions anciennes dans un sol manuellement entretenu.<br \/>\nLes bleuets vous offrent des b\u00e9n\u00e9fices pour la sant\u00e9 uniques. C&rsquo;est l&rsquo;un des fruits avec le plus haut taux d&rsquo;antioxydant. Les agents photochimiques contenus dans les bleuets aident votre corps \u00e0 combattre les effets n\u00e9fastes des radicaux libres qui proviennent de l&rsquo;oxyg\u00e8ne, ce qui vous prot\u00e8ge d&rsquo;une multitude de conditions comme le cancer, le vieillissement, les infections et les maladies d\u00e9g\u00e9n\u00e9ratives. Traditionnellement, les bleuets font partie de la culture alimentaire des Am\u00e9rindiens. Vous pouvez trouver plus d&rsquo;information \u00e0 ce sujet dans la section r\u00e9f\u00e9rence.<br \/>\nNous avons plusieurs vari\u00e9t\u00e9s de bleuets ; la saison s&rsquo;\u00e9tend de la mi-juillet jusqu&rsquo;\u00e0 la mi-ao\u00fbt et est sujette \u00e0 la temp\u00e9rature.<br \/>\nUn go\u00fbt d\u00e9licieux, une odeur plaisante et le plus haut taux d&rsquo;antioxydants sont associ\u00e9s avec le m\u00fbrissement complet des bleuets, ce qui arrive quelques jours apr\u00e8s qu&rsquo;ils deviennent bleus.<br \/>\nLes personnes qui mangent au moins 3 portions de bleuets par semaine en voient les plus grands b\u00e9n\u00e9fices.<\/p>","protected":false},"excerpt":{"rendered":"<p>Les bleuets sont d\u00e9licieusement sucr\u00e9s et juteux et sont meilleurs lorsqu&rsquo;ils sont mang\u00e9s \u00e0 la temp\u00e9rature ambiante. Sortez-les de votre r\u00e9frig\u00e9rateur et lavez-les dans de&#8230;<\/p>\n<div class=\"more-link-wrapper\"><a class=\"more-link\" href=\"https:\/\/ste-valentine.ca\/fr\/blueberries\/\">Continue reading<span class=\"screen-reader-text\">Bleuets<\/span><\/a><\/div>\n","protected":false},"author":1,"featured_media":0,"parent":0,"menu_order":0,"comment_status":"closed","ping_status":"closed","template":"","meta":{"footnotes":""},"class_list":["post-30","page","type-page","status-publish","hentry","entry"],"yoast_head":"<!-- This site is optimized with the Yoast SEO plugin v25.1 - https:\/\/yoast.com\/wordpress\/plugins\/seo\/ -->\n<title>Bleuets - ste-valentine<\/title>\n<meta name=\"robots\" content=\"noindex, follow, max-snippet:-1, max-image-preview:large, max-video-preview:-1\" \/>\n<meta property=\"og:locale\" content=\"fr_FR\" \/>\n<meta property=\"og:type\" content=\"article\" \/>\n<meta property=\"og:title\" content=\"[:en]Blueberries[:fr]Bleuets[:] - ste-valentine\" \/>\n<meta property=\"og:description\" content=\"Les bleuets sont d\u00e9licieusement sucr\u00e9s et juteux et sont meilleurs lorsqu&rsquo;ils sont mang\u00e9s \u00e0 la temp\u00e9rature ambiante. Sortez-les de votre r\u00e9frig\u00e9rateur et lavez-les dans de&#8230;\" \/>\n<meta property=\"og:url\" content=\"https:\/\/ste-valentine.ca\/blueberries\/\" \/>\n<meta property=\"og:site_name\" content=\"ste-valentine\" \/>\n<meta property=\"article:modified_time\" content=\"2015-03-30T19:11:14+00:00\" \/>\n<meta property=\"og:image\" content=\"https:\/\/ste-valentine.ca\/wp-content\/uploads\/2015\/03\/blueberries-cluster-300x259.jpg\" \/>\n<meta name=\"twitter:card\" content=\"summary_large_image\" \/>\n<meta name=\"twitter:label1\" content=\"Dur\u00e9e de lecture estim\u00e9e\" \/>\n\t<meta name=\"twitter:data1\" content=\"2 minutes\" \/>\n<script type=\"application\/ld+json\" class=\"yoast-schema-graph\">{\"@context\":\"https:\/\/schema.org\",\"@graph\":[{\"@type\":\"WebPage\",\"@id\":\"https:\/\/ste-valentine.ca\/blueberries\/\",\"url\":\"https:\/\/ste-valentine.ca\/blueberries\/\",\"name\":\"[:en]Blueberries[:fr]Bleuets[:] - ste-valentine\",\"isPartOf\":{\"@id\":\"https:\/\/ste-valentine.ca\/#website\"},\"primaryImageOfPage\":{\"@id\":\"https:\/\/ste-valentine.ca\/blueberries\/#primaryimage\"},\"image\":{\"@id\":\"https:\/\/ste-valentine.ca\/blueberries\/#primaryimage\"},\"thumbnailUrl\":\"https:\/\/ste-valentine.ca\/wp-content\/uploads\/2015\/03\/blueberries-cluster-300x259.jpg\",\"datePublished\":\"2015-03-30T19:04:55+00:00\",\"dateModified\":\"2015-03-30T19:11:14+00:00\",\"breadcrumb\":{\"@id\":\"https:\/\/ste-valentine.ca\/blueberries\/#breadcrumb\"},\"inLanguage\":\"fr-FR\",\"potentialAction\":[{\"@type\":\"ReadAction\",\"target\":[\"https:\/\/ste-valentine.ca\/blueberries\/\"]}]},{\"@type\":\"ImageObject\",\"inLanguage\":\"fr-FR\",\"@id\":\"https:\/\/ste-valentine.ca\/blueberries\/#primaryimage\",\"url\":\"https:\/\/ste-valentine.ca\/wp-content\/uploads\/2015\/03\/blueberries-cluster-300x259.jpg\",\"contentUrl\":\"https:\/\/ste-valentine.ca\/wp-content\/uploads\/2015\/03\/blueberries-cluster-300x259.jpg\"},{\"@type\":\"BreadcrumbList\",\"@id\":\"https:\/\/ste-valentine.ca\/blueberries\/#breadcrumb\",\"itemListElement\":[{\"@type\":\"ListItem\",\"position\":1,\"name\":\"Home\",\"item\":\"https:\/\/ste-valentine.ca\/\"},{\"@type\":\"ListItem\",\"position\":2,\"name\":\"Blueberries\"}]},{\"@type\":\"WebSite\",\"@id\":\"https:\/\/ste-valentine.ca\/#website\",\"url\":\"https:\/\/ste-valentine.ca\/\",\"name\":\"ste-valentine\",\"description\":\"\",\"potentialAction\":[{\"@type\":\"SearchAction\",\"target\":{\"@type\":\"EntryPoint\",\"urlTemplate\":\"https:\/\/ste-valentine.ca\/?s={search_term_string}\"},\"query-input\":{\"@type\":\"PropertyValueSpecification\",\"valueRequired\":true,\"valueName\":\"search_term_string\"}}],\"inLanguage\":\"fr-FR\"}]}<\/script>\n<!-- \/ Yoast SEO plugin. -->","yoast_head_json":{"title":"[:en]Blueberries[:fr]Bleuets[:] - ste-valentine","robots":{"index":"noindex","follow":"follow","max-snippet":"max-snippet:-1","max-image-preview":"max-image-preview:large","max-video-preview":"max-video-preview:-1"},"og_locale":"fr_FR","og_type":"article","og_title":"[:en]Blueberries[:fr]Bleuets[:] - ste-valentine","og_description":"Les bleuets sont d\u00e9licieusement sucr\u00e9s et juteux et sont meilleurs lorsqu&rsquo;ils sont mang\u00e9s \u00e0 la temp\u00e9rature ambiante. Sortez-les de votre r\u00e9frig\u00e9rateur et lavez-les dans de&#8230;","og_url":"https:\/\/ste-valentine.ca\/blueberries\/","og_site_name":"ste-valentine","article_modified_time":"2015-03-30T19:11:14+00:00","og_image":[{"url":"https:\/\/ste-valentine.ca\/wp-content\/uploads\/2015\/03\/blueberries-cluster-300x259.jpg","type":"","width":"","height":""}],"twitter_card":"summary_large_image","twitter_misc":{"Dur\u00e9e de lecture estim\u00e9e":"2 minutes"},"schema":{"@context":"https:\/\/schema.org","@graph":[{"@type":"WebPage","@id":"https:\/\/ste-valentine.ca\/blueberries\/","url":"https:\/\/ste-valentine.ca\/blueberries\/","name":"[:en]Blueberries[:fr]Bleuets[:] - ste-valentine","isPartOf":{"@id":"https:\/\/ste-valentine.ca\/#website"},"primaryImageOfPage":{"@id":"https:\/\/ste-valentine.ca\/blueberries\/#primaryimage"},"image":{"@id":"https:\/\/ste-valentine.ca\/blueberries\/#primaryimage"},"thumbnailUrl":"https:\/\/ste-valentine.ca\/wp-content\/uploads\/2015\/03\/blueberries-cluster-300x259.jpg","datePublished":"2015-03-30T19:04:55+00:00","dateModified":"2015-03-30T19:11:14+00:00","breadcrumb":{"@id":"https:\/\/ste-valentine.ca\/blueberries\/#breadcrumb"},"inLanguage":"fr-FR","potentialAction":[{"@type":"ReadAction","target":["https:\/\/ste-valentine.ca\/blueberries\/"]}]},{"@type":"ImageObject","inLanguage":"fr-FR","@id":"https:\/\/ste-valentine.ca\/blueberries\/#primaryimage","url":"https:\/\/ste-valentine.ca\/wp-content\/uploads\/2015\/03\/blueberries-cluster-300x259.jpg","contentUrl":"https:\/\/ste-valentine.ca\/wp-content\/uploads\/2015\/03\/blueberries-cluster-300x259.jpg"},{"@type":"BreadcrumbList","@id":"https:\/\/ste-valentine.ca\/blueberries\/#breadcrumb","itemListElement":[{"@type":"ListItem","position":1,"name":"Home","item":"https:\/\/ste-valentine.ca\/"},{"@type":"ListItem","position":2,"name":"Blueberries"}]},{"@type":"WebSite","@id":"https:\/\/ste-valentine.ca\/#website","url":"https:\/\/ste-valentine.ca\/","name":"ste-valentine","description":"","potentialAction":[{"@type":"SearchAction","target":{"@type":"EntryPoint","urlTemplate":"https:\/\/ste-valentine.ca\/?s={search_term_string}"},"query-input":{"@type":"PropertyValueSpecification","valueRequired":true,"valueName":"search_term_string"}}],"inLanguage":"fr-FR"}]}},"_links":{"self":[{"href":"https:\/\/ste-valentine.ca\/fr\/wp-json\/wp\/v2\/pages\/30","targetHints":{"allow":["GET"]}}],"collection":[{"href":"https:\/\/ste-valentine.ca\/fr\/wp-json\/wp\/v2\/pages"}],"about":[{"href":"https:\/\/ste-valentine.ca\/fr\/wp-json\/wp\/v2\/types\/page"}],"author":[{"embeddable":true,"href":"https:\/\/ste-valentine.ca\/fr\/wp-json\/wp\/v2\/users\/1"}],"replies":[{"embeddable":true,"href":"https:\/\/ste-valentine.ca\/fr\/wp-json\/wp\/v2\/comments?post=30"}],"version-history":[{"count":2,"href":"https:\/\/ste-valentine.ca\/fr\/wp-json\/wp\/v2\/pages\/30\/revisions"}],"predecessor-version":[{"id":34,"href":"https:\/\/ste-valentine.ca\/fr\/wp-json\/wp\/v2\/pages\/30\/revisions\/34"}],"wp:attachment":[{"href":"https:\/\/ste-valentine.ca\/fr\/wp-json\/wp\/v2\/media?parent=30"}],"curies":[{"name":"wp","href":"https:\/\/api.w.org\/{rel}","templated":true}]}}