{"id":35,"date":"2015-03-30T19:13:16","date_gmt":"2015-03-30T19:13:16","guid":{"rendered":"http:\/\/ste-valentine.ca\/?page_id=35"},"modified":"2015-03-30T19:16:47","modified_gmt":"2015-03-30T19:16:47","slug":"black-currant","status":"publish","type":"page","link":"https:\/\/ste-valentine.ca\/fr\/black-currant\/","title":{"rendered":"Cassis"},"content":{"rendered":"<p><a href=\"https:\/\/ste-valentine.ca\/wp-content\/uploads\/2015\/03\/Black_currant.jpg\"><img loading=\"lazy\" decoding=\"async\" class=\"alignleft size-medium wp-image-36\" src=\"https:\/\/ste-valentine.ca\/wp-content\/uploads\/2015\/03\/Black_currant-300x200.jpg\" alt=\"Black_currant\" width=\"300\" height=\"200\" srcset=\"https:\/\/ste-valentine.ca\/wp-content\/uploads\/2015\/03\/Black_currant-300x200.jpg 300w, https:\/\/ste-valentine.ca\/wp-content\/uploads\/2015\/03\/Black_currant.jpg 800w\" sizes=\"auto, (max-width: 300px) 100vw, 300px\" \/><\/a>Ce qui rend les cassis uniques, c&rsquo;est qu&rsquo;ils contiennent un taux de vitamine C \u00e0 poids \u00e9gal sup\u00e9rieur \u00e0 toutes les baies. En comparaison, ils contiennent 3 fois plus de vitamine C que les oranges.<br \/>\nLes cassis sont sucr\u00e9s ainsi qu&rsquo;acidul\u00e9s et ils compl\u00e9mentent tr\u00e8s bien le go\u00fbt des framboises rouges. Sortez les de votre r\u00e9frig\u00e9rateur et nettoyez les dans le l&rsquo;eau \u00e0 temp\u00e9rature ambiante avant de les manger. Les cassis m\u00fbrs ont une saveur d\u00e9licate, l\u00e9g\u00e8re et sucr\u00e9e ainsi qu&rsquo;une fermet\u00e9 juteuse. Afin de vous offrir des baies de la plus haute qualit\u00e9, nous cultivons nos fruits selon des techniques de cultivassions anciennes dans un sol manuellement entretenu.<br \/>\nLes cassis sont parmi les baies les plus saines. Elles sont plus riches en antioxydants que les m\u00fbres, les framboises et les aroniens. Les antioxydants et d&rsquo;autres agents phyto-chimiques contenus dans les cassis aident votre corps \u00e0 combattre les effets n\u00e9fastes des radicaux libres qui proviennent de l&rsquo;oxyg\u00e8ne, ce qui vous prot\u00e8ge d&rsquo;une multitude de conditions comme le cancer, le vieillissement, les infections et les maladies d\u00e9g\u00e9n\u00e9ratives. Vous pouvez trouver plus d&rsquo;information \u00e0 ce sujet dans la section r\u00e9f\u00e9rence.<br \/>\nLa saison de m\u00fbrissement, est courte: de fin juillet jusqu&rsquo;au d\u00e9but du mois d&rsquo;ao\u00fbt et elle est sujette \u00e0 la temp\u00e9rature.<br \/>\nUn go\u00fbt d\u00e9licieux, une odeur plaisante et le plus haut taux d&rsquo;antioxydants sont associ\u00e9s avec le m\u00fbrissement complet des cassis, lorsque leur texture devient ferme.<br \/>\nLes personnes qui mangent au moins deux portions de cassis par semaine voient le plus de b\u00e9n\u00e9fices pour la sant\u00e9. En raison de la tr\u00e8s courte saison, vous ne pouvez normalement en profiter que pendant 2 semaines par ann\u00e9e.<br \/>\nIl est dans la tradition des Europ\u00e9ens de l&rsquo;Est de pr\u00e9server des cassis pour l&rsquo;hiver en \u00e9tant la meilleure source de vitamine c qui ne n\u00e9cessite pas d&rsquo;\u00eatre chauff\u00e9 ou bouillit. De chauffer ou de bouillir le fruit en d\u00e9compose la majorit\u00e9 de la vitamine C. trouvez vos propres recettes afin d&rsquo;int\u00e9grer cette tradition \u00e0 votre style de vie.<\/p>","protected":false},"excerpt":{"rendered":"<p>Ce qui rend les cassis uniques, c&rsquo;est qu&rsquo;ils contiennent un taux de vitamine C \u00e0 poids \u00e9gal sup\u00e9rieur \u00e0 toutes les baies. En comparaison, ils&#8230;<\/p>\n<div class=\"more-link-wrapper\"><a class=\"more-link\" href=\"https:\/\/ste-valentine.ca\/fr\/black-currant\/\">Continue reading<span class=\"screen-reader-text\">Cassis<\/span><\/a><\/div>\n","protected":false},"author":1,"featured_media":0,"parent":0,"menu_order":0,"comment_status":"closed","ping_status":"closed","template":"","meta":{"footnotes":""},"class_list":["post-35","page","type-page","status-publish","hentry","entry"],"yoast_head":"<!-- This site is optimized with the Yoast SEO plugin v25.1 - https:\/\/yoast.com\/wordpress\/plugins\/seo\/ -->\n<title>Cassis - ste-valentine<\/title>\n<meta name=\"robots\" content=\"noindex, follow, max-snippet:-1, max-image-preview:large, max-video-preview:-1\" \/>\n<meta property=\"og:locale\" content=\"fr_FR\" \/>\n<meta property=\"og:type\" content=\"article\" \/>\n<meta property=\"og:title\" content=\"[:en]Black Currant[:fr]Cassis[:] - ste-valentine\" \/>\n<meta property=\"og:description\" content=\"Ce qui rend les cassis uniques, c&rsquo;est qu&rsquo;ils contiennent un taux de vitamine C \u00e0 poids \u00e9gal sup\u00e9rieur \u00e0 toutes les baies. En comparaison, ils&#8230;\" \/>\n<meta property=\"og:url\" content=\"https:\/\/ste-valentine.ca\/black-currant\/\" \/>\n<meta property=\"og:site_name\" content=\"ste-valentine\" \/>\n<meta property=\"article:modified_time\" content=\"2015-03-30T19:16:47+00:00\" \/>\n<meta property=\"og:image\" content=\"https:\/\/ste-valentine.ca\/wp-content\/uploads\/2015\/03\/Black_currant-300x200.jpg\" \/>\n<meta name=\"twitter:card\" content=\"summary_large_image\" \/>\n<meta name=\"twitter:label1\" content=\"Dur\u00e9e de lecture estim\u00e9e\" \/>\n\t<meta name=\"twitter:data1\" content=\"3 minutes\" \/>\n<script type=\"application\/ld+json\" class=\"yoast-schema-graph\">{\"@context\":\"https:\/\/schema.org\",\"@graph\":[{\"@type\":\"WebPage\",\"@id\":\"https:\/\/ste-valentine.ca\/black-currant\/\",\"url\":\"https:\/\/ste-valentine.ca\/black-currant\/\",\"name\":\"[:en]Black Currant[:fr]Cassis[:] - ste-valentine\",\"isPartOf\":{\"@id\":\"https:\/\/ste-valentine.ca\/#website\"},\"primaryImageOfPage\":{\"@id\":\"https:\/\/ste-valentine.ca\/black-currant\/#primaryimage\"},\"image\":{\"@id\":\"https:\/\/ste-valentine.ca\/black-currant\/#primaryimage\"},\"thumbnailUrl\":\"https:\/\/ste-valentine.ca\/wp-content\/uploads\/2015\/03\/Black_currant-300x200.jpg\",\"datePublished\":\"2015-03-30T19:13:16+00:00\",\"dateModified\":\"2015-03-30T19:16:47+00:00\",\"breadcrumb\":{\"@id\":\"https:\/\/ste-valentine.ca\/black-currant\/#breadcrumb\"},\"inLanguage\":\"fr-FR\",\"potentialAction\":[{\"@type\":\"ReadAction\",\"target\":[\"https:\/\/ste-valentine.ca\/black-currant\/\"]}]},{\"@type\":\"ImageObject\",\"inLanguage\":\"fr-FR\",\"@id\":\"https:\/\/ste-valentine.ca\/black-currant\/#primaryimage\",\"url\":\"https:\/\/ste-valentine.ca\/wp-content\/uploads\/2015\/03\/Black_currant-300x200.jpg\",\"contentUrl\":\"https:\/\/ste-valentine.ca\/wp-content\/uploads\/2015\/03\/Black_currant-300x200.jpg\"},{\"@type\":\"BreadcrumbList\",\"@id\":\"https:\/\/ste-valentine.ca\/black-currant\/#breadcrumb\",\"itemListElement\":[{\"@type\":\"ListItem\",\"position\":1,\"name\":\"Home\",\"item\":\"https:\/\/ste-valentine.ca\/\"},{\"@type\":\"ListItem\",\"position\":2,\"name\":\"Black Currant\"}]},{\"@type\":\"WebSite\",\"@id\":\"https:\/\/ste-valentine.ca\/#website\",\"url\":\"https:\/\/ste-valentine.ca\/\",\"name\":\"ste-valentine\",\"description\":\"\",\"potentialAction\":[{\"@type\":\"SearchAction\",\"target\":{\"@type\":\"EntryPoint\",\"urlTemplate\":\"https:\/\/ste-valentine.ca\/?s={search_term_string}\"},\"query-input\":{\"@type\":\"PropertyValueSpecification\",\"valueRequired\":true,\"valueName\":\"search_term_string\"}}],\"inLanguage\":\"fr-FR\"}]}<\/script>\n<!-- \/ Yoast SEO plugin. -->","yoast_head_json":{"title":"[:en]Black Currant[:fr]Cassis[:] - ste-valentine","robots":{"index":"noindex","follow":"follow","max-snippet":"max-snippet:-1","max-image-preview":"max-image-preview:large","max-video-preview":"max-video-preview:-1"},"og_locale":"fr_FR","og_type":"article","og_title":"[:en]Black Currant[:fr]Cassis[:] - ste-valentine","og_description":"Ce qui rend les cassis uniques, c&rsquo;est qu&rsquo;ils contiennent un taux de vitamine C \u00e0 poids \u00e9gal sup\u00e9rieur \u00e0 toutes les baies. En comparaison, ils&#8230;","og_url":"https:\/\/ste-valentine.ca\/black-currant\/","og_site_name":"ste-valentine","article_modified_time":"2015-03-30T19:16:47+00:00","og_image":[{"url":"https:\/\/ste-valentine.ca\/wp-content\/uploads\/2015\/03\/Black_currant-300x200.jpg","type":"","width":"","height":""}],"twitter_card":"summary_large_image","twitter_misc":{"Dur\u00e9e de lecture estim\u00e9e":"3 minutes"},"schema":{"@context":"https:\/\/schema.org","@graph":[{"@type":"WebPage","@id":"https:\/\/ste-valentine.ca\/black-currant\/","url":"https:\/\/ste-valentine.ca\/black-currant\/","name":"[:en]Black Currant[:fr]Cassis[:] - ste-valentine","isPartOf":{"@id":"https:\/\/ste-valentine.ca\/#website"},"primaryImageOfPage":{"@id":"https:\/\/ste-valentine.ca\/black-currant\/#primaryimage"},"image":{"@id":"https:\/\/ste-valentine.ca\/black-currant\/#primaryimage"},"thumbnailUrl":"https:\/\/ste-valentine.ca\/wp-content\/uploads\/2015\/03\/Black_currant-300x200.jpg","datePublished":"2015-03-30T19:13:16+00:00","dateModified":"2015-03-30T19:16:47+00:00","breadcrumb":{"@id":"https:\/\/ste-valentine.ca\/black-currant\/#breadcrumb"},"inLanguage":"fr-FR","potentialAction":[{"@type":"ReadAction","target":["https:\/\/ste-valentine.ca\/black-currant\/"]}]},{"@type":"ImageObject","inLanguage":"fr-FR","@id":"https:\/\/ste-valentine.ca\/black-currant\/#primaryimage","url":"https:\/\/ste-valentine.ca\/wp-content\/uploads\/2015\/03\/Black_currant-300x200.jpg","contentUrl":"https:\/\/ste-valentine.ca\/wp-content\/uploads\/2015\/03\/Black_currant-300x200.jpg"},{"@type":"BreadcrumbList","@id":"https:\/\/ste-valentine.ca\/black-currant\/#breadcrumb","itemListElement":[{"@type":"ListItem","position":1,"name":"Home","item":"https:\/\/ste-valentine.ca\/"},{"@type":"ListItem","position":2,"name":"Black Currant"}]},{"@type":"WebSite","@id":"https:\/\/ste-valentine.ca\/#website","url":"https:\/\/ste-valentine.ca\/","name":"ste-valentine","description":"","potentialAction":[{"@type":"SearchAction","target":{"@type":"EntryPoint","urlTemplate":"https:\/\/ste-valentine.ca\/?s={search_term_string}"},"query-input":{"@type":"PropertyValueSpecification","valueRequired":true,"valueName":"search_term_string"}}],"inLanguage":"fr-FR"}]}},"_links":{"self":[{"href":"https:\/\/ste-valentine.ca\/fr\/wp-json\/wp\/v2\/pages\/35","targetHints":{"allow":["GET"]}}],"collection":[{"href":"https:\/\/ste-valentine.ca\/fr\/wp-json\/wp\/v2\/pages"}],"about":[{"href":"https:\/\/ste-valentine.ca\/fr\/wp-json\/wp\/v2\/types\/page"}],"author":[{"embeddable":true,"href":"https:\/\/ste-valentine.ca\/fr\/wp-json\/wp\/v2\/users\/1"}],"replies":[{"embeddable":true,"href":"https:\/\/ste-valentine.ca\/fr\/wp-json\/wp\/v2\/comments?post=35"}],"version-history":[{"count":2,"href":"https:\/\/ste-valentine.ca\/fr\/wp-json\/wp\/v2\/pages\/35\/revisions"}],"predecessor-version":[{"id":39,"href":"https:\/\/ste-valentine.ca\/fr\/wp-json\/wp\/v2\/pages\/35\/revisions\/39"}],"wp:attachment":[{"href":"https:\/\/ste-valentine.ca\/fr\/wp-json\/wp\/v2\/media?parent=35"}],"curies":[{"name":"wp","href":"https:\/\/api.w.org\/{rel}","templated":true}]}}