{"id":40,"date":"2015-03-30T19:18:20","date_gmt":"2015-03-30T19:18:20","guid":{"rendered":"http:\/\/ste-valentine.ca\/?page_id=40"},"modified":"2015-03-30T19:26:53","modified_gmt":"2015-03-30T19:26:53","slug":"elderberries","status":"publish","type":"page","link":"https:\/\/ste-valentine.ca\/fr\/elderberries\/","title":{"rendered":"Sureaux"},"content":{"rendered":"<p><a href=\"https:\/\/ste-valentine.ca\/wp-content\/uploads\/2015\/03\/elderberries-cluster.jpg\"><img loading=\"lazy\" decoding=\"async\" class=\"alignleft size-medium wp-image-43\" src=\"https:\/\/ste-valentine.ca\/wp-content\/uploads\/2015\/03\/elderberries-cluster-295x300.jpg\" alt=\"elderberries-cluster\" width=\"295\" height=\"300\" srcset=\"https:\/\/ste-valentine.ca\/wp-content\/uploads\/2015\/03\/elderberries-cluster-295x300.jpg 295w, https:\/\/ste-valentine.ca\/wp-content\/uploads\/2015\/03\/elderberries-cluster.jpg 639w\" sizes=\"auto, (max-width: 295px) 100vw, 295px\" \/><\/a>Les sureaux sont parmi les baies qui am\u00e8nent le plus de b\u00e9n\u00e9fices pour la sant\u00e9. Ceci a \u00e9t\u00e9 reconnu en 400 avant J\u00e9sus-Christ, alors d&rsquo;Hippocrate appelait les sureaux \u00ab &lsquo;sa trousse m\u00e9dicale \u00bb&rsquo;. Des gu\u00e9risseurs de la p\u00e9riode classique reconnus comme Th\u00e9ophraste, Dioscoride et Galen ont d\u00e9clar\u00e9 le sureau comme \u00e9tant parmi les meilleures plantes de gu\u00e9rison naturelles. Employ\u00e9 afin de soulager une panoplie de maladies comme l&rsquo;arthrite, l&rsquo;asthme, le rhume et la constipation, le sureau occupe une position de choix parmi les plantes m\u00e9dicinales europ\u00e9ennes. Il y a plusieurs ressources que vous pouvez v\u00e9rifier \u00e0 ce sujet dont certaines se trouvent dans la section R\u00c9F\u00c9RENCE.<br \/>\nNous cultivons la vari\u00e9t\u00e9 d&rsquo;Am\u00e9rique du sureau (Canadensis), qui peut \u00eatre mang\u00e9 directement du buisson si elle est compl\u00e8tement m\u00fbre.<br \/>\nNous cultivons des grappes de sureaux \u00e0 la fin ao\u00fbt que nous pla\u00e7ons dans des sacs de 5 livres afin de les congeler. Nous en produisons du sirop ensuite.<br \/>\nDans la section R\u00c9F\u00c9RENCE vous pouvez trouver la recette afin de faire du sirop de sureau. Nous recommandons de n&rsquo;utiliser que des ingr\u00e9dients organiques avec nos sureaux organiques. Le sirop vous fournit les b\u00e9n\u00e9fices magnifiques pour la sant\u00e9 mentionn\u00e9s plus haut et ils peuvent \u00eatre conserv\u00e9s jusqu&rsquo;\u00e0 six mois si vous r\u00e9frig\u00e9rez le sirop. Dix livres de sureau sont suffisants pour produire assez de sirop afin de passer au travers d&rsquo;une saison du rhume et de la grippe.<br \/>\nNous cueillons nos sureaux \u00e0 la fin ao\u00fbt, vous pouvez vous assurer d&rsquo;en avoir si vous pr\u00e9 commandez via notre MARCH\u00c9.<\/p>","protected":false},"excerpt":{"rendered":"<p>Les sureaux sont parmi les baies qui am\u00e8nent le plus de b\u00e9n\u00e9fices pour la sant\u00e9. Ceci a \u00e9t\u00e9 reconnu en 400 avant J\u00e9sus-Christ, alors d&rsquo;Hippocrate&#8230;<\/p>\n<div class=\"more-link-wrapper\"><a class=\"more-link\" href=\"https:\/\/ste-valentine.ca\/fr\/elderberries\/\">Continue reading<span class=\"screen-reader-text\">Sureaux<\/span><\/a><\/div>\n","protected":false},"author":1,"featured_media":0,"parent":0,"menu_order":0,"comment_status":"closed","ping_status":"closed","template":"","meta":{"footnotes":""},"class_list":["post-40","page","type-page","status-publish","hentry","entry"],"yoast_head":"<!-- This site is optimized with the Yoast SEO plugin v25.1 - https:\/\/yoast.com\/wordpress\/plugins\/seo\/ -->\n<title>Sureaux - ste-valentine<\/title>\n<meta name=\"robots\" content=\"noindex, follow, max-snippet:-1, max-image-preview:large, max-video-preview:-1\" \/>\n<meta property=\"og:locale\" content=\"fr_FR\" \/>\n<meta property=\"og:type\" content=\"article\" \/>\n<meta property=\"og:title\" content=\"[:en]Elderberries[:fr]Sureaux[:] - ste-valentine\" \/>\n<meta property=\"og:description\" content=\"Les sureaux sont parmi les baies qui am\u00e8nent le plus de b\u00e9n\u00e9fices pour la sant\u00e9. Ceci a \u00e9t\u00e9 reconnu en 400 avant J\u00e9sus-Christ, alors d&rsquo;Hippocrate&#8230;\" \/>\n<meta property=\"og:url\" content=\"https:\/\/ste-valentine.ca\/elderberries\/\" \/>\n<meta property=\"og:site_name\" content=\"ste-valentine\" \/>\n<meta property=\"article:modified_time\" content=\"2015-03-30T19:26:53+00:00\" \/>\n<meta property=\"og:image\" content=\"https:\/\/ste-valentine.ca\/wp-content\/uploads\/2015\/03\/elderberries-cluster-295x300.jpg\" \/>\n<meta name=\"twitter:card\" content=\"summary_large_image\" \/>\n<meta name=\"twitter:label1\" content=\"Dur\u00e9e de lecture estim\u00e9e\" \/>\n\t<meta name=\"twitter:data1\" content=\"3 minutes\" \/>\n<script type=\"application\/ld+json\" class=\"yoast-schema-graph\">{\"@context\":\"https:\/\/schema.org\",\"@graph\":[{\"@type\":\"WebPage\",\"@id\":\"https:\/\/ste-valentine.ca\/elderberries\/\",\"url\":\"https:\/\/ste-valentine.ca\/elderberries\/\",\"name\":\"[:en]Elderberries[:fr]Sureaux[:] - ste-valentine\",\"isPartOf\":{\"@id\":\"https:\/\/ste-valentine.ca\/#website\"},\"primaryImageOfPage\":{\"@id\":\"https:\/\/ste-valentine.ca\/elderberries\/#primaryimage\"},\"image\":{\"@id\":\"https:\/\/ste-valentine.ca\/elderberries\/#primaryimage\"},\"thumbnailUrl\":\"https:\/\/ste-valentine.ca\/wp-content\/uploads\/2015\/03\/elderberries-cluster-295x300.jpg\",\"datePublished\":\"2015-03-30T19:18:20+00:00\",\"dateModified\":\"2015-03-30T19:26:53+00:00\",\"breadcrumb\":{\"@id\":\"https:\/\/ste-valentine.ca\/elderberries\/#breadcrumb\"},\"inLanguage\":\"fr-FR\",\"potentialAction\":[{\"@type\":\"ReadAction\",\"target\":[\"https:\/\/ste-valentine.ca\/elderberries\/\"]}]},{\"@type\":\"ImageObject\",\"inLanguage\":\"fr-FR\",\"@id\":\"https:\/\/ste-valentine.ca\/elderberries\/#primaryimage\",\"url\":\"https:\/\/ste-valentine.ca\/wp-content\/uploads\/2015\/03\/elderberries-cluster-295x300.jpg\",\"contentUrl\":\"https:\/\/ste-valentine.ca\/wp-content\/uploads\/2015\/03\/elderberries-cluster-295x300.jpg\"},{\"@type\":\"BreadcrumbList\",\"@id\":\"https:\/\/ste-valentine.ca\/elderberries\/#breadcrumb\",\"itemListElement\":[{\"@type\":\"ListItem\",\"position\":1,\"name\":\"Home\",\"item\":\"https:\/\/ste-valentine.ca\/\"},{\"@type\":\"ListItem\",\"position\":2,\"name\":\"Elderberries\"}]},{\"@type\":\"WebSite\",\"@id\":\"https:\/\/ste-valentine.ca\/#website\",\"url\":\"https:\/\/ste-valentine.ca\/\",\"name\":\"ste-valentine\",\"description\":\"\",\"potentialAction\":[{\"@type\":\"SearchAction\",\"target\":{\"@type\":\"EntryPoint\",\"urlTemplate\":\"https:\/\/ste-valentine.ca\/?s={search_term_string}\"},\"query-input\":{\"@type\":\"PropertyValueSpecification\",\"valueRequired\":true,\"valueName\":\"search_term_string\"}}],\"inLanguage\":\"fr-FR\"}]}<\/script>\n<!-- \/ Yoast SEO plugin. -->","yoast_head_json":{"title":"[:en]Elderberries[:fr]Sureaux[:] - ste-valentine","robots":{"index":"noindex","follow":"follow","max-snippet":"max-snippet:-1","max-image-preview":"max-image-preview:large","max-video-preview":"max-video-preview:-1"},"og_locale":"fr_FR","og_type":"article","og_title":"[:en]Elderberries[:fr]Sureaux[:] - ste-valentine","og_description":"Les sureaux sont parmi les baies qui am\u00e8nent le plus de b\u00e9n\u00e9fices pour la sant\u00e9. Ceci a \u00e9t\u00e9 reconnu en 400 avant J\u00e9sus-Christ, alors d&rsquo;Hippocrate&#8230;","og_url":"https:\/\/ste-valentine.ca\/elderberries\/","og_site_name":"ste-valentine","article_modified_time":"2015-03-30T19:26:53+00:00","og_image":[{"url":"https:\/\/ste-valentine.ca\/wp-content\/uploads\/2015\/03\/elderberries-cluster-295x300.jpg","type":"","width":"","height":""}],"twitter_card":"summary_large_image","twitter_misc":{"Dur\u00e9e de lecture estim\u00e9e":"3 minutes"},"schema":{"@context":"https:\/\/schema.org","@graph":[{"@type":"WebPage","@id":"https:\/\/ste-valentine.ca\/elderberries\/","url":"https:\/\/ste-valentine.ca\/elderberries\/","name":"[:en]Elderberries[:fr]Sureaux[:] - ste-valentine","isPartOf":{"@id":"https:\/\/ste-valentine.ca\/#website"},"primaryImageOfPage":{"@id":"https:\/\/ste-valentine.ca\/elderberries\/#primaryimage"},"image":{"@id":"https:\/\/ste-valentine.ca\/elderberries\/#primaryimage"},"thumbnailUrl":"https:\/\/ste-valentine.ca\/wp-content\/uploads\/2015\/03\/elderberries-cluster-295x300.jpg","datePublished":"2015-03-30T19:18:20+00:00","dateModified":"2015-03-30T19:26:53+00:00","breadcrumb":{"@id":"https:\/\/ste-valentine.ca\/elderberries\/#breadcrumb"},"inLanguage":"fr-FR","potentialAction":[{"@type":"ReadAction","target":["https:\/\/ste-valentine.ca\/elderberries\/"]}]},{"@type":"ImageObject","inLanguage":"fr-FR","@id":"https:\/\/ste-valentine.ca\/elderberries\/#primaryimage","url":"https:\/\/ste-valentine.ca\/wp-content\/uploads\/2015\/03\/elderberries-cluster-295x300.jpg","contentUrl":"https:\/\/ste-valentine.ca\/wp-content\/uploads\/2015\/03\/elderberries-cluster-295x300.jpg"},{"@type":"BreadcrumbList","@id":"https:\/\/ste-valentine.ca\/elderberries\/#breadcrumb","itemListElement":[{"@type":"ListItem","position":1,"name":"Home","item":"https:\/\/ste-valentine.ca\/"},{"@type":"ListItem","position":2,"name":"Elderberries"}]},{"@type":"WebSite","@id":"https:\/\/ste-valentine.ca\/#website","url":"https:\/\/ste-valentine.ca\/","name":"ste-valentine","description":"","potentialAction":[{"@type":"SearchAction","target":{"@type":"EntryPoint","urlTemplate":"https:\/\/ste-valentine.ca\/?s={search_term_string}"},"query-input":{"@type":"PropertyValueSpecification","valueRequired":true,"valueName":"search_term_string"}}],"inLanguage":"fr-FR"}]}},"_links":{"self":[{"href":"https:\/\/ste-valentine.ca\/fr\/wp-json\/wp\/v2\/pages\/40","targetHints":{"allow":["GET"]}}],"collection":[{"href":"https:\/\/ste-valentine.ca\/fr\/wp-json\/wp\/v2\/pages"}],"about":[{"href":"https:\/\/ste-valentine.ca\/fr\/wp-json\/wp\/v2\/types\/page"}],"author":[{"embeddable":true,"href":"https:\/\/ste-valentine.ca\/fr\/wp-json\/wp\/v2\/users\/1"}],"replies":[{"embeddable":true,"href":"https:\/\/ste-valentine.ca\/fr\/wp-json\/wp\/v2\/comments?post=40"}],"version-history":[{"count":2,"href":"https:\/\/ste-valentine.ca\/fr\/wp-json\/wp\/v2\/pages\/40\/revisions"}],"predecessor-version":[{"id":44,"href":"https:\/\/ste-valentine.ca\/fr\/wp-json\/wp\/v2\/pages\/40\/revisions\/44"}],"wp:attachment":[{"href":"https:\/\/ste-valentine.ca\/fr\/wp-json\/wp\/v2\/media?parent=40"}],"curies":[{"name":"wp","href":"https:\/\/api.w.org\/{rel}","templated":true}]}}