{"id":45,"date":"2015-03-30T19:29:05","date_gmt":"2015-03-30T19:29:05","guid":{"rendered":"http:\/\/ste-valentine.ca\/?page_id=45"},"modified":"2015-06-07T12:41:07","modified_gmt":"2015-06-07T12:41:07","slug":"frozen-berries","status":"publish","type":"page","link":"https:\/\/ste-valentine.ca\/fr\/frozen-berries\/","title":{"rendered":"Baies Congel\u00e9es"},"content":{"rendered":"<p><\/p>\n<p style=\"text-align: left;\"><a href=\"https:\/\/ste-valentine.ca\/wp-content\/uploads\/2015\/06\/red-rasp-frozen-fr.jpg\"><img loading=\"lazy\" decoding=\"async\" class=\" size-medium wp-image-498 alignleft\" src=\"https:\/\/ste-valentine.ca\/wp-content\/uploads\/2015\/06\/red-rasp-frozen-fr.jpg\" alt=\"red-rasp-frozen\" width=\"300\" height=\"125\" \/><\/a>Notre emballage unique pr\u00e9serve la forme des baies et vous permet de profiter du go\u00fbt et les bienfaits longtemps apr\u00e8s la saison de la cueillette. Vous pouvez lire les diff\u00e9rents bienfaits de chaque baie en cliquant sur leur onglet respectif sur la droite. Sortez une boite du cong\u00e9lateur et placez la bo\u00eete dans le r\u00e9frig\u00e9rateur pour quelques heures afin de faire d\u00e9congeler les baies. Elles sont ensuite pr\u00eate \u00e0 \u00eatre mang\u00e9es tout comme des baies fra\u00eechement cueillies. Utilisez vos techniques sanitaires habituelles avant de les manger.<a href=\"https:\/\/ste-valentine.ca\/wp-content\/uploads\/2015\/06\/blackcurrant-frozen-fr.jpg\"><img loading=\"lazy\" decoding=\"async\" class=\"  wp-image-499 alignright\" src=\"https:\/\/ste-valentine.ca\/wp-content\/uploads\/2015\/06\/blackcurrant-frozen-fr.jpg\" alt=\"blackcurrant-frozen-en\" width=\"210\" height=\"259\" \/><\/a><\/p>\n<p style=\"text-align: left;\">Manipulez vos sureaux dans le sac de cong\u00e9lation selon votre recette pour faire du sirop de sureaux. Nous en avons une dans la section R\u00c9F\u00c9RENCES. Des \u00e9tudes r\u00e9centes ont d\u00e9montr\u00e9 que les framboises organiques sont significativement plus riche en antioxydant que les framboises non organique.<a href=\"https:\/\/ste-valentine.ca\/wp-content\/uploads\/2015\/06\/elderberries-frozen-fr.jpg\"><img loading=\"lazy\" decoding=\"async\" class=\"  wp-image-500 alignleft\" src=\"https:\/\/ste-valentine.ca\/wp-content\/uploads\/2015\/06\/elderberries-frozen-fr.jpg\" alt=\"elderberries-frozen\" width=\"228\" height=\"182\" \/><\/a><\/p>\n<p style=\"text-align: left;\">Les plus grands bienfaits en terme d&rsquo;antioxydants sont directement reli\u00e9s avec la pleine maturit\u00e9 de la baie.<\/p>\n<p>Les personnes qui mangent au moins 3 portions de framboises par semaine en voie les plus grand bienfaits.<\/p>","protected":false},"excerpt":{"rendered":"<p>Notre emballage unique pr\u00e9serve la forme des baies et vous permet de profiter du go\u00fbt et les bienfaits longtemps apr\u00e8s la saison de la cueillette.&#8230;<\/p>\n<div class=\"more-link-wrapper\"><a class=\"more-link\" href=\"https:\/\/ste-valentine.ca\/fr\/frozen-berries\/\">Continue reading<span class=\"screen-reader-text\">Baies Congel\u00e9es<\/span><\/a><\/div>\n","protected":false},"author":1,"featured_media":0,"parent":0,"menu_order":0,"comment_status":"closed","ping_status":"closed","template":"","meta":{"footnotes":""},"class_list":["post-45","page","type-page","status-publish","hentry","entry"],"yoast_head":"<!-- This site is optimized with the Yoast SEO plugin v25.1 - https:\/\/yoast.com\/wordpress\/plugins\/seo\/ -->\n<title>Baies Congel\u00e9es - ste-valentine<\/title>\n<meta name=\"robots\" content=\"noindex, follow, max-snippet:-1, max-image-preview:large, max-video-preview:-1\" \/>\n<meta property=\"og:locale\" content=\"fr_FR\" \/>\n<meta property=\"og:type\" content=\"article\" \/>\n<meta property=\"og:title\" content=\"[:en]Frozen Berries[:fr]Baies Congel\u00e9es[:] - ste-valentine\" \/>\n<meta property=\"og:description\" content=\"Notre emballage unique pr\u00e9serve la forme des baies et vous permet de profiter du go\u00fbt et les bienfaits longtemps apr\u00e8s la saison de la cueillette.&#8230;\" \/>\n<meta property=\"og:url\" content=\"https:\/\/ste-valentine.ca\/frozen-berries\/\" \/>\n<meta property=\"og:site_name\" content=\"ste-valentine\" \/>\n<meta property=\"article:modified_time\" content=\"2015-06-07T12:41:07+00:00\" \/>\n<meta property=\"og:image\" content=\"https:\/\/ste-valentine.ca\/wp-content\/uploads\/2015\/03\/red-rasp-frozen1-300x125.jpg\" \/>\n<meta name=\"twitter:card\" content=\"summary_large_image\" \/>\n<meta name=\"twitter:label1\" content=\"Dur\u00e9e de lecture estim\u00e9e\" \/>\n\t<meta name=\"twitter:data1\" content=\"2 minutes\" \/>\n<script type=\"application\/ld+json\" class=\"yoast-schema-graph\">{\"@context\":\"https:\/\/schema.org\",\"@graph\":[{\"@type\":\"WebPage\",\"@id\":\"https:\/\/ste-valentine.ca\/frozen-berries\/\",\"url\":\"https:\/\/ste-valentine.ca\/frozen-berries\/\",\"name\":\"[:en]Frozen Berries[:fr]Baies Congel\u00e9es[:] - ste-valentine\",\"isPartOf\":{\"@id\":\"https:\/\/ste-valentine.ca\/#website\"},\"primaryImageOfPage\":{\"@id\":\"https:\/\/ste-valentine.ca\/frozen-berries\/#primaryimage\"},\"image\":{\"@id\":\"https:\/\/ste-valentine.ca\/frozen-berries\/#primaryimage\"},\"thumbnailUrl\":\"https:\/\/ste-valentine.ca\/wp-content\/uploads\/2015\/03\/red-rasp-frozen1-300x125.jpg\",\"datePublished\":\"2015-03-30T19:29:05+00:00\",\"dateModified\":\"2015-06-07T12:41:07+00:00\",\"breadcrumb\":{\"@id\":\"https:\/\/ste-valentine.ca\/frozen-berries\/#breadcrumb\"},\"inLanguage\":\"fr-FR\",\"potentialAction\":[{\"@type\":\"ReadAction\",\"target\":[\"https:\/\/ste-valentine.ca\/frozen-berries\/\"]}]},{\"@type\":\"ImageObject\",\"inLanguage\":\"fr-FR\",\"@id\":\"https:\/\/ste-valentine.ca\/frozen-berries\/#primaryimage\",\"url\":\"https:\/\/ste-valentine.ca\/wp-content\/uploads\/2015\/03\/red-rasp-frozen1-300x125.jpg\",\"contentUrl\":\"https:\/\/ste-valentine.ca\/wp-content\/uploads\/2015\/03\/red-rasp-frozen1-300x125.jpg\"},{\"@type\":\"BreadcrumbList\",\"@id\":\"https:\/\/ste-valentine.ca\/frozen-berries\/#breadcrumb\",\"itemListElement\":[{\"@type\":\"ListItem\",\"position\":1,\"name\":\"Home\",\"item\":\"https:\/\/ste-valentine.ca\/\"},{\"@type\":\"ListItem\",\"position\":2,\"name\":\"Frozen Berries\"}]},{\"@type\":\"WebSite\",\"@id\":\"https:\/\/ste-valentine.ca\/#website\",\"url\":\"https:\/\/ste-valentine.ca\/\",\"name\":\"ste-valentine\",\"description\":\"\",\"potentialAction\":[{\"@type\":\"SearchAction\",\"target\":{\"@type\":\"EntryPoint\",\"urlTemplate\":\"https:\/\/ste-valentine.ca\/?s={search_term_string}\"},\"query-input\":{\"@type\":\"PropertyValueSpecification\",\"valueRequired\":true,\"valueName\":\"search_term_string\"}}],\"inLanguage\":\"fr-FR\"}]}<\/script>\n<!-- \/ Yoast SEO plugin. -->","yoast_head_json":{"title":"[:en]Frozen Berries[:fr]Baies Congel\u00e9es[:] - ste-valentine","robots":{"index":"noindex","follow":"follow","max-snippet":"max-snippet:-1","max-image-preview":"max-image-preview:large","max-video-preview":"max-video-preview:-1"},"og_locale":"fr_FR","og_type":"article","og_title":"[:en]Frozen Berries[:fr]Baies Congel\u00e9es[:] - ste-valentine","og_description":"Notre emballage unique pr\u00e9serve la forme des baies et vous permet de profiter du go\u00fbt et les bienfaits longtemps apr\u00e8s la saison de la cueillette.&#8230;","og_url":"https:\/\/ste-valentine.ca\/frozen-berries\/","og_site_name":"ste-valentine","article_modified_time":"2015-06-07T12:41:07+00:00","og_image":[{"url":"https:\/\/ste-valentine.ca\/wp-content\/uploads\/2015\/03\/red-rasp-frozen1-300x125.jpg","type":"","width":"","height":""}],"twitter_card":"summary_large_image","twitter_misc":{"Dur\u00e9e de lecture estim\u00e9e":"2 minutes"},"schema":{"@context":"https:\/\/schema.org","@graph":[{"@type":"WebPage","@id":"https:\/\/ste-valentine.ca\/frozen-berries\/","url":"https:\/\/ste-valentine.ca\/frozen-berries\/","name":"[:en]Frozen Berries[:fr]Baies Congel\u00e9es[:] - ste-valentine","isPartOf":{"@id":"https:\/\/ste-valentine.ca\/#website"},"primaryImageOfPage":{"@id":"https:\/\/ste-valentine.ca\/frozen-berries\/#primaryimage"},"image":{"@id":"https:\/\/ste-valentine.ca\/frozen-berries\/#primaryimage"},"thumbnailUrl":"https:\/\/ste-valentine.ca\/wp-content\/uploads\/2015\/03\/red-rasp-frozen1-300x125.jpg","datePublished":"2015-03-30T19:29:05+00:00","dateModified":"2015-06-07T12:41:07+00:00","breadcrumb":{"@id":"https:\/\/ste-valentine.ca\/frozen-berries\/#breadcrumb"},"inLanguage":"fr-FR","potentialAction":[{"@type":"ReadAction","target":["https:\/\/ste-valentine.ca\/frozen-berries\/"]}]},{"@type":"ImageObject","inLanguage":"fr-FR","@id":"https:\/\/ste-valentine.ca\/frozen-berries\/#primaryimage","url":"https:\/\/ste-valentine.ca\/wp-content\/uploads\/2015\/03\/red-rasp-frozen1-300x125.jpg","contentUrl":"https:\/\/ste-valentine.ca\/wp-content\/uploads\/2015\/03\/red-rasp-frozen1-300x125.jpg"},{"@type":"BreadcrumbList","@id":"https:\/\/ste-valentine.ca\/frozen-berries\/#breadcrumb","itemListElement":[{"@type":"ListItem","position":1,"name":"Home","item":"https:\/\/ste-valentine.ca\/"},{"@type":"ListItem","position":2,"name":"Frozen Berries"}]},{"@type":"WebSite","@id":"https:\/\/ste-valentine.ca\/#website","url":"https:\/\/ste-valentine.ca\/","name":"ste-valentine","description":"","potentialAction":[{"@type":"SearchAction","target":{"@type":"EntryPoint","urlTemplate":"https:\/\/ste-valentine.ca\/?s={search_term_string}"},"query-input":{"@type":"PropertyValueSpecification","valueRequired":true,"valueName":"search_term_string"}}],"inLanguage":"fr-FR"}]}},"_links":{"self":[{"href":"https:\/\/ste-valentine.ca\/fr\/wp-json\/wp\/v2\/pages\/45","targetHints":{"allow":["GET"]}}],"collection":[{"href":"https:\/\/ste-valentine.ca\/fr\/wp-json\/wp\/v2\/pages"}],"about":[{"href":"https:\/\/ste-valentine.ca\/fr\/wp-json\/wp\/v2\/types\/page"}],"author":[{"embeddable":true,"href":"https:\/\/ste-valentine.ca\/fr\/wp-json\/wp\/v2\/users\/1"}],"replies":[{"embeddable":true,"href":"https:\/\/ste-valentine.ca\/fr\/wp-json\/wp\/v2\/comments?post=45"}],"version-history":[{"count":19,"href":"https:\/\/ste-valentine.ca\/fr\/wp-json\/wp\/v2\/pages\/45\/revisions"}],"predecessor-version":[{"id":554,"href":"https:\/\/ste-valentine.ca\/fr\/wp-json\/wp\/v2\/pages\/45\/revisions\/554"}],"wp:attachment":[{"href":"https:\/\/ste-valentine.ca\/fr\/wp-json\/wp\/v2\/media?parent=45"}],"curies":[{"name":"wp","href":"https:\/\/api.w.org\/{rel}","templated":true}]}}