{"id":52,"date":"2015-03-31T18:59:50","date_gmt":"2015-03-31T18:59:50","guid":{"rendered":"http:\/\/ste-valentine.ca\/?page_id=52"},"modified":"2015-06-07T06:03:59","modified_gmt":"2015-06-07T06:03:59","slug":"welcome-to-ste-valentine-farm","status":"publish","type":"page","link":"https:\/\/ste-valentine.ca\/fr\/","title":{"rendered":"Bienvenue \u00e0 la ferme Saint-Valentin"},"content":{"rendered":"<p><img decoding=\"async\" class=\"aligncenter size-full wp-image-448\" src=\"https:\/\/ste-valentine.ca\/wp-content\/uploads\/2015\/03\/home-page.jpg\" alt=\"home-page\" width=\"500\" height=\"auto\" srcset=\"https:\/\/ste-valentine.ca\/wp-content\/uploads\/2015\/03\/home-page.jpg 600w, https:\/\/ste-valentine.ca\/wp-content\/uploads\/2015\/03\/home-page-300x200.jpg 300w\" sizes=\"(max-width: 600px) 100vw, 600px\" \/>Nous cultivons plusieurs baies ; des framboises (rouges, noires et jaunes), des bleuets (de toutes saveurs, couleurs et grosseurs) ainsi que des cassis pour leurs go\u00fbts et apports nutritionnels uniques.<\/p>\n<p>Toutes nos baies sont certifi\u00e9es organique et elles sont cultiv\u00e9es selon des techniques de cultivassions anciennes.<\/p>\n<p>Toutes nos baies sont cultiv\u00e9es \u00e0 leur stade de maturit\u00e9 optimum selon l&rsquo;arome et le go\u00fbt, ceci attire beaucoup d&rsquo;animaux et d&rsquo;oiseaux. Nous identifions chaque bo\u00eete avec un sceau qui indique \u00e0 quelle date les baies ont \u00e9t\u00e9 cueillies. Nous sommes des cultivateurs locaux de la vall\u00e9e d&rsquo;Ottawa, il vous est donc possible de profiter de la saveur et des bienfaits naturels de nos baies 1 \u00e0 2 jours seulement apr\u00e8s la cueillette.<\/p>\n<p>Nos baies sont conserv\u00e9es \u00e0 une temp\u00e9rature se rapprochant du point de cong\u00e9lation avant d&rsquo;\u00eatre exp\u00e9di\u00e9e et elles sont aussi prot\u00e9g\u00e9es de la lumi\u00e8re du soleil afin d&rsquo;en garder leur saveur, vitamines et fermet\u00e9. Aucun paraffinage n&rsquo;est utilis\u00e9 afin d&rsquo;allonger la dur\u00e9e de vie de nos baies.<\/p>\n<div class=\"contenerimg\">\n<div class=\"firstimg\">\n<div class=\"horizontal\"><a href=\"https:\/\/ste-valentine.ca\/wp-content\/uploads\/2015\/06\/redrasp-halfopen-label-fr.jpg\"> <img decoding=\"async\" src=\"https:\/\/ste-valentine.ca\/wp-content\/uploads\/2015\/06\/redrasp-halfopen-label-fr.jpg\" alt=\"\" \/><\/a><\/div>\n<div class=\"horizontal\"><a href=\"https:\/\/ste-valentine.ca\/wp-content\/uploads\/2015\/06\/blackrasp-halfopen-enfr.jpg\"> <img decoding=\"async\" src=\"https:\/\/ste-valentine.ca\/wp-content\/uploads\/2015\/06\/blackrasp-halfopen-enfr.jpg\" alt=\"\" \/><\/a><\/div>\n<div class=\"clear\"><\/div>\n<\/div>\n<div class=\"secondimg\">\n<div class=\"verticle\"><a href=\"https:\/\/ste-valentine.ca\/wp-content\/uploads\/2015\/06\/blueberries-halfopen-fr.jpg\"><img decoding=\"async\" src=\"https:\/\/ste-valentine.ca\/wp-content\/uploads\/2015\/06\/blueberries-halfopen-fr.jpg\" alt=\"\" \/><\/a><\/div>\n<div class=\"horizontal\"><a href=\"https:\/\/ste-valentine.ca\/wp-content\/uploads\/2015\/06\/yellow-rasp-halfopen.jpg\"> <img decoding=\"async\" src=\"https:\/\/ste-valentine.ca\/wp-content\/uploads\/2015\/06\/yellow-rasp-halfopen.jpg\" alt=\"\" \/><\/a><\/div>\n<div class=\"verticle\"><a href=\"https:\/\/ste-valentine.ca\/wp-content\/uploads\/2015\/06\/blackcurrant-halfopen-fr.jpg\"> <img decoding=\"async\" src=\"https:\/\/ste-valentine.ca\/wp-content\/uploads\/2015\/06\/blackcurrant-halfopen-fr.jpg\" alt=\"\" \/><\/a><\/div>\n<div class=\"clear\">La production et la distribution de nos baies demandent beaucoup de travail physique, mais nous sommes capables de faire descendre les prix afin de vous faire profiter des meilleurs bonbons naturels de la nature.<\/div>\n<\/div>\n<\/div>\n<p>Les valeurs nutritives sans pareil de nos baies sont bonnes pour les femmes enceintes ainsi que les enfants. Elles aident aussi \u00e0 augmenter la beaut\u00e9 naturelle des femmes et \u00e0 revigorer la qualit\u00e9 de vies des personnes \u00e2g\u00e9es.<\/p>","protected":false},"excerpt":{"rendered":"<p>Nous cultivons plusieurs baies ; des framboises (rouges, noires et jaunes), des bleuets (de toutes saveurs, couleurs et grosseurs) ainsi que des cassis pour leurs&#8230;<\/p>\n<div class=\"more-link-wrapper\"><a class=\"more-link\" href=\"https:\/\/ste-valentine.ca\/fr\/\">Continue reading<span class=\"screen-reader-text\">Bienvenue \u00e0 la ferme Saint-Valentin<\/span><\/a><\/div>\n","protected":false},"author":1,"featured_media":0,"parent":0,"menu_order":0,"comment_status":"closed","ping_status":"closed","template":"","meta":{"footnotes":""},"class_list":["post-52","page","type-page","status-publish","hentry","entry"],"yoast_head":"<!-- This site is optimized with the Yoast SEO plugin v25.1 - https:\/\/yoast.com\/wordpress\/plugins\/seo\/ -->\n<title>Bienvenue \u00e0 la ferme Saint-Valentin - ste-valentine<\/title>\n<meta name=\"robots\" content=\"noindex, follow, max-snippet:-1, max-image-preview:large, max-video-preview:-1\" \/>\n<meta property=\"og:locale\" content=\"fr_FR\" \/>\n<meta property=\"og:type\" content=\"article\" \/>\n<meta property=\"og:title\" content=\"[:en]WELCOME TO STE-VALENTINE FARM[:fr]Bienvenue \u00e0 la ferme Saint-Valentin[:] - ste-valentine\" \/>\n<meta property=\"og:description\" content=\"Nous cultivons plusieurs baies ; des framboises (rouges, noires et jaunes), des bleuets (de toutes saveurs, couleurs et grosseurs) ainsi que des cassis pour leurs&#8230;\" \/>\n<meta property=\"og:url\" content=\"https:\/\/ste-valentine.ca\/\" \/>\n<meta property=\"og:site_name\" content=\"ste-valentine\" \/>\n<meta property=\"article:modified_time\" content=\"2015-06-07T06:03:59+00:00\" \/>\n<meta property=\"og:image\" content=\"https:\/\/ste-valentine.ca\/wp-content\/uploads\/2015\/03\/home-page.jpg\" \/>\n<meta name=\"twitter:card\" content=\"summary_large_image\" \/>\n<meta name=\"twitter:label1\" content=\"Dur\u00e9e de lecture estim\u00e9e\" \/>\n\t<meta name=\"twitter:data1\" content=\"2 minutes\" \/>\n<script type=\"application\/ld+json\" class=\"yoast-schema-graph\">{\"@context\":\"https:\/\/schema.org\",\"@graph\":[{\"@type\":\"WebPage\",\"@id\":\"https:\/\/ste-valentine.ca\/\",\"url\":\"https:\/\/ste-valentine.ca\/\",\"name\":\"[:en]WELCOME TO STE-VALENTINE FARM[:fr]Bienvenue \u00e0 la ferme Saint-Valentin[:] - ste-valentine\",\"isPartOf\":{\"@id\":\"https:\/\/ste-valentine.ca\/#website\"},\"primaryImageOfPage\":{\"@id\":\"https:\/\/ste-valentine.ca\/#primaryimage\"},\"image\":{\"@id\":\"https:\/\/ste-valentine.ca\/#primaryimage\"},\"thumbnailUrl\":\"https:\/\/ste-valentine.ca\/wp-content\/uploads\/2015\/03\/home-page.jpg\",\"datePublished\":\"2015-03-31T18:59:50+00:00\",\"dateModified\":\"2015-06-07T06:03:59+00:00\",\"breadcrumb\":{\"@id\":\"https:\/\/ste-valentine.ca\/#breadcrumb\"},\"inLanguage\":\"fr-FR\",\"potentialAction\":[{\"@type\":\"ReadAction\",\"target\":[\"https:\/\/ste-valentine.ca\/\"]}]},{\"@type\":\"ImageObject\",\"inLanguage\":\"fr-FR\",\"@id\":\"https:\/\/ste-valentine.ca\/#primaryimage\",\"url\":\"https:\/\/ste-valentine.ca\/wp-content\/uploads\/2015\/03\/home-page.jpg\",\"contentUrl\":\"https:\/\/ste-valentine.ca\/wp-content\/uploads\/2015\/03\/home-page.jpg\"},{\"@type\":\"BreadcrumbList\",\"@id\":\"https:\/\/ste-valentine.ca\/#breadcrumb\",\"itemListElement\":[{\"@type\":\"ListItem\",\"position\":1,\"name\":\"Home\",\"item\":\"https:\/\/ste-valentine.ca\/\"},{\"@type\":\"ListItem\",\"position\":2,\"name\":\"WELCOME TO STE-VALENTINE FARM\"}]},{\"@type\":\"WebSite\",\"@id\":\"https:\/\/ste-valentine.ca\/#website\",\"url\":\"https:\/\/ste-valentine.ca\/\",\"name\":\"ste-valentine\",\"description\":\"\",\"potentialAction\":[{\"@type\":\"SearchAction\",\"target\":{\"@type\":\"EntryPoint\",\"urlTemplate\":\"https:\/\/ste-valentine.ca\/?s={search_term_string}\"},\"query-input\":{\"@type\":\"PropertyValueSpecification\",\"valueRequired\":true,\"valueName\":\"search_term_string\"}}],\"inLanguage\":\"fr-FR\"}]}<\/script>\n<!-- \/ Yoast SEO plugin. -->","yoast_head_json":{"title":"[:en]WELCOME TO STE-VALENTINE FARM[:fr]Bienvenue \u00e0 la ferme Saint-Valentin[:] - ste-valentine","robots":{"index":"noindex","follow":"follow","max-snippet":"max-snippet:-1","max-image-preview":"max-image-preview:large","max-video-preview":"max-video-preview:-1"},"og_locale":"fr_FR","og_type":"article","og_title":"[:en]WELCOME TO STE-VALENTINE FARM[:fr]Bienvenue \u00e0 la ferme Saint-Valentin[:] - ste-valentine","og_description":"Nous cultivons plusieurs baies ; des framboises (rouges, noires et jaunes), des bleuets (de toutes saveurs, couleurs et grosseurs) ainsi que des cassis pour leurs&#8230;","og_url":"https:\/\/ste-valentine.ca\/","og_site_name":"ste-valentine","article_modified_time":"2015-06-07T06:03:59+00:00","og_image":[{"url":"https:\/\/ste-valentine.ca\/wp-content\/uploads\/2015\/03\/home-page.jpg","type":"","width":"","height":""}],"twitter_card":"summary_large_image","twitter_misc":{"Dur\u00e9e de lecture estim\u00e9e":"2 minutes"},"schema":{"@context":"https:\/\/schema.org","@graph":[{"@type":"WebPage","@id":"https:\/\/ste-valentine.ca\/","url":"https:\/\/ste-valentine.ca\/","name":"[:en]WELCOME TO STE-VALENTINE FARM[:fr]Bienvenue \u00e0 la ferme Saint-Valentin[:] - ste-valentine","isPartOf":{"@id":"https:\/\/ste-valentine.ca\/#website"},"primaryImageOfPage":{"@id":"https:\/\/ste-valentine.ca\/#primaryimage"},"image":{"@id":"https:\/\/ste-valentine.ca\/#primaryimage"},"thumbnailUrl":"https:\/\/ste-valentine.ca\/wp-content\/uploads\/2015\/03\/home-page.jpg","datePublished":"2015-03-31T18:59:50+00:00","dateModified":"2015-06-07T06:03:59+00:00","breadcrumb":{"@id":"https:\/\/ste-valentine.ca\/#breadcrumb"},"inLanguage":"fr-FR","potentialAction":[{"@type":"ReadAction","target":["https:\/\/ste-valentine.ca\/"]}]},{"@type":"ImageObject","inLanguage":"fr-FR","@id":"https:\/\/ste-valentine.ca\/#primaryimage","url":"https:\/\/ste-valentine.ca\/wp-content\/uploads\/2015\/03\/home-page.jpg","contentUrl":"https:\/\/ste-valentine.ca\/wp-content\/uploads\/2015\/03\/home-page.jpg"},{"@type":"BreadcrumbList","@id":"https:\/\/ste-valentine.ca\/#breadcrumb","itemListElement":[{"@type":"ListItem","position":1,"name":"Home","item":"https:\/\/ste-valentine.ca\/"},{"@type":"ListItem","position":2,"name":"WELCOME TO STE-VALENTINE FARM"}]},{"@type":"WebSite","@id":"https:\/\/ste-valentine.ca\/#website","url":"https:\/\/ste-valentine.ca\/","name":"ste-valentine","description":"","potentialAction":[{"@type":"SearchAction","target":{"@type":"EntryPoint","urlTemplate":"https:\/\/ste-valentine.ca\/?s={search_term_string}"},"query-input":{"@type":"PropertyValueSpecification","valueRequired":true,"valueName":"search_term_string"}}],"inLanguage":"fr-FR"}]}},"_links":{"self":[{"href":"https:\/\/ste-valentine.ca\/fr\/wp-json\/wp\/v2\/pages\/52","targetHints":{"allow":["GET"]}}],"collection":[{"href":"https:\/\/ste-valentine.ca\/fr\/wp-json\/wp\/v2\/pages"}],"about":[{"href":"https:\/\/ste-valentine.ca\/fr\/wp-json\/wp\/v2\/types\/page"}],"author":[{"embeddable":true,"href":"https:\/\/ste-valentine.ca\/fr\/wp-json\/wp\/v2\/users\/1"}],"replies":[{"embeddable":true,"href":"https:\/\/ste-valentine.ca\/fr\/wp-json\/wp\/v2\/comments?post=52"}],"version-history":[{"count":49,"href":"https:\/\/ste-valentine.ca\/fr\/wp-json\/wp\/v2\/pages\/52\/revisions"}],"predecessor-version":[{"id":575,"href":"https:\/\/ste-valentine.ca\/fr\/wp-json\/wp\/v2\/pages\/52\/revisions\/575"}],"wp:attachment":[{"href":"https:\/\/ste-valentine.ca\/fr\/wp-json\/wp\/v2\/media?parent=52"}],"curies":[{"name":"wp","href":"https:\/\/api.w.org\/{rel}","templated":true}]}}