{"id":57,"date":"2015-04-01T03:24:52","date_gmt":"2015-04-01T03:24:52","guid":{"rendered":"http:\/\/ste-valentine.ca\/?page_id=57"},"modified":"2015-04-08T19:16:13","modified_gmt":"2015-04-08T19:16:13","slug":"why-organic","status":"publish","type":"page","link":"https:\/\/ste-valentine.ca\/fr\/why-organic\/","title":{"rendered":"Pourquoi Organique?"},"content":{"rendered":"<p><a href=\"https:\/\/ste-valentine.ca\/wp-content\/uploads\/2015\/04\/organic_logo.jpg\"><img loading=\"lazy\" decoding=\"async\" class=\"alignleft  wp-image-310\" src=\"https:\/\/ste-valentine.ca\/wp-content\/uploads\/2015\/04\/organic_logo.jpg\" alt=\"organic_logo\" width=\"81\" height=\"83\" srcset=\"https:\/\/ste-valentine.ca\/wp-content\/uploads\/2015\/04\/organic_logo.jpg 600w, https:\/\/ste-valentine.ca\/wp-content\/uploads\/2015\/04\/organic_logo-292x300.jpg 292w\" sizes=\"auto, (max-width: 81px) 100vw, 81px\" \/><\/a><\/p>\n<p><img loading=\"lazy\" decoding=\"async\" class=\"  wp-image-311 alignright\" src=\"https:\/\/ste-valentine.ca\/wp-content\/uploads\/2015\/04\/quebec-vrai-logo.jpg\" alt=\"quebec-vrai-logo\" width=\"86\" height=\"81\" \/><\/p>\n<p>Nous sommes certifi\u00e9s par l&rsquo;organisme \u00a0\u00bbQu\u00e9bec Vrai\u00a0\u00bb en conformit\u00e9 avec les standards du gouvernement Canadien en terme de produits agricoles organiques et nous n&rsquo;utilisons pas d&rsquo;herbicides synth\u00e9tiques, de pesticides ou des fertilisants ; ce qui nous permet de respecter les standards canadiens en terme de culture de baies organiques.<\/p>\n<p>La raison pour faire cela est \u00e9vidente ; lisez l&rsquo;\u00e9tiquette de s\u00e9curit\u00e9 sur n&rsquo;importe quel pesticide ou herbicide et demandez vous si vous en voulez dans votre nourriture, peut importe la quantit\u00e9 de r\u00e9sidus qu&rsquo;il peut y avoir. Personnellement nous n&rsquo;en voulons pas sur notre ferme. Nous choisissions plut\u00f4t d&rsquo;utiliser des vari\u00e9t\u00e9s de plantes r\u00e9sistante au maladies, des insectes pr\u00e9dateurs et des microorganismes qui travaillent tous en collaboration afin de solidifier le sol et d&rsquo;en partager ses ressources. Cela permet \u00e0 nos baies de cro\u00eetre dans un environnement sain.<\/p>\n<p>Puisque nos baies ne sont pas trait\u00e9es avec de la paraffine ou des pr\u00e9servatifs, elles ont tendance \u00e0 se g\u00e2ter plus vite. Certaines baies peuvent aussi avoir une apparence moins que parfaite ; une texture bizarre, des couleurs variables ou une taille plus petite. Pourtant, ceci est la preuve qu&rsquo;elle ont \u00e9t\u00e9 cultiv\u00e9es sans l&rsquo;ajout de pesticides.<\/p>\n<p>Si m\u00eame les parasites ne veulent pas manger certaines baies, pourquoi devrions nous?<\/p>\n<p>Nos baies sont plus dispendieuses que les baies conventionnelle. Il faut beaucoup de travail afin de remplacer l&rsquo;effet des pesticides et herbicides sur les plantes, parasites et le sol qui les entour.<\/p>\n<p>Nous encourageons nos lecteurs \u00e0 faire leur propre recherche concernant les bienfaits de manger des aliments organiques.<\/p>","protected":false},"excerpt":{"rendered":"<p>Nous sommes certifi\u00e9s par l&rsquo;organisme \u00a0\u00bbQu\u00e9bec Vrai\u00a0\u00bb en conformit\u00e9 avec les standards du gouvernement Canadien en terme de produits agricoles organiques et nous n&rsquo;utilisons pas&#8230;<\/p>\n<div class=\"more-link-wrapper\"><a class=\"more-link\" href=\"https:\/\/ste-valentine.ca\/fr\/why-organic\/\">Continue reading<span class=\"screen-reader-text\">Pourquoi Organique?<\/span><\/a><\/div>\n","protected":false},"author":1,"featured_media":0,"parent":0,"menu_order":0,"comment_status":"closed","ping_status":"closed","template":"","meta":{"footnotes":""},"class_list":["post-57","page","type-page","status-publish","hentry","entry"],"yoast_head":"<!-- This site is optimized with the Yoast SEO plugin v25.1 - https:\/\/yoast.com\/wordpress\/plugins\/seo\/ -->\n<title>Pourquoi Organique? - ste-valentine<\/title>\n<meta name=\"robots\" content=\"noindex, follow, max-snippet:-1, max-image-preview:large, max-video-preview:-1\" \/>\n<meta property=\"og:locale\" content=\"fr_FR\" \/>\n<meta property=\"og:type\" content=\"article\" \/>\n<meta property=\"og:title\" content=\"[:en]WHY ORGANIC ?[:fr]Pourquoi Organique?[:] - ste-valentine\" \/>\n<meta property=\"og:description\" content=\"Nous sommes certifi\u00e9s par l&rsquo;organisme \u00a0\u00bbQu\u00e9bec Vrai\u00a0\u00bb en conformit\u00e9 avec les standards du gouvernement Canadien en terme de produits agricoles organiques et nous n&rsquo;utilisons pas&#8230;\" \/>\n<meta property=\"og:url\" content=\"https:\/\/ste-valentine.ca\/why-organic\/\" \/>\n<meta property=\"og:site_name\" content=\"ste-valentine\" \/>\n<meta property=\"article:modified_time\" content=\"2015-04-08T19:16:13+00:00\" \/>\n<meta property=\"og:image\" content=\"https:\/\/ste-valentine.ca\/wp-content\/uploads\/2015\/04\/organic_logo.jpg\" \/>\n<meta name=\"twitter:card\" content=\"summary_large_image\" \/>\n<meta name=\"twitter:label1\" content=\"Dur\u00e9e de lecture estim\u00e9e\" \/>\n\t<meta name=\"twitter:data1\" content=\"3 minutes\" \/>\n<script type=\"application\/ld+json\" class=\"yoast-schema-graph\">{\"@context\":\"https:\/\/schema.org\",\"@graph\":[{\"@type\":\"WebPage\",\"@id\":\"https:\/\/ste-valentine.ca\/why-organic\/\",\"url\":\"https:\/\/ste-valentine.ca\/why-organic\/\",\"name\":\"[:en]WHY ORGANIC ?[:fr]Pourquoi Organique?[:] - ste-valentine\",\"isPartOf\":{\"@id\":\"https:\/\/ste-valentine.ca\/#website\"},\"primaryImageOfPage\":{\"@id\":\"https:\/\/ste-valentine.ca\/why-organic\/#primaryimage\"},\"image\":{\"@id\":\"https:\/\/ste-valentine.ca\/why-organic\/#primaryimage\"},\"thumbnailUrl\":\"https:\/\/ste-valentine.ca\/wp-content\/uploads\/2015\/04\/organic_logo.jpg\",\"datePublished\":\"2015-04-01T03:24:52+00:00\",\"dateModified\":\"2015-04-08T19:16:13+00:00\",\"breadcrumb\":{\"@id\":\"https:\/\/ste-valentine.ca\/why-organic\/#breadcrumb\"},\"inLanguage\":\"fr-FR\",\"potentialAction\":[{\"@type\":\"ReadAction\",\"target\":[\"https:\/\/ste-valentine.ca\/why-organic\/\"]}]},{\"@type\":\"ImageObject\",\"inLanguage\":\"fr-FR\",\"@id\":\"https:\/\/ste-valentine.ca\/why-organic\/#primaryimage\",\"url\":\"https:\/\/ste-valentine.ca\/wp-content\/uploads\/2015\/04\/organic_logo.jpg\",\"contentUrl\":\"https:\/\/ste-valentine.ca\/wp-content\/uploads\/2015\/04\/organic_logo.jpg\"},{\"@type\":\"BreadcrumbList\",\"@id\":\"https:\/\/ste-valentine.ca\/why-organic\/#breadcrumb\",\"itemListElement\":[{\"@type\":\"ListItem\",\"position\":1,\"name\":\"Home\",\"item\":\"https:\/\/ste-valentine.ca\/\"},{\"@type\":\"ListItem\",\"position\":2,\"name\":\"WHY ORGANIC ?\"}]},{\"@type\":\"WebSite\",\"@id\":\"https:\/\/ste-valentine.ca\/#website\",\"url\":\"https:\/\/ste-valentine.ca\/\",\"name\":\"ste-valentine\",\"description\":\"\",\"potentialAction\":[{\"@type\":\"SearchAction\",\"target\":{\"@type\":\"EntryPoint\",\"urlTemplate\":\"https:\/\/ste-valentine.ca\/?s={search_term_string}\"},\"query-input\":{\"@type\":\"PropertyValueSpecification\",\"valueRequired\":true,\"valueName\":\"search_term_string\"}}],\"inLanguage\":\"fr-FR\"}]}<\/script>\n<!-- \/ Yoast SEO plugin. -->","yoast_head_json":{"title":"[:en]WHY ORGANIC ?[:fr]Pourquoi Organique?[:] - ste-valentine","robots":{"index":"noindex","follow":"follow","max-snippet":"max-snippet:-1","max-image-preview":"max-image-preview:large","max-video-preview":"max-video-preview:-1"},"og_locale":"fr_FR","og_type":"article","og_title":"[:en]WHY ORGANIC ?[:fr]Pourquoi Organique?[:] - ste-valentine","og_description":"Nous sommes certifi\u00e9s par l&rsquo;organisme \u00a0\u00bbQu\u00e9bec Vrai\u00a0\u00bb en conformit\u00e9 avec les standards du gouvernement Canadien en terme de produits agricoles organiques et nous n&rsquo;utilisons pas&#8230;","og_url":"https:\/\/ste-valentine.ca\/why-organic\/","og_site_name":"ste-valentine","article_modified_time":"2015-04-08T19:16:13+00:00","og_image":[{"url":"https:\/\/ste-valentine.ca\/wp-content\/uploads\/2015\/04\/organic_logo.jpg","type":"","width":"","height":""}],"twitter_card":"summary_large_image","twitter_misc":{"Dur\u00e9e de lecture estim\u00e9e":"3 minutes"},"schema":{"@context":"https:\/\/schema.org","@graph":[{"@type":"WebPage","@id":"https:\/\/ste-valentine.ca\/why-organic\/","url":"https:\/\/ste-valentine.ca\/why-organic\/","name":"[:en]WHY ORGANIC ?[:fr]Pourquoi Organique?[:] - ste-valentine","isPartOf":{"@id":"https:\/\/ste-valentine.ca\/#website"},"primaryImageOfPage":{"@id":"https:\/\/ste-valentine.ca\/why-organic\/#primaryimage"},"image":{"@id":"https:\/\/ste-valentine.ca\/why-organic\/#primaryimage"},"thumbnailUrl":"https:\/\/ste-valentine.ca\/wp-content\/uploads\/2015\/04\/organic_logo.jpg","datePublished":"2015-04-01T03:24:52+00:00","dateModified":"2015-04-08T19:16:13+00:00","breadcrumb":{"@id":"https:\/\/ste-valentine.ca\/why-organic\/#breadcrumb"},"inLanguage":"fr-FR","potentialAction":[{"@type":"ReadAction","target":["https:\/\/ste-valentine.ca\/why-organic\/"]}]},{"@type":"ImageObject","inLanguage":"fr-FR","@id":"https:\/\/ste-valentine.ca\/why-organic\/#primaryimage","url":"https:\/\/ste-valentine.ca\/wp-content\/uploads\/2015\/04\/organic_logo.jpg","contentUrl":"https:\/\/ste-valentine.ca\/wp-content\/uploads\/2015\/04\/organic_logo.jpg"},{"@type":"BreadcrumbList","@id":"https:\/\/ste-valentine.ca\/why-organic\/#breadcrumb","itemListElement":[{"@type":"ListItem","position":1,"name":"Home","item":"https:\/\/ste-valentine.ca\/"},{"@type":"ListItem","position":2,"name":"WHY ORGANIC ?"}]},{"@type":"WebSite","@id":"https:\/\/ste-valentine.ca\/#website","url":"https:\/\/ste-valentine.ca\/","name":"ste-valentine","description":"","potentialAction":[{"@type":"SearchAction","target":{"@type":"EntryPoint","urlTemplate":"https:\/\/ste-valentine.ca\/?s={search_term_string}"},"query-input":{"@type":"PropertyValueSpecification","valueRequired":true,"valueName":"search_term_string"}}],"inLanguage":"fr-FR"}]}},"_links":{"self":[{"href":"https:\/\/ste-valentine.ca\/fr\/wp-json\/wp\/v2\/pages\/57","targetHints":{"allow":["GET"]}}],"collection":[{"href":"https:\/\/ste-valentine.ca\/fr\/wp-json\/wp\/v2\/pages"}],"about":[{"href":"https:\/\/ste-valentine.ca\/fr\/wp-json\/wp\/v2\/types\/page"}],"author":[{"embeddable":true,"href":"https:\/\/ste-valentine.ca\/fr\/wp-json\/wp\/v2\/users\/1"}],"replies":[{"embeddable":true,"href":"https:\/\/ste-valentine.ca\/fr\/wp-json\/wp\/v2\/comments?post=57"}],"version-history":[{"count":5,"href":"https:\/\/ste-valentine.ca\/fr\/wp-json\/wp\/v2\/pages\/57\/revisions"}],"predecessor-version":[{"id":314,"href":"https:\/\/ste-valentine.ca\/fr\/wp-json\/wp\/v2\/pages\/57\/revisions\/314"}],"wp:attachment":[{"href":"https:\/\/ste-valentine.ca\/fr\/wp-json\/wp\/v2\/media?parent=57"}],"curies":[{"name":"wp","href":"https:\/\/api.w.org\/{rel}","templated":true}]}}