{"id":60,"date":"2015-04-01T03:39:25","date_gmt":"2015-04-01T03:39:25","guid":{"rendered":"http:\/\/ste-valentine.ca\/?page_id=60"},"modified":"2015-04-09T03:10:03","modified_gmt":"2015-04-09T03:10:03","slug":"heirloom-growing","status":"publish","type":"page","link":"https:\/\/ste-valentine.ca\/fr\/heirloom-growing\/","title":{"rendered":"Cultiver \u00e0 l&rsquo;ancienne"},"content":{"rendered":"<p>&rsquo;Cultiver \u00e0 l&rsquo;ancienne &lsquo; signifie de cultiver la terre selon des techniques ancestrales, c&rsquo;est un m\u00e9tier qui viens de notre h\u00e9ritage.<\/p>\n<p>Nous cultivons nos baies selon les techniques anciennes, ce qui a pass\u00e9 l&rsquo;\u00e9preuve du temps.<\/p>\n<p><a href=\"https:\/\/ste-valentine.ca\/wp-content\/uploads\/2015\/04\/chagal.jpg\"><img loading=\"lazy\" decoding=\"async\" class=\"alignleft size-full wp-image-321\" src=\"https:\/\/ste-valentine.ca\/wp-content\/uploads\/2015\/04\/chagal.jpg\" alt=\"chagal\" width=\"267\" height=\"189\" \/><\/a>Nous commen\u00e7ons par les nutriments qui se trouvent dans le sol, le principal \u00e9tant le nitrog\u00e8ne. Nous utilisons le nitrog\u00e8ne \u00e0 partir d&rsquo;une combinaison de diff\u00e9rents foins que nous utilisons comme paillis sur les arbrisseaux\u00a0\u00e0 baies. Ce nitrog\u00e8ne nourrit le biote du sol et ce biote nourrit ensuite les arbrisseaux\u00a0\u00e0 baies. Ce proc\u00e9d\u00e9 assure une am\u00e9lioration continue de la fertilit\u00e9 du sol pendant les nombreuses ann\u00e9es de vie des arbrisseaux \u00e0 baie. Ce paillis de foin fournit aussi d&rsquo;autres nutriments et micronutriments qui assurent l&rsquo;arome et la saveur unique de nos baies lorsqu&rsquo;elles sont \u00e0 pleine maturit\u00e9.<\/p>\n<p>Notre sol fertilis\u00e9 avec du paillis de foin est si fertile que d&rsquo;autres plantes poussent aussi sur notre sol, elles rivalisent avec nos arbrisseaux \u00e0 baies pour les nutriments qu&rsquo;il contient. Nous enlevons ou contr\u00f4lons la grosseur de ces plantes manuellement. M\u00eame si de cultiver \u00e0 l&rsquo;ancienne est dispendieux, nos baies poussent comme pr\u00e9vu afin de vous en\u00a0fournir leurs bienfaits pour la sant\u00e9.<\/p>\n<p>Une autre technique ancienne que nous utilisions est de planter des fleurs sauvages qui attirent des parasites b\u00e9n\u00e9fiques qui mangent les parasites qui mangent nos baies, ce qui nous permet de contr\u00f4ler leur population.<\/p>\n<p>Nous utilisons l&rsquo;\u00e9quivalent de la rotation des cultures lorsque nous cultivons nos baies. Nous entrem\u00ealons diff\u00e9rentes vari\u00e9t\u00e9s d&rsquo;arbrisseaux \u00e0 baie ce qui arr\u00eate la propagation de parasite et de maladies. Ceci nous permet de minimiser les dommages sur notre production totale.<\/p>\n<p>Nous utilisons plusieurs autres techniques de culture \u00e0 l&rsquo;ancienne que nous appliquons quotidiennement. Chaque jour sur la ferme est diff\u00e9rent.<\/p>\n<p>Le principe central de la culture \u00e0 l&rsquo;ancienne est de partager. Les bonnes baies ne sont pas seulement d\u00e9sir\u00e9es par nous, mais par la faune aussi. Quand une partie de notre r\u00e9colte est mang\u00e9e par certains animaux, cela fait en sorte que le prix des baies restantes que nous r\u00e9coltons est plus \u00e9lev\u00e9. En mangeant nos baies, les animaux nous signalent qu&rsquo;elles sont bonnes \u00e0 la consommation puisque leurs sens sont plus d\u00e9velopp\u00e9s que les n\u00f4tres.<\/p>\n<p>Les baies qui nous font saliver et qui sont si bonnes pour la sant\u00e9 semblent \u00eatre plus ch\u00e8res, mais quand vous comparez les bienfaits pour la sant\u00e9 qu&rsquo;elles vous fournissent il s&rsquo;agit en fait d&rsquo;une aubaine.<\/p>","protected":false},"excerpt":{"rendered":"<p>&rsquo;Cultiver \u00e0 l&rsquo;ancienne &lsquo; signifie de cultiver la terre selon des techniques ancestrales, c&rsquo;est un m\u00e9tier qui viens de notre h\u00e9ritage. Nous cultivons nos baies&#8230;<\/p>\n<div class=\"more-link-wrapper\"><a class=\"more-link\" href=\"https:\/\/ste-valentine.ca\/fr\/heirloom-growing\/\">Continue reading<span class=\"screen-reader-text\">Cultiver \u00e0 l&rsquo;ancienne<\/span><\/a><\/div>\n","protected":false},"author":1,"featured_media":0,"parent":0,"menu_order":0,"comment_status":"closed","ping_status":"closed","template":"","meta":{"footnotes":""},"class_list":["post-60","page","type-page","status-publish","hentry","entry"],"yoast_head":"<!-- This site is optimized with the Yoast SEO plugin v25.1 - https:\/\/yoast.com\/wordpress\/plugins\/seo\/ -->\n<title>Cultiver \u00e0 l&#039;ancienne - ste-valentine<\/title>\n<meta name=\"robots\" content=\"noindex, follow, max-snippet:-1, max-image-preview:large, max-video-preview:-1\" \/>\n<meta property=\"og:locale\" content=\"fr_FR\" \/>\n<meta property=\"og:type\" content=\"article\" \/>\n<meta property=\"og:title\" content=\"[:en]HEIRLOOM GROWING[:fr]Cultiver \u00e0 l&#039;ancienne[:] - ste-valentine\" \/>\n<meta property=\"og:description\" content=\"&rsquo;Cultiver \u00e0 l&rsquo;ancienne &lsquo; signifie de cultiver la terre selon des techniques ancestrales, c&rsquo;est un m\u00e9tier qui viens de notre h\u00e9ritage. Nous cultivons nos baies&#8230;\" \/>\n<meta property=\"og:url\" content=\"https:\/\/ste-valentine.ca\/heirloom-growing\/\" \/>\n<meta property=\"og:site_name\" content=\"ste-valentine\" \/>\n<meta property=\"article:modified_time\" content=\"2015-04-09T03:10:03+00:00\" \/>\n<meta property=\"og:image\" content=\"https:\/\/ste-valentine.ca\/wp-content\/uploads\/2015\/04\/chagal.jpg\" \/>\n<meta name=\"twitter:card\" content=\"summary_large_image\" \/>\n<meta name=\"twitter:label1\" content=\"Dur\u00e9e de lecture estim\u00e9e\" \/>\n\t<meta name=\"twitter:data1\" content=\"4 minutes\" \/>\n<script type=\"application\/ld+json\" class=\"yoast-schema-graph\">{\"@context\":\"https:\/\/schema.org\",\"@graph\":[{\"@type\":\"WebPage\",\"@id\":\"https:\/\/ste-valentine.ca\/heirloom-growing\/\",\"url\":\"https:\/\/ste-valentine.ca\/heirloom-growing\/\",\"name\":\"[:en]HEIRLOOM GROWING[:fr]Cultiver \u00e0 l'ancienne[:] - ste-valentine\",\"isPartOf\":{\"@id\":\"https:\/\/ste-valentine.ca\/#website\"},\"primaryImageOfPage\":{\"@id\":\"https:\/\/ste-valentine.ca\/heirloom-growing\/#primaryimage\"},\"image\":{\"@id\":\"https:\/\/ste-valentine.ca\/heirloom-growing\/#primaryimage\"},\"thumbnailUrl\":\"https:\/\/ste-valentine.ca\/wp-content\/uploads\/2015\/04\/chagal.jpg\",\"datePublished\":\"2015-04-01T03:39:25+00:00\",\"dateModified\":\"2015-04-09T03:10:03+00:00\",\"breadcrumb\":{\"@id\":\"https:\/\/ste-valentine.ca\/heirloom-growing\/#breadcrumb\"},\"inLanguage\":\"fr-FR\",\"potentialAction\":[{\"@type\":\"ReadAction\",\"target\":[\"https:\/\/ste-valentine.ca\/heirloom-growing\/\"]}]},{\"@type\":\"ImageObject\",\"inLanguage\":\"fr-FR\",\"@id\":\"https:\/\/ste-valentine.ca\/heirloom-growing\/#primaryimage\",\"url\":\"https:\/\/ste-valentine.ca\/wp-content\/uploads\/2015\/04\/chagal.jpg\",\"contentUrl\":\"https:\/\/ste-valentine.ca\/wp-content\/uploads\/2015\/04\/chagal.jpg\"},{\"@type\":\"BreadcrumbList\",\"@id\":\"https:\/\/ste-valentine.ca\/heirloom-growing\/#breadcrumb\",\"itemListElement\":[{\"@type\":\"ListItem\",\"position\":1,\"name\":\"Home\",\"item\":\"https:\/\/ste-valentine.ca\/\"},{\"@type\":\"ListItem\",\"position\":2,\"name\":\"HEIRLOOM GROWING\"}]},{\"@type\":\"WebSite\",\"@id\":\"https:\/\/ste-valentine.ca\/#website\",\"url\":\"https:\/\/ste-valentine.ca\/\",\"name\":\"ste-valentine\",\"description\":\"\",\"potentialAction\":[{\"@type\":\"SearchAction\",\"target\":{\"@type\":\"EntryPoint\",\"urlTemplate\":\"https:\/\/ste-valentine.ca\/?s={search_term_string}\"},\"query-input\":{\"@type\":\"PropertyValueSpecification\",\"valueRequired\":true,\"valueName\":\"search_term_string\"}}],\"inLanguage\":\"fr-FR\"}]}<\/script>\n<!-- \/ Yoast SEO plugin. -->","yoast_head_json":{"title":"[:en]HEIRLOOM GROWING[:fr]Cultiver \u00e0 l'ancienne[:] - ste-valentine","robots":{"index":"noindex","follow":"follow","max-snippet":"max-snippet:-1","max-image-preview":"max-image-preview:large","max-video-preview":"max-video-preview:-1"},"og_locale":"fr_FR","og_type":"article","og_title":"[:en]HEIRLOOM GROWING[:fr]Cultiver \u00e0 l'ancienne[:] - ste-valentine","og_description":"&rsquo;Cultiver \u00e0 l&rsquo;ancienne &lsquo; signifie de cultiver la terre selon des techniques ancestrales, c&rsquo;est un m\u00e9tier qui viens de notre h\u00e9ritage. Nous cultivons nos baies&#8230;","og_url":"https:\/\/ste-valentine.ca\/heirloom-growing\/","og_site_name":"ste-valentine","article_modified_time":"2015-04-09T03:10:03+00:00","og_image":[{"url":"https:\/\/ste-valentine.ca\/wp-content\/uploads\/2015\/04\/chagal.jpg","type":"","width":"","height":""}],"twitter_card":"summary_large_image","twitter_misc":{"Dur\u00e9e de lecture estim\u00e9e":"4 minutes"},"schema":{"@context":"https:\/\/schema.org","@graph":[{"@type":"WebPage","@id":"https:\/\/ste-valentine.ca\/heirloom-growing\/","url":"https:\/\/ste-valentine.ca\/heirloom-growing\/","name":"[:en]HEIRLOOM GROWING[:fr]Cultiver \u00e0 l'ancienne[:] - ste-valentine","isPartOf":{"@id":"https:\/\/ste-valentine.ca\/#website"},"primaryImageOfPage":{"@id":"https:\/\/ste-valentine.ca\/heirloom-growing\/#primaryimage"},"image":{"@id":"https:\/\/ste-valentine.ca\/heirloom-growing\/#primaryimage"},"thumbnailUrl":"https:\/\/ste-valentine.ca\/wp-content\/uploads\/2015\/04\/chagal.jpg","datePublished":"2015-04-01T03:39:25+00:00","dateModified":"2015-04-09T03:10:03+00:00","breadcrumb":{"@id":"https:\/\/ste-valentine.ca\/heirloom-growing\/#breadcrumb"},"inLanguage":"fr-FR","potentialAction":[{"@type":"ReadAction","target":["https:\/\/ste-valentine.ca\/heirloom-growing\/"]}]},{"@type":"ImageObject","inLanguage":"fr-FR","@id":"https:\/\/ste-valentine.ca\/heirloom-growing\/#primaryimage","url":"https:\/\/ste-valentine.ca\/wp-content\/uploads\/2015\/04\/chagal.jpg","contentUrl":"https:\/\/ste-valentine.ca\/wp-content\/uploads\/2015\/04\/chagal.jpg"},{"@type":"BreadcrumbList","@id":"https:\/\/ste-valentine.ca\/heirloom-growing\/#breadcrumb","itemListElement":[{"@type":"ListItem","position":1,"name":"Home","item":"https:\/\/ste-valentine.ca\/"},{"@type":"ListItem","position":2,"name":"HEIRLOOM GROWING"}]},{"@type":"WebSite","@id":"https:\/\/ste-valentine.ca\/#website","url":"https:\/\/ste-valentine.ca\/","name":"ste-valentine","description":"","potentialAction":[{"@type":"SearchAction","target":{"@type":"EntryPoint","urlTemplate":"https:\/\/ste-valentine.ca\/?s={search_term_string}"},"query-input":{"@type":"PropertyValueSpecification","valueRequired":true,"valueName":"search_term_string"}}],"inLanguage":"fr-FR"}]}},"_links":{"self":[{"href":"https:\/\/ste-valentine.ca\/fr\/wp-json\/wp\/v2\/pages\/60","targetHints":{"allow":["GET"]}}],"collection":[{"href":"https:\/\/ste-valentine.ca\/fr\/wp-json\/wp\/v2\/pages"}],"about":[{"href":"https:\/\/ste-valentine.ca\/fr\/wp-json\/wp\/v2\/types\/page"}],"author":[{"embeddable":true,"href":"https:\/\/ste-valentine.ca\/fr\/wp-json\/wp\/v2\/users\/1"}],"replies":[{"embeddable":true,"href":"https:\/\/ste-valentine.ca\/fr\/wp-json\/wp\/v2\/comments?post=60"}],"version-history":[{"count":3,"href":"https:\/\/ste-valentine.ca\/fr\/wp-json\/wp\/v2\/pages\/60\/revisions"}],"predecessor-version":[{"id":322,"href":"https:\/\/ste-valentine.ca\/fr\/wp-json\/wp\/v2\/pages\/60\/revisions\/322"}],"wp:attachment":[{"href":"https:\/\/ste-valentine.ca\/fr\/wp-json\/wp\/v2\/media?parent=60"}],"curies":[{"name":"wp","href":"https:\/\/api.w.org\/{rel}","templated":true}]}}