{"id":7,"date":"2015-03-30T18:32:25","date_gmt":"2015-03-30T18:32:25","guid":{"rendered":"http:\/\/ste-valentine.ca\/?page_id=7"},"modified":"2015-04-08T18:39:19","modified_gmt":"2015-04-08T18:39:19","slug":"red-raspberries","status":"publish","type":"page","link":"https:\/\/ste-valentine.ca\/fr\/red-raspberries\/","title":{"rendered":"Framboises rouges"},"content":{"rendered":"<p><img loading=\"lazy\" decoding=\"async\" class=\"alignleft size-medium wp-image-14\" src=\"https:\/\/ste-valentine.ca\/wp-content\/uploads\/2015\/03\/open-redberry-box-300x219.jpg\" alt=\"open-redberry-box\" width=\"300\" height=\"219\" srcset=\"https:\/\/ste-valentine.ca\/wp-content\/uploads\/2015\/03\/open-redberry-box-300x219.jpg 300w, https:\/\/ste-valentine.ca\/wp-content\/uploads\/2015\/03\/open-redberry-box-1024x746.jpg 1024w, https:\/\/ste-valentine.ca\/wp-content\/uploads\/2015\/03\/open-redberry-box.jpg 1151w\" sizes=\"auto, (max-width: 300px) 100vw, 300px\" \/>Les framboises sont les bonbons de la nature. Les framboises \u00e0 pleine maturit\u00e9 ont une odeur plaisante, une saveur sucr\u00e9e et rafra\u00eechissante ainsi qu&rsquo;une texture juteuse. Afin de vous offrir des baies de la plus haute qualit\u00e9, nous cultivons nos fruits selon des techniques de cultivassions anciennes dans un sol manuellement entretenu. Nous plantons plusieurs vari\u00e9t\u00e9s de framboises rouges qui m\u00fbrissent lors d&rsquo;une saison qui dure du d\u00e9but juillet jusqu&rsquo;\u00e0 la mi-septembre.<\/p>\n<p>En plus du plaisir de manger de d\u00e9licieuses baies, il existe de nombreux b\u00e9n\u00e9fices pour la sant\u00e9.\u00a0 Une combinaison unique de phytonutriments dans les framboises rouges aide \u00e0 diminuer les risques de maladies associ\u00e9es au stress oxydatif et \u00e0 l&rsquo;inflammation. Vous pouvez trouver plus d&rsquo;information sur le sujet dans la section r\u00e9f\u00e9rence.<\/p>\n<p>Des \u00e9tudes r\u00e9centes ont d\u00e9montr\u00e9 que les framboises organiques sont significativement plus riches en antioxydant que les framboises non organiques. Les plus grands b\u00e9n\u00e9fices en terme d&rsquo;antioxydants sont directement reli\u00e9s avec le m\u00fbrissement complet de la baie.<\/p>\n<p>Les personnes qui mangent au moins 3 portions de framboises par semaine en voient les plus grands b\u00e9n\u00e9fices.<\/p>","protected":false},"excerpt":{"rendered":"<p>Les framboises sont les bonbons de la nature. Les framboises \u00e0 pleine maturit\u00e9 ont une odeur plaisante, une saveur sucr\u00e9e et rafra\u00eechissante ainsi qu&rsquo;une texture&#8230;<\/p>\n<div class=\"more-link-wrapper\"><a class=\"more-link\" href=\"https:\/\/ste-valentine.ca\/fr\/red-raspberries\/\">Continue reading<span class=\"screen-reader-text\">Framboises rouges<\/span><\/a><\/div>\n","protected":false},"author":1,"featured_media":0,"parent":0,"menu_order":0,"comment_status":"closed","ping_status":"closed","template":"","meta":{"footnotes":""},"class_list":["post-7","page","type-page","status-publish","hentry","entry"],"yoast_head":"<!-- This site is optimized with the Yoast SEO plugin v25.1 - https:\/\/yoast.com\/wordpress\/plugins\/seo\/ -->\n<title>Framboises rouges - ste-valentine<\/title>\n<meta name=\"robots\" content=\"noindex, follow, max-snippet:-1, max-image-preview:large, max-video-preview:-1\" \/>\n<meta property=\"og:locale\" content=\"fr_FR\" \/>\n<meta property=\"og:type\" content=\"article\" \/>\n<meta property=\"og:title\" content=\"[:en]Red Raspberries[:fr]Framboises rouges[:] - ste-valentine\" \/>\n<meta property=\"og:description\" content=\"Les framboises sont les bonbons de la nature. Les framboises \u00e0 pleine maturit\u00e9 ont une odeur plaisante, une saveur sucr\u00e9e et rafra\u00eechissante ainsi qu&rsquo;une texture&#8230;\" \/>\n<meta property=\"og:url\" content=\"https:\/\/ste-valentine.ca\/red-raspberries\/\" \/>\n<meta property=\"og:site_name\" content=\"ste-valentine\" \/>\n<meta property=\"article:modified_time\" content=\"2015-04-08T18:39:19+00:00\" \/>\n<meta property=\"og:image\" content=\"https:\/\/ste-valentine.ca\/wp-content\/uploads\/2015\/03\/open-redberry-box-300x219.jpg\" \/>\n<meta name=\"twitter:card\" content=\"summary_large_image\" \/>\n<meta name=\"twitter:label1\" content=\"Dur\u00e9e de lecture estim\u00e9e\" \/>\n\t<meta name=\"twitter:data1\" content=\"2 minutes\" \/>\n<script type=\"application\/ld+json\" class=\"yoast-schema-graph\">{\"@context\":\"https:\/\/schema.org\",\"@graph\":[{\"@type\":\"WebPage\",\"@id\":\"https:\/\/ste-valentine.ca\/red-raspberries\/\",\"url\":\"https:\/\/ste-valentine.ca\/red-raspberries\/\",\"name\":\"[:en]Red Raspberries[:fr]Framboises rouges[:] - ste-valentine\",\"isPartOf\":{\"@id\":\"https:\/\/ste-valentine.ca\/#website\"},\"primaryImageOfPage\":{\"@id\":\"https:\/\/ste-valentine.ca\/red-raspberries\/#primaryimage\"},\"image\":{\"@id\":\"https:\/\/ste-valentine.ca\/red-raspberries\/#primaryimage\"},\"thumbnailUrl\":\"https:\/\/ste-valentine.ca\/wp-content\/uploads\/2015\/03\/open-redberry-box-300x219.jpg\",\"datePublished\":\"2015-03-30T18:32:25+00:00\",\"dateModified\":\"2015-04-08T18:39:19+00:00\",\"breadcrumb\":{\"@id\":\"https:\/\/ste-valentine.ca\/red-raspberries\/#breadcrumb\"},\"inLanguage\":\"fr-FR\",\"potentialAction\":[{\"@type\":\"ReadAction\",\"target\":[\"https:\/\/ste-valentine.ca\/red-raspberries\/\"]}]},{\"@type\":\"ImageObject\",\"inLanguage\":\"fr-FR\",\"@id\":\"https:\/\/ste-valentine.ca\/red-raspberries\/#primaryimage\",\"url\":\"https:\/\/ste-valentine.ca\/wp-content\/uploads\/2015\/03\/open-redberry-box-300x219.jpg\",\"contentUrl\":\"https:\/\/ste-valentine.ca\/wp-content\/uploads\/2015\/03\/open-redberry-box-300x219.jpg\"},{\"@type\":\"BreadcrumbList\",\"@id\":\"https:\/\/ste-valentine.ca\/red-raspberries\/#breadcrumb\",\"itemListElement\":[{\"@type\":\"ListItem\",\"position\":1,\"name\":\"Home\",\"item\":\"https:\/\/ste-valentine.ca\/\"},{\"@type\":\"ListItem\",\"position\":2,\"name\":\"Red Raspberries\"}]},{\"@type\":\"WebSite\",\"@id\":\"https:\/\/ste-valentine.ca\/#website\",\"url\":\"https:\/\/ste-valentine.ca\/\",\"name\":\"ste-valentine\",\"description\":\"\",\"potentialAction\":[{\"@type\":\"SearchAction\",\"target\":{\"@type\":\"EntryPoint\",\"urlTemplate\":\"https:\/\/ste-valentine.ca\/?s={search_term_string}\"},\"query-input\":{\"@type\":\"PropertyValueSpecification\",\"valueRequired\":true,\"valueName\":\"search_term_string\"}}],\"inLanguage\":\"fr-FR\"}]}<\/script>\n<!-- \/ Yoast SEO plugin. -->","yoast_head_json":{"title":"[:en]Red Raspberries[:fr]Framboises rouges[:] - ste-valentine","robots":{"index":"noindex","follow":"follow","max-snippet":"max-snippet:-1","max-image-preview":"max-image-preview:large","max-video-preview":"max-video-preview:-1"},"og_locale":"fr_FR","og_type":"article","og_title":"[:en]Red Raspberries[:fr]Framboises rouges[:] - ste-valentine","og_description":"Les framboises sont les bonbons de la nature. Les framboises \u00e0 pleine maturit\u00e9 ont une odeur plaisante, une saveur sucr\u00e9e et rafra\u00eechissante ainsi qu&rsquo;une texture&#8230;","og_url":"https:\/\/ste-valentine.ca\/red-raspberries\/","og_site_name":"ste-valentine","article_modified_time":"2015-04-08T18:39:19+00:00","og_image":[{"url":"https:\/\/ste-valentine.ca\/wp-content\/uploads\/2015\/03\/open-redberry-box-300x219.jpg","type":"","width":"","height":""}],"twitter_card":"summary_large_image","twitter_misc":{"Dur\u00e9e de lecture estim\u00e9e":"2 minutes"},"schema":{"@context":"https:\/\/schema.org","@graph":[{"@type":"WebPage","@id":"https:\/\/ste-valentine.ca\/red-raspberries\/","url":"https:\/\/ste-valentine.ca\/red-raspberries\/","name":"[:en]Red Raspberries[:fr]Framboises rouges[:] - ste-valentine","isPartOf":{"@id":"https:\/\/ste-valentine.ca\/#website"},"primaryImageOfPage":{"@id":"https:\/\/ste-valentine.ca\/red-raspberries\/#primaryimage"},"image":{"@id":"https:\/\/ste-valentine.ca\/red-raspberries\/#primaryimage"},"thumbnailUrl":"https:\/\/ste-valentine.ca\/wp-content\/uploads\/2015\/03\/open-redberry-box-300x219.jpg","datePublished":"2015-03-30T18:32:25+00:00","dateModified":"2015-04-08T18:39:19+00:00","breadcrumb":{"@id":"https:\/\/ste-valentine.ca\/red-raspberries\/#breadcrumb"},"inLanguage":"fr-FR","potentialAction":[{"@type":"ReadAction","target":["https:\/\/ste-valentine.ca\/red-raspberries\/"]}]},{"@type":"ImageObject","inLanguage":"fr-FR","@id":"https:\/\/ste-valentine.ca\/red-raspberries\/#primaryimage","url":"https:\/\/ste-valentine.ca\/wp-content\/uploads\/2015\/03\/open-redberry-box-300x219.jpg","contentUrl":"https:\/\/ste-valentine.ca\/wp-content\/uploads\/2015\/03\/open-redberry-box-300x219.jpg"},{"@type":"BreadcrumbList","@id":"https:\/\/ste-valentine.ca\/red-raspberries\/#breadcrumb","itemListElement":[{"@type":"ListItem","position":1,"name":"Home","item":"https:\/\/ste-valentine.ca\/"},{"@type":"ListItem","position":2,"name":"Red Raspberries"}]},{"@type":"WebSite","@id":"https:\/\/ste-valentine.ca\/#website","url":"https:\/\/ste-valentine.ca\/","name":"ste-valentine","description":"","potentialAction":[{"@type":"SearchAction","target":{"@type":"EntryPoint","urlTemplate":"https:\/\/ste-valentine.ca\/?s={search_term_string}"},"query-input":{"@type":"PropertyValueSpecification","valueRequired":true,"valueName":"search_term_string"}}],"inLanguage":"fr-FR"}]}},"_links":{"self":[{"href":"https:\/\/ste-valentine.ca\/fr\/wp-json\/wp\/v2\/pages\/7","targetHints":{"allow":["GET"]}}],"collection":[{"href":"https:\/\/ste-valentine.ca\/fr\/wp-json\/wp\/v2\/pages"}],"about":[{"href":"https:\/\/ste-valentine.ca\/fr\/wp-json\/wp\/v2\/types\/page"}],"author":[{"embeddable":true,"href":"https:\/\/ste-valentine.ca\/fr\/wp-json\/wp\/v2\/users\/1"}],"replies":[{"embeddable":true,"href":"https:\/\/ste-valentine.ca\/fr\/wp-json\/wp\/v2\/comments?post=7"}],"version-history":[{"count":5,"href":"https:\/\/ste-valentine.ca\/fr\/wp-json\/wp\/v2\/pages\/7\/revisions"}],"predecessor-version":[{"id":305,"href":"https:\/\/ste-valentine.ca\/fr\/wp-json\/wp\/v2\/pages\/7\/revisions\/305"}],"wp:attachment":[{"href":"https:\/\/ste-valentine.ca\/fr\/wp-json\/wp\/v2\/media?parent=7"}],"curies":[{"name":"wp","href":"https:\/\/api.w.org\/{rel}","templated":true}]}}