{"id":85,"date":"2015-04-01T19:17:02","date_gmt":"2015-04-01T19:17:02","guid":{"rendered":"http:\/\/ste-valentine.ca\/?page_id=85"},"modified":"2015-04-09T03:22:41","modified_gmt":"2015-04-09T03:22:41","slug":"what-is-ripe","status":"publish","type":"page","link":"https:\/\/ste-valentine.ca\/fr\/what-is-ripe\/","title":{"rendered":"Quand est-ce m\u00fbr?"},"content":{"rendered":"<p><a href=\"https:\/\/ste-valentine.ca\/wp-content\/uploads\/2015\/04\/ripepng1.jpg\"><img loading=\"lazy\" decoding=\"async\" class=\"alignleft  wp-image-323\" src=\"https:\/\/ste-valentine.ca\/wp-content\/uploads\/2015\/04\/ripepng1.jpg\" alt=\"ripepng1\" width=\"163\" height=\"163\" srcset=\"https:\/\/ste-valentine.ca\/wp-content\/uploads\/2015\/04\/ripepng1.jpg 493w, https:\/\/ste-valentine.ca\/wp-content\/uploads\/2015\/04\/ripepng1-150x150.jpg 150w, https:\/\/ste-valentine.ca\/wp-content\/uploads\/2015\/04\/ripepng1-300x300.jpg 300w\" sizes=\"auto, (max-width: 163px) 100vw, 163px\" \/><\/a> Les baies m\u00fbres ont un ar\u00f4me envo\u00fbtant, une couleur vibrante, une texture ronde et un go\u00fbt sucr\u00e9 qui attire les animaux et les oiseaux afin que leurs graines soient dispers\u00e9es. Lorsque les animaux et les oiseaux commencent \u00e0 manger nos baies, c&rsquo;est un signe qu&rsquo;elles sont m\u00fbres pour la r\u00e9colte. Il y a plus d&rsquo;information sur ce sujet \u00e0 votre disposition dans la section r\u00e9f\u00e9rence.<\/p>\n<p>Le proc\u00e9d\u00e9 de m\u00fbrissement est une situation en quelque sorte stressante au niveau oxydatif pour les baies, elles produisent donc des antioxydants pour se prot\u00e9ger de ce stress. C&rsquo;est la raison pour laquelle les baies m\u00fbres ont plus d&rsquo;antioxydants et donc de bienfaits pour la sant\u00e9.\u00a0 Vous pouvez vous renseigner sur ces bienfaits dans la section d\u00e9di\u00e9e \u00e0 chaque baie sur ce site.<\/p>\n<p>Nous r\u00e9coltons que les baies m\u00fbres. Elles sont tr\u00e8s p\u00e9rissables et nous avons un emballage sp\u00e9cial, un entreposage et un syst\u00e8me de livraison qui assure que vous serez capable de profiter compl\u00e8tement des b\u00e9n\u00e9fices et du go\u00fbt de nos baies.<\/p>\n<p>Les framboises m\u00fbres sont fragiles et ne peuvent \u00eatre emball\u00e9es l&rsquo;une sur l&rsquo;autre. Notre emballage ne contient qu&rsquo;un seul \u00e9tage afin que les baies ne soient pas \u00e9cras\u00e9es et restent en place lorsqu&rsquo;elles sont manipul\u00e9es. La proportion de framboises comestibles dans notre emballage est beaucoup plus \u00e9lev\u00e9e que dans les autres emballages.<\/p>\n<p>L&#8217;emballage de nos autres baies ne contient qu&rsquo;un seul \u00e9tage aussi.<\/p>","protected":false},"excerpt":{"rendered":"<p>Les baies m\u00fbres ont un ar\u00f4me envo\u00fbtant, une couleur vibrante, une texture ronde et un go\u00fbt sucr\u00e9 qui attire les animaux et les oiseaux afin&#8230;<\/p>\n<div class=\"more-link-wrapper\"><a class=\"more-link\" href=\"https:\/\/ste-valentine.ca\/fr\/what-is-ripe\/\">Continue reading<span class=\"screen-reader-text\">Quand est-ce m\u00fbr?<\/span><\/a><\/div>\n","protected":false},"author":1,"featured_media":0,"parent":0,"menu_order":0,"comment_status":"closed","ping_status":"closed","template":"","meta":{"footnotes":""},"class_list":["post-85","page","type-page","status-publish","hentry","entry"],"yoast_head":"<!-- This site is optimized with the Yoast SEO plugin v25.1 - https:\/\/yoast.com\/wordpress\/plugins\/seo\/ -->\n<title>Quand est-ce m\u00fbr? - ste-valentine<\/title>\n<meta name=\"robots\" content=\"noindex, follow, max-snippet:-1, max-image-preview:large, max-video-preview:-1\" \/>\n<meta property=\"og:locale\" content=\"fr_FR\" \/>\n<meta property=\"og:type\" content=\"article\" \/>\n<meta property=\"og:title\" content=\"[:en]What is \u201cripe\u201d?[:fr]Quand est-ce m\u00fbr?[:] - ste-valentine\" \/>\n<meta property=\"og:description\" content=\"Les baies m\u00fbres ont un ar\u00f4me envo\u00fbtant, une couleur vibrante, une texture ronde et un go\u00fbt sucr\u00e9 qui attire les animaux et les oiseaux afin&#8230;\" \/>\n<meta property=\"og:url\" content=\"https:\/\/ste-valentine.ca\/what-is-ripe\/\" \/>\n<meta property=\"og:site_name\" content=\"ste-valentine\" \/>\n<meta property=\"article:modified_time\" content=\"2015-04-09T03:22:41+00:00\" \/>\n<meta property=\"og:image\" content=\"https:\/\/ste-valentine.ca\/wp-content\/uploads\/2015\/04\/ripepng1.jpg\" \/>\n<meta name=\"twitter:card\" content=\"summary_large_image\" \/>\n<meta name=\"twitter:label1\" content=\"Dur\u00e9e de lecture estim\u00e9e\" \/>\n\t<meta name=\"twitter:data1\" content=\"2 minutes\" \/>\n<script type=\"application\/ld+json\" class=\"yoast-schema-graph\">{\"@context\":\"https:\/\/schema.org\",\"@graph\":[{\"@type\":\"WebPage\",\"@id\":\"https:\/\/ste-valentine.ca\/what-is-ripe\/\",\"url\":\"https:\/\/ste-valentine.ca\/what-is-ripe\/\",\"name\":\"[:en]What is \u201cripe\u201d?[:fr]Quand est-ce m\u00fbr?[:] - ste-valentine\",\"isPartOf\":{\"@id\":\"https:\/\/ste-valentine.ca\/#website\"},\"primaryImageOfPage\":{\"@id\":\"https:\/\/ste-valentine.ca\/what-is-ripe\/#primaryimage\"},\"image\":{\"@id\":\"https:\/\/ste-valentine.ca\/what-is-ripe\/#primaryimage\"},\"thumbnailUrl\":\"https:\/\/ste-valentine.ca\/wp-content\/uploads\/2015\/04\/ripepng1.jpg\",\"datePublished\":\"2015-04-01T19:17:02+00:00\",\"dateModified\":\"2015-04-09T03:22:41+00:00\",\"breadcrumb\":{\"@id\":\"https:\/\/ste-valentine.ca\/what-is-ripe\/#breadcrumb\"},\"inLanguage\":\"fr-FR\",\"potentialAction\":[{\"@type\":\"ReadAction\",\"target\":[\"https:\/\/ste-valentine.ca\/what-is-ripe\/\"]}]},{\"@type\":\"ImageObject\",\"inLanguage\":\"fr-FR\",\"@id\":\"https:\/\/ste-valentine.ca\/what-is-ripe\/#primaryimage\",\"url\":\"https:\/\/ste-valentine.ca\/wp-content\/uploads\/2015\/04\/ripepng1.jpg\",\"contentUrl\":\"https:\/\/ste-valentine.ca\/wp-content\/uploads\/2015\/04\/ripepng1.jpg\"},{\"@type\":\"BreadcrumbList\",\"@id\":\"https:\/\/ste-valentine.ca\/what-is-ripe\/#breadcrumb\",\"itemListElement\":[{\"@type\":\"ListItem\",\"position\":1,\"name\":\"Home\",\"item\":\"https:\/\/ste-valentine.ca\/\"},{\"@type\":\"ListItem\",\"position\":2,\"name\":\"What is \u201cripe\u201d?\"}]},{\"@type\":\"WebSite\",\"@id\":\"https:\/\/ste-valentine.ca\/#website\",\"url\":\"https:\/\/ste-valentine.ca\/\",\"name\":\"ste-valentine\",\"description\":\"\",\"potentialAction\":[{\"@type\":\"SearchAction\",\"target\":{\"@type\":\"EntryPoint\",\"urlTemplate\":\"https:\/\/ste-valentine.ca\/?s={search_term_string}\"},\"query-input\":{\"@type\":\"PropertyValueSpecification\",\"valueRequired\":true,\"valueName\":\"search_term_string\"}}],\"inLanguage\":\"fr-FR\"}]}<\/script>\n<!-- \/ Yoast SEO plugin. -->","yoast_head_json":{"title":"[:en]What is \u201cripe\u201d?[:fr]Quand est-ce m\u00fbr?[:] - ste-valentine","robots":{"index":"noindex","follow":"follow","max-snippet":"max-snippet:-1","max-image-preview":"max-image-preview:large","max-video-preview":"max-video-preview:-1"},"og_locale":"fr_FR","og_type":"article","og_title":"[:en]What is \u201cripe\u201d?[:fr]Quand est-ce m\u00fbr?[:] - ste-valentine","og_description":"Les baies m\u00fbres ont un ar\u00f4me envo\u00fbtant, une couleur vibrante, une texture ronde et un go\u00fbt sucr\u00e9 qui attire les animaux et les oiseaux afin&#8230;","og_url":"https:\/\/ste-valentine.ca\/what-is-ripe\/","og_site_name":"ste-valentine","article_modified_time":"2015-04-09T03:22:41+00:00","og_image":[{"url":"https:\/\/ste-valentine.ca\/wp-content\/uploads\/2015\/04\/ripepng1.jpg","type":"","width":"","height":""}],"twitter_card":"summary_large_image","twitter_misc":{"Dur\u00e9e de lecture estim\u00e9e":"2 minutes"},"schema":{"@context":"https:\/\/schema.org","@graph":[{"@type":"WebPage","@id":"https:\/\/ste-valentine.ca\/what-is-ripe\/","url":"https:\/\/ste-valentine.ca\/what-is-ripe\/","name":"[:en]What is \u201cripe\u201d?[:fr]Quand est-ce m\u00fbr?[:] - ste-valentine","isPartOf":{"@id":"https:\/\/ste-valentine.ca\/#website"},"primaryImageOfPage":{"@id":"https:\/\/ste-valentine.ca\/what-is-ripe\/#primaryimage"},"image":{"@id":"https:\/\/ste-valentine.ca\/what-is-ripe\/#primaryimage"},"thumbnailUrl":"https:\/\/ste-valentine.ca\/wp-content\/uploads\/2015\/04\/ripepng1.jpg","datePublished":"2015-04-01T19:17:02+00:00","dateModified":"2015-04-09T03:22:41+00:00","breadcrumb":{"@id":"https:\/\/ste-valentine.ca\/what-is-ripe\/#breadcrumb"},"inLanguage":"fr-FR","potentialAction":[{"@type":"ReadAction","target":["https:\/\/ste-valentine.ca\/what-is-ripe\/"]}]},{"@type":"ImageObject","inLanguage":"fr-FR","@id":"https:\/\/ste-valentine.ca\/what-is-ripe\/#primaryimage","url":"https:\/\/ste-valentine.ca\/wp-content\/uploads\/2015\/04\/ripepng1.jpg","contentUrl":"https:\/\/ste-valentine.ca\/wp-content\/uploads\/2015\/04\/ripepng1.jpg"},{"@type":"BreadcrumbList","@id":"https:\/\/ste-valentine.ca\/what-is-ripe\/#breadcrumb","itemListElement":[{"@type":"ListItem","position":1,"name":"Home","item":"https:\/\/ste-valentine.ca\/"},{"@type":"ListItem","position":2,"name":"What is \u201cripe\u201d?"}]},{"@type":"WebSite","@id":"https:\/\/ste-valentine.ca\/#website","url":"https:\/\/ste-valentine.ca\/","name":"ste-valentine","description":"","potentialAction":[{"@type":"SearchAction","target":{"@type":"EntryPoint","urlTemplate":"https:\/\/ste-valentine.ca\/?s={search_term_string}"},"query-input":{"@type":"PropertyValueSpecification","valueRequired":true,"valueName":"search_term_string"}}],"inLanguage":"fr-FR"}]}},"_links":{"self":[{"href":"https:\/\/ste-valentine.ca\/fr\/wp-json\/wp\/v2\/pages\/85","targetHints":{"allow":["GET"]}}],"collection":[{"href":"https:\/\/ste-valentine.ca\/fr\/wp-json\/wp\/v2\/pages"}],"about":[{"href":"https:\/\/ste-valentine.ca\/fr\/wp-json\/wp\/v2\/types\/page"}],"author":[{"embeddable":true,"href":"https:\/\/ste-valentine.ca\/fr\/wp-json\/wp\/v2\/users\/1"}],"replies":[{"embeddable":true,"href":"https:\/\/ste-valentine.ca\/fr\/wp-json\/wp\/v2\/comments?post=85"}],"version-history":[{"count":4,"href":"https:\/\/ste-valentine.ca\/fr\/wp-json\/wp\/v2\/pages\/85\/revisions"}],"predecessor-version":[{"id":326,"href":"https:\/\/ste-valentine.ca\/fr\/wp-json\/wp\/v2\/pages\/85\/revisions\/326"}],"wp:attachment":[{"href":"https:\/\/ste-valentine.ca\/fr\/wp-json\/wp\/v2\/media?parent=85"}],"curies":[{"name":"wp","href":"https:\/\/api.w.org\/{rel}","templated":true}]}}