{"id":88,"date":"2015-04-01T19:18:33","date_gmt":"2015-04-01T19:18:33","guid":{"rendered":"http:\/\/ste-valentine.ca\/?page_id=88"},"modified":"2015-04-29T19:02:58","modified_gmt":"2015-04-29T19:02:58","slug":"why-local","status":"publish","type":"page","link":"https:\/\/ste-valentine.ca\/fr\/why-local\/","title":{"rendered":"Pourquoi acheter local?"},"content":{"rendered":"<p><a href=\"https:\/\/ste-valentine.ca\/wp-content\/uploads\/2015\/04\/logo-fr.png\"><img loading=\"lazy\" decoding=\"async\" class=\"aligncenter size-full wp-image-429\" src=\"https:\/\/ste-valentine.ca\/wp-content\/uploads\/2015\/04\/logo-fr.png\" alt=\"logo-fr\" width=\"250\" height=\"56\" \/><\/a><br \/>\nPour profiter au maximum des b\u00e9n\u00e9fices et du go\u00fbt de nos framboises il est recommand\u00e9 de les acheter lorsqu&rsquo;elles sont m\u00fbres (juste apr\u00e8s la cueillette), gardez les au r\u00e9frig\u00e9rateur entre 2 et 4 degr\u00e9s Celsius en tout temps et mangez les rapidement ; au maximum 2 jours apr\u00e8s qu&rsquo;elles aient \u00e9t\u00e9 cueillettes. Plus d&rsquo;information \u00e0 ce sujet peut \u00eatre trouv\u00e9e dans la section r\u00e9f\u00e9rence, Ce cours laps de temps de deux jours limite la distance qu&rsquo;il peut y avoir entre vous et la ferme. Si elles ne sont pas cultiv\u00e9es localement, les b\u00e9n\u00e9fices des framboises ne sont pas disponibles. Notre ferme est \u00e0 une heure de route \u00e0 partir du parlement le long de la rivi\u00e8re d&rsquo;Ottawa. Les bleuets et les cassis sont plus r\u00e9sistants lorsqu&rsquo;ils sont gard\u00e9s pr\u00e8s du point de cong\u00e9lation en tout temps. Les baies m\u00fbres ont un temps de conservation beaucoup moins long, c&rsquo;est pour cette raison que de consommer des baies qui ont \u00e9t\u00e9 cueill\u00eetes dans une ferme pr\u00e8s de votre domicile vous permet de profiter des pleins b\u00e9n\u00e9fices qu&rsquo;elles apportent.<\/p>","protected":false},"excerpt":{"rendered":"<p>Pour profiter au maximum des b\u00e9n\u00e9fices et du go\u00fbt de nos framboises il est recommand\u00e9 de les acheter lorsqu&rsquo;elles sont m\u00fbres (juste apr\u00e8s la cueillette),&#8230;<\/p>\n<div class=\"more-link-wrapper\"><a class=\"more-link\" href=\"https:\/\/ste-valentine.ca\/fr\/why-local\/\">Continue reading<span class=\"screen-reader-text\">Pourquoi acheter local?<\/span><\/a><\/div>\n","protected":false},"author":1,"featured_media":0,"parent":0,"menu_order":0,"comment_status":"closed","ping_status":"closed","template":"","meta":{"footnotes":""},"class_list":["post-88","page","type-page","status-publish","hentry","entry"],"yoast_head":"<!-- This site is optimized with the Yoast SEO plugin v25.1 - https:\/\/yoast.com\/wordpress\/plugins\/seo\/ -->\n<title>Pourquoi acheter local? - ste-valentine<\/title>\n<meta name=\"robots\" content=\"noindex, follow, max-snippet:-1, max-image-preview:large, max-video-preview:-1\" \/>\n<meta property=\"og:locale\" content=\"fr_FR\" \/>\n<meta property=\"og:type\" content=\"article\" \/>\n<meta property=\"og:title\" content=\"[:en]WHY LOCAL ?[:fr]Pourquoi acheter local?[:] - ste-valentine\" \/>\n<meta property=\"og:description\" content=\"Pour profiter au maximum des b\u00e9n\u00e9fices et du go\u00fbt de nos framboises il est recommand\u00e9 de les acheter lorsqu&rsquo;elles sont m\u00fbres (juste apr\u00e8s la cueillette),&#8230;\" \/>\n<meta property=\"og:url\" content=\"https:\/\/ste-valentine.ca\/why-local\/\" \/>\n<meta property=\"og:site_name\" content=\"ste-valentine\" \/>\n<meta property=\"article:modified_time\" content=\"2015-04-29T19:02:58+00:00\" \/>\n<meta property=\"og:image\" content=\"https:\/\/ste-valentine.ca\/wp-content\/uploads\/2015\/04\/logo-en.png\" \/>\n<meta name=\"twitter:card\" content=\"summary_large_image\" \/>\n<meta name=\"twitter:label1\" content=\"Dur\u00e9e de lecture estim\u00e9e\" \/>\n\t<meta name=\"twitter:data1\" content=\"2 minutes\" \/>\n<script type=\"application\/ld+json\" class=\"yoast-schema-graph\">{\"@context\":\"https:\/\/schema.org\",\"@graph\":[{\"@type\":\"WebPage\",\"@id\":\"https:\/\/ste-valentine.ca\/why-local\/\",\"url\":\"https:\/\/ste-valentine.ca\/why-local\/\",\"name\":\"[:en]WHY LOCAL ?[:fr]Pourquoi acheter local?[:] - ste-valentine\",\"isPartOf\":{\"@id\":\"https:\/\/ste-valentine.ca\/#website\"},\"primaryImageOfPage\":{\"@id\":\"https:\/\/ste-valentine.ca\/why-local\/#primaryimage\"},\"image\":{\"@id\":\"https:\/\/ste-valentine.ca\/why-local\/#primaryimage\"},\"thumbnailUrl\":\"https:\/\/ste-valentine.ca\/wp-content\/uploads\/2015\/04\/logo-en.png\",\"datePublished\":\"2015-04-01T19:18:33+00:00\",\"dateModified\":\"2015-04-29T19:02:58+00:00\",\"breadcrumb\":{\"@id\":\"https:\/\/ste-valentine.ca\/why-local\/#breadcrumb\"},\"inLanguage\":\"fr-FR\",\"potentialAction\":[{\"@type\":\"ReadAction\",\"target\":[\"https:\/\/ste-valentine.ca\/why-local\/\"]}]},{\"@type\":\"ImageObject\",\"inLanguage\":\"fr-FR\",\"@id\":\"https:\/\/ste-valentine.ca\/why-local\/#primaryimage\",\"url\":\"https:\/\/ste-valentine.ca\/wp-content\/uploads\/2015\/04\/logo-en.png\",\"contentUrl\":\"https:\/\/ste-valentine.ca\/wp-content\/uploads\/2015\/04\/logo-en.png\"},{\"@type\":\"BreadcrumbList\",\"@id\":\"https:\/\/ste-valentine.ca\/why-local\/#breadcrumb\",\"itemListElement\":[{\"@type\":\"ListItem\",\"position\":1,\"name\":\"Home\",\"item\":\"https:\/\/ste-valentine.ca\/\"},{\"@type\":\"ListItem\",\"position\":2,\"name\":\"WHY LOCAL ?\"}]},{\"@type\":\"WebSite\",\"@id\":\"https:\/\/ste-valentine.ca\/#website\",\"url\":\"https:\/\/ste-valentine.ca\/\",\"name\":\"ste-valentine\",\"description\":\"\",\"potentialAction\":[{\"@type\":\"SearchAction\",\"target\":{\"@type\":\"EntryPoint\",\"urlTemplate\":\"https:\/\/ste-valentine.ca\/?s={search_term_string}\"},\"query-input\":{\"@type\":\"PropertyValueSpecification\",\"valueRequired\":true,\"valueName\":\"search_term_string\"}}],\"inLanguage\":\"fr-FR\"}]}<\/script>\n<!-- \/ Yoast SEO plugin. -->","yoast_head_json":{"title":"[:en]WHY LOCAL ?[:fr]Pourquoi acheter local?[:] - ste-valentine","robots":{"index":"noindex","follow":"follow","max-snippet":"max-snippet:-1","max-image-preview":"max-image-preview:large","max-video-preview":"max-video-preview:-1"},"og_locale":"fr_FR","og_type":"article","og_title":"[:en]WHY LOCAL ?[:fr]Pourquoi acheter local?[:] - ste-valentine","og_description":"Pour profiter au maximum des b\u00e9n\u00e9fices et du go\u00fbt de nos framboises il est recommand\u00e9 de les acheter lorsqu&rsquo;elles sont m\u00fbres (juste apr\u00e8s la cueillette),&#8230;","og_url":"https:\/\/ste-valentine.ca\/why-local\/","og_site_name":"ste-valentine","article_modified_time":"2015-04-29T19:02:58+00:00","og_image":[{"url":"https:\/\/ste-valentine.ca\/wp-content\/uploads\/2015\/04\/logo-en.png","type":"","width":"","height":""}],"twitter_card":"summary_large_image","twitter_misc":{"Dur\u00e9e de lecture estim\u00e9e":"2 minutes"},"schema":{"@context":"https:\/\/schema.org","@graph":[{"@type":"WebPage","@id":"https:\/\/ste-valentine.ca\/why-local\/","url":"https:\/\/ste-valentine.ca\/why-local\/","name":"[:en]WHY LOCAL ?[:fr]Pourquoi acheter local?[:] - ste-valentine","isPartOf":{"@id":"https:\/\/ste-valentine.ca\/#website"},"primaryImageOfPage":{"@id":"https:\/\/ste-valentine.ca\/why-local\/#primaryimage"},"image":{"@id":"https:\/\/ste-valentine.ca\/why-local\/#primaryimage"},"thumbnailUrl":"https:\/\/ste-valentine.ca\/wp-content\/uploads\/2015\/04\/logo-en.png","datePublished":"2015-04-01T19:18:33+00:00","dateModified":"2015-04-29T19:02:58+00:00","breadcrumb":{"@id":"https:\/\/ste-valentine.ca\/why-local\/#breadcrumb"},"inLanguage":"fr-FR","potentialAction":[{"@type":"ReadAction","target":["https:\/\/ste-valentine.ca\/why-local\/"]}]},{"@type":"ImageObject","inLanguage":"fr-FR","@id":"https:\/\/ste-valentine.ca\/why-local\/#primaryimage","url":"https:\/\/ste-valentine.ca\/wp-content\/uploads\/2015\/04\/logo-en.png","contentUrl":"https:\/\/ste-valentine.ca\/wp-content\/uploads\/2015\/04\/logo-en.png"},{"@type":"BreadcrumbList","@id":"https:\/\/ste-valentine.ca\/why-local\/#breadcrumb","itemListElement":[{"@type":"ListItem","position":1,"name":"Home","item":"https:\/\/ste-valentine.ca\/"},{"@type":"ListItem","position":2,"name":"WHY LOCAL ?"}]},{"@type":"WebSite","@id":"https:\/\/ste-valentine.ca\/#website","url":"https:\/\/ste-valentine.ca\/","name":"ste-valentine","description":"","potentialAction":[{"@type":"SearchAction","target":{"@type":"EntryPoint","urlTemplate":"https:\/\/ste-valentine.ca\/?s={search_term_string}"},"query-input":{"@type":"PropertyValueSpecification","valueRequired":true,"valueName":"search_term_string"}}],"inLanguage":"fr-FR"}]}},"_links":{"self":[{"href":"https:\/\/ste-valentine.ca\/fr\/wp-json\/wp\/v2\/pages\/88","targetHints":{"allow":["GET"]}}],"collection":[{"href":"https:\/\/ste-valentine.ca\/fr\/wp-json\/wp\/v2\/pages"}],"about":[{"href":"https:\/\/ste-valentine.ca\/fr\/wp-json\/wp\/v2\/types\/page"}],"author":[{"embeddable":true,"href":"https:\/\/ste-valentine.ca\/fr\/wp-json\/wp\/v2\/users\/1"}],"replies":[{"embeddable":true,"href":"https:\/\/ste-valentine.ca\/fr\/wp-json\/wp\/v2\/comments?post=88"}],"version-history":[{"count":5,"href":"https:\/\/ste-valentine.ca\/fr\/wp-json\/wp\/v2\/pages\/88\/revisions"}],"predecessor-version":[{"id":440,"href":"https:\/\/ste-valentine.ca\/fr\/wp-json\/wp\/v2\/pages\/88\/revisions\/440"}],"wp:attachment":[{"href":"https:\/\/ste-valentine.ca\/fr\/wp-json\/wp\/v2\/media?parent=88"}],"curies":[{"name":"wp","href":"https:\/\/api.w.org\/{rel}","templated":true}]}}