{"id":94,"date":"2015-04-02T02:53:59","date_gmt":"2015-04-02T02:53:59","guid":{"rendered":"http:\/\/ste-valentine.ca\/?page_id=94"},"modified":"2015-04-02T02:53:59","modified_gmt":"2015-04-02T02:53:59","slug":"vitamins","status":"publish","type":"page","link":"https:\/\/ste-valentine.ca\/fr\/vitamins\/","title":{"rendered":"VITAMINES"},"content":{"rendered":"<p>Il est difficile de livrer les baies apr\u00e8s les avoir cueillis afin qu&rsquo;elles aient le taux maximum de vitamines et min\u00e9raux.<\/p>\n<p>Deux proc\u00e9d\u00e9s physiques sont principalement responsables de la perte de vitamines et d&rsquo;antioxydants : la d\u00e9composition naturelle apr\u00e8s la cueillette et le dess\u00e8chement.<\/p>\n<p>Par exemple, le rythme de d\u00e9composition des framboises est huit fois moins \u00e9lev\u00e9 \u00e0 0 degr\u00e9 qu&rsquo;\u00e0 20 degr\u00e9s Celsius. C&rsquo;est pourquoi que nous pla\u00e7ons les baies dans\u00a0des bo\u00eetes et dans une glaci\u00e8re lors de la r\u00e9colte pour ensuite les placer dans un r\u00e9frig\u00e9rateur avant de les envoyer au d\u00e9taillant qui les entrepose et les vend dans un r\u00e9frig\u00e9rateur.<\/p>\n<p>Par rapport au dess\u00e8chement, les framboises perdent de l&rsquo;eau trente-cinq fois plus vite \u00e0 25 degr\u00e9s Celsius et trente pour cent d&rsquo;humidit\u00e9 relative qu&rsquo;\u00e0 0 degr\u00e9 Celsius et 90 pour cent d&rsquo;humidit\u00e9 relative. Lors de la r\u00e9colte, nous \u00e9vaporons l&rsquo;eau de pluie et la ros\u00e9e qui peut se trouver dans le r\u00e9frig\u00e9rateur pour ensuite maintenir un taux d&rsquo;humidit\u00e9 \u00e9lev\u00e9. Une autre raison d&rsquo;entreposer les baies dans des bo\u00eetes ferm\u00e9es est afin de maintenir un haut taux d&rsquo;humidit\u00e9. Par contre, un haut taux d&rsquo;humidit\u00e9 encourage la formation de champignons. C&rsquo;est la raison pour laquelle les baies livr\u00e9es \u00e0 pleine maturit\u00e9 doivent \u00eatre mang\u00e9es en 2 jours ou moins avant que les champignons commencent \u00e0 se propager. Nous marquons chaque bo\u00eete avec une \u00e9tiquette qui mentionne la date de cueillette.<\/p>\n<p>La lumi\u00e8re est un autre facteur qui peut causer la d\u00e9composition et le dess\u00e8chement des baies. C&rsquo;est de l&rsquo;ordre du bon sens de les prot\u00e9ger de la lumi\u00e8re apr\u00e8s la cueillette. C&rsquo;est la raison pour laquelle toutes nos bo\u00eetes sont ferm\u00e9es; afin de les prot\u00e9ger de la lumi\u00e8re du soleil.<\/p>\n<p>Pour ce qui est du taux de vitamines et min\u00e9raux qui se trouve dans les baies, il est facile de trouver plusieurs sources d&rsquo;information sur le sujet. Pour votre convenance, nous avons mis plusieurs sources sur le sujet dans la section R\u00c9F\u00c9RENCE.<\/p>\n<p>&nbsp;<\/p>\n<p>&nbsp;<\/p>\n<p>&nbsp;<\/p>","protected":false},"excerpt":{"rendered":"<p>Il est difficile de livrer les baies apr\u00e8s les avoir cueillis afin qu&rsquo;elles aient le taux maximum de vitamines et min\u00e9raux. Deux proc\u00e9d\u00e9s physiques sont&#8230;<\/p>\n<div class=\"more-link-wrapper\"><a class=\"more-link\" href=\"https:\/\/ste-valentine.ca\/fr\/vitamins\/\">Continue reading<span class=\"screen-reader-text\">VITAMINES<\/span><\/a><\/div>\n","protected":false},"author":1,"featured_media":0,"parent":0,"menu_order":0,"comment_status":"closed","ping_status":"closed","template":"","meta":{"footnotes":""},"class_list":["post-94","page","type-page","status-publish","hentry","entry"],"yoast_head":"<!-- This site is optimized with the Yoast SEO plugin v25.1 - https:\/\/yoast.com\/wordpress\/plugins\/seo\/ -->\n<title>VITAMINES - ste-valentine<\/title>\n<meta name=\"robots\" content=\"noindex, follow, max-snippet:-1, max-image-preview:large, max-video-preview:-1\" \/>\n<meta property=\"og:locale\" content=\"fr_FR\" \/>\n<meta property=\"og:type\" content=\"article\" \/>\n<meta property=\"og:title\" content=\"[:en]VITAMINS[:fr]VITAMINES[:] - ste-valentine\" \/>\n<meta property=\"og:description\" content=\"Il est difficile de livrer les baies apr\u00e8s les avoir cueillis afin qu&rsquo;elles aient le taux maximum de vitamines et min\u00e9raux. Deux proc\u00e9d\u00e9s physiques sont&#8230;\" \/>\n<meta property=\"og:url\" content=\"https:\/\/ste-valentine.ca\/vitamins\/\" \/>\n<meta property=\"og:site_name\" content=\"ste-valentine\" \/>\n<meta name=\"twitter:card\" content=\"summary_large_image\" \/>\n<meta name=\"twitter:label1\" content=\"Dur\u00e9e de lecture estim\u00e9e\" \/>\n\t<meta name=\"twitter:data1\" content=\"3 minutes\" \/>\n<script type=\"application\/ld+json\" class=\"yoast-schema-graph\">{\"@context\":\"https:\/\/schema.org\",\"@graph\":[{\"@type\":\"WebPage\",\"@id\":\"https:\/\/ste-valentine.ca\/vitamins\/\",\"url\":\"https:\/\/ste-valentine.ca\/vitamins\/\",\"name\":\"[:en]VITAMINS[:fr]VITAMINES[:] - ste-valentine\",\"isPartOf\":{\"@id\":\"https:\/\/ste-valentine.ca\/#website\"},\"datePublished\":\"2015-04-02T02:53:59+00:00\",\"breadcrumb\":{\"@id\":\"https:\/\/ste-valentine.ca\/vitamins\/#breadcrumb\"},\"inLanguage\":\"fr-FR\",\"potentialAction\":[{\"@type\":\"ReadAction\",\"target\":[\"https:\/\/ste-valentine.ca\/vitamins\/\"]}]},{\"@type\":\"BreadcrumbList\",\"@id\":\"https:\/\/ste-valentine.ca\/vitamins\/#breadcrumb\",\"itemListElement\":[{\"@type\":\"ListItem\",\"position\":1,\"name\":\"Home\",\"item\":\"https:\/\/ste-valentine.ca\/\"},{\"@type\":\"ListItem\",\"position\":2,\"name\":\"VITAMINS\"}]},{\"@type\":\"WebSite\",\"@id\":\"https:\/\/ste-valentine.ca\/#website\",\"url\":\"https:\/\/ste-valentine.ca\/\",\"name\":\"ste-valentine\",\"description\":\"\",\"potentialAction\":[{\"@type\":\"SearchAction\",\"target\":{\"@type\":\"EntryPoint\",\"urlTemplate\":\"https:\/\/ste-valentine.ca\/?s={search_term_string}\"},\"query-input\":{\"@type\":\"PropertyValueSpecification\",\"valueRequired\":true,\"valueName\":\"search_term_string\"}}],\"inLanguage\":\"fr-FR\"}]}<\/script>\n<!-- \/ Yoast SEO plugin. -->","yoast_head_json":{"title":"[:en]VITAMINS[:fr]VITAMINES[:] - ste-valentine","robots":{"index":"noindex","follow":"follow","max-snippet":"max-snippet:-1","max-image-preview":"max-image-preview:large","max-video-preview":"max-video-preview:-1"},"og_locale":"fr_FR","og_type":"article","og_title":"[:en]VITAMINS[:fr]VITAMINES[:] - ste-valentine","og_description":"Il est difficile de livrer les baies apr\u00e8s les avoir cueillis afin qu&rsquo;elles aient le taux maximum de vitamines et min\u00e9raux. Deux proc\u00e9d\u00e9s physiques sont&#8230;","og_url":"https:\/\/ste-valentine.ca\/vitamins\/","og_site_name":"ste-valentine","twitter_card":"summary_large_image","twitter_misc":{"Dur\u00e9e de lecture estim\u00e9e":"3 minutes"},"schema":{"@context":"https:\/\/schema.org","@graph":[{"@type":"WebPage","@id":"https:\/\/ste-valentine.ca\/vitamins\/","url":"https:\/\/ste-valentine.ca\/vitamins\/","name":"[:en]VITAMINS[:fr]VITAMINES[:] - ste-valentine","isPartOf":{"@id":"https:\/\/ste-valentine.ca\/#website"},"datePublished":"2015-04-02T02:53:59+00:00","breadcrumb":{"@id":"https:\/\/ste-valentine.ca\/vitamins\/#breadcrumb"},"inLanguage":"fr-FR","potentialAction":[{"@type":"ReadAction","target":["https:\/\/ste-valentine.ca\/vitamins\/"]}]},{"@type":"BreadcrumbList","@id":"https:\/\/ste-valentine.ca\/vitamins\/#breadcrumb","itemListElement":[{"@type":"ListItem","position":1,"name":"Home","item":"https:\/\/ste-valentine.ca\/"},{"@type":"ListItem","position":2,"name":"VITAMINS"}]},{"@type":"WebSite","@id":"https:\/\/ste-valentine.ca\/#website","url":"https:\/\/ste-valentine.ca\/","name":"ste-valentine","description":"","potentialAction":[{"@type":"SearchAction","target":{"@type":"EntryPoint","urlTemplate":"https:\/\/ste-valentine.ca\/?s={search_term_string}"},"query-input":{"@type":"PropertyValueSpecification","valueRequired":true,"valueName":"search_term_string"}}],"inLanguage":"fr-FR"}]}},"_links":{"self":[{"href":"https:\/\/ste-valentine.ca\/fr\/wp-json\/wp\/v2\/pages\/94","targetHints":{"allow":["GET"]}}],"collection":[{"href":"https:\/\/ste-valentine.ca\/fr\/wp-json\/wp\/v2\/pages"}],"about":[{"href":"https:\/\/ste-valentine.ca\/fr\/wp-json\/wp\/v2\/types\/page"}],"author":[{"embeddable":true,"href":"https:\/\/ste-valentine.ca\/fr\/wp-json\/wp\/v2\/users\/1"}],"replies":[{"embeddable":true,"href":"https:\/\/ste-valentine.ca\/fr\/wp-json\/wp\/v2\/comments?post=94"}],"version-history":[{"count":1,"href":"https:\/\/ste-valentine.ca\/fr\/wp-json\/wp\/v2\/pages\/94\/revisions"}],"predecessor-version":[{"id":95,"href":"https:\/\/ste-valentine.ca\/fr\/wp-json\/wp\/v2\/pages\/94\/revisions\/95"}],"wp:attachment":[{"href":"https:\/\/ste-valentine.ca\/fr\/wp-json\/wp\/v2\/media?parent=94"}],"curies":[{"name":"wp","href":"https:\/\/api.w.org\/{rel}","templated":true}]}}