{"id":96,"date":"2015-04-02T03:09:50","date_gmt":"2015-04-02T03:09:50","guid":{"rendered":"http:\/\/ste-valentine.ca\/?page_id=96"},"modified":"2015-05-03T06:30:59","modified_gmt":"2015-05-03T06:30:59","slug":"markets","status":"publish","type":"page","link":"https:\/\/ste-valentine.ca\/fr\/markets\/","title":{"rendered":"March\u00e9"},"content":{"rendered":"<p><img loading=\"lazy\" decoding=\"async\" class=\"aligncenter size-full wp-image-455\" src=\"https:\/\/ste-valentine.ca\/wp-content\/uploads\/2015\/04\/market-fr2.jpg\" alt=\"market-fr2\" width=\"500\" height=\"391\" srcset=\"https:\/\/ste-valentine.ca\/wp-content\/uploads\/2015\/04\/market-fr2.jpg 500w, https:\/\/ste-valentine.ca\/wp-content\/uploads\/2015\/04\/market-fr2-300x235.jpg 300w\" sizes=\"auto, (max-width: 500px) 100vw, 500px\" \/>Nous vendons nos produits en ligne \u00e0 l&rsquo;adresse suivante : https:\/\/www.savourottawaonline.ca . Savour Ottawa, la ville d&rsquo;Ottawa et Just food travaillent ensemble sur un nouveau projet int\u00e9ressant appel\u00e9 Savour Ottawa Online. C&rsquo;est un march\u00e9 en ligne qui offre des produits locaux. Nous en vendons nos produits \u00e0 plusieurs fermes qui offrent la livraison de nourriture organique ainsi qu&rsquo;\u00e0 plusieurs distributeurs qui livrent leur nourriture \u00e0 l&rsquo;aide de camions r\u00e9frig\u00e9r\u00e9s. Si vous achetez des produits \u00e0 un vendeur sur la route, demandez s\u2019il vend nos baies. Nous en vendons aussi \u00e0 des restaurants, surtout ceux qui offrent de la nourriture organique. Demandez \u00e0 votre restaurant favori s\u2019ils servent nos baies, fra\u00eeches ou dans un d\u00e9sert. Nous vendons nos baies \u00e0 des \u00e9piceries organiques lorsqu&rsquo;ils utilisent des r\u00e9frig\u00e9rateurs pour entreposer leurs baies. Demandez \u00e0 votre \u00e9picerie s\u2019ils vendent nos baies. Nous ne pouvons pas vendre nos baies lors de march\u00e9 fermier, car il n&rsquo;y \u00e0 pas de r\u00e9frig\u00e9rateur pour entreposer nos baies<\/p>","protected":false},"excerpt":{"rendered":"<p>Nous vendons nos produits en ligne \u00e0 l&rsquo;adresse suivante : https:\/\/www.savourottawaonline.ca . Savour Ottawa, la ville d&rsquo;Ottawa et Just food travaillent ensemble sur un nouveau&#8230;<\/p>\n<div class=\"more-link-wrapper\"><a class=\"more-link\" href=\"https:\/\/ste-valentine.ca\/fr\/markets\/\">Continue reading<span class=\"screen-reader-text\">March\u00e9<\/span><\/a><\/div>\n","protected":false},"author":1,"featured_media":0,"parent":0,"menu_order":0,"comment_status":"closed","ping_status":"closed","template":"","meta":{"footnotes":""},"class_list":["post-96","page","type-page","status-publish","hentry","entry"],"yoast_head":"<!-- This site is optimized with the Yoast SEO plugin v25.1 - https:\/\/yoast.com\/wordpress\/plugins\/seo\/ -->\n<title>March\u00e9 - ste-valentine<\/title>\n<meta name=\"robots\" content=\"noindex, follow, max-snippet:-1, max-image-preview:large, max-video-preview:-1\" \/>\n<meta property=\"og:locale\" content=\"fr_FR\" \/>\n<meta property=\"og:type\" content=\"article\" \/>\n<meta property=\"og:title\" content=\"[:en]MARKETS[:fr]March\u00e9[:] - ste-valentine\" \/>\n<meta property=\"og:description\" content=\"Nous vendons nos produits en ligne \u00e0 l&rsquo;adresse suivante : https:\/\/www.savourottawaonline.ca . Savour Ottawa, la ville d&rsquo;Ottawa et Just food travaillent ensemble sur un nouveau&#8230;\" \/>\n<meta property=\"og:url\" content=\"https:\/\/ste-valentine.ca\/markets\/\" \/>\n<meta property=\"og:site_name\" content=\"ste-valentine\" \/>\n<meta property=\"article:modified_time\" content=\"2015-05-03T06:30:59+00:00\" \/>\n<meta property=\"og:image\" content=\"https:\/\/ste-valentine.ca\/wp-content\/uploads\/2015\/04\/market-en-final.jpg\" \/>\n<meta name=\"twitter:card\" content=\"summary_large_image\" \/>\n<meta name=\"twitter:label1\" content=\"Dur\u00e9e de lecture estim\u00e9e\" \/>\n\t<meta name=\"twitter:data1\" content=\"2 minutes\" \/>\n<script type=\"application\/ld+json\" class=\"yoast-schema-graph\">{\"@context\":\"https:\/\/schema.org\",\"@graph\":[{\"@type\":\"WebPage\",\"@id\":\"https:\/\/ste-valentine.ca\/markets\/\",\"url\":\"https:\/\/ste-valentine.ca\/markets\/\",\"name\":\"[:en]MARKETS[:fr]March\u00e9[:] - ste-valentine\",\"isPartOf\":{\"@id\":\"https:\/\/ste-valentine.ca\/#website\"},\"primaryImageOfPage\":{\"@id\":\"https:\/\/ste-valentine.ca\/markets\/#primaryimage\"},\"image\":{\"@id\":\"https:\/\/ste-valentine.ca\/markets\/#primaryimage\"},\"thumbnailUrl\":\"https:\/\/ste-valentine.ca\/wp-content\/uploads\/2015\/04\/market-en-final.jpg\",\"datePublished\":\"2015-04-02T03:09:50+00:00\",\"dateModified\":\"2015-05-03T06:30:59+00:00\",\"breadcrumb\":{\"@id\":\"https:\/\/ste-valentine.ca\/markets\/#breadcrumb\"},\"inLanguage\":\"fr-FR\",\"potentialAction\":[{\"@type\":\"ReadAction\",\"target\":[\"https:\/\/ste-valentine.ca\/markets\/\"]}]},{\"@type\":\"ImageObject\",\"inLanguage\":\"fr-FR\",\"@id\":\"https:\/\/ste-valentine.ca\/markets\/#primaryimage\",\"url\":\"https:\/\/ste-valentine.ca\/wp-content\/uploads\/2015\/04\/market-en-final.jpg\",\"contentUrl\":\"https:\/\/ste-valentine.ca\/wp-content\/uploads\/2015\/04\/market-en-final.jpg\"},{\"@type\":\"BreadcrumbList\",\"@id\":\"https:\/\/ste-valentine.ca\/markets\/#breadcrumb\",\"itemListElement\":[{\"@type\":\"ListItem\",\"position\":1,\"name\":\"Home\",\"item\":\"https:\/\/ste-valentine.ca\/\"},{\"@type\":\"ListItem\",\"position\":2,\"name\":\"MARKETS\"}]},{\"@type\":\"WebSite\",\"@id\":\"https:\/\/ste-valentine.ca\/#website\",\"url\":\"https:\/\/ste-valentine.ca\/\",\"name\":\"ste-valentine\",\"description\":\"\",\"potentialAction\":[{\"@type\":\"SearchAction\",\"target\":{\"@type\":\"EntryPoint\",\"urlTemplate\":\"https:\/\/ste-valentine.ca\/?s={search_term_string}\"},\"query-input\":{\"@type\":\"PropertyValueSpecification\",\"valueRequired\":true,\"valueName\":\"search_term_string\"}}],\"inLanguage\":\"fr-FR\"}]}<\/script>\n<!-- \/ Yoast SEO plugin. -->","yoast_head_json":{"title":"[:en]MARKETS[:fr]March\u00e9[:] - ste-valentine","robots":{"index":"noindex","follow":"follow","max-snippet":"max-snippet:-1","max-image-preview":"max-image-preview:large","max-video-preview":"max-video-preview:-1"},"og_locale":"fr_FR","og_type":"article","og_title":"[:en]MARKETS[:fr]March\u00e9[:] - ste-valentine","og_description":"Nous vendons nos produits en ligne \u00e0 l&rsquo;adresse suivante : https:\/\/www.savourottawaonline.ca . Savour Ottawa, la ville d&rsquo;Ottawa et Just food travaillent ensemble sur un nouveau&#8230;","og_url":"https:\/\/ste-valentine.ca\/markets\/","og_site_name":"ste-valentine","article_modified_time":"2015-05-03T06:30:59+00:00","og_image":[{"url":"https:\/\/ste-valentine.ca\/wp-content\/uploads\/2015\/04\/market-en-final.jpg","type":"","width":"","height":""}],"twitter_card":"summary_large_image","twitter_misc":{"Dur\u00e9e de lecture estim\u00e9e":"2 minutes"},"schema":{"@context":"https:\/\/schema.org","@graph":[{"@type":"WebPage","@id":"https:\/\/ste-valentine.ca\/markets\/","url":"https:\/\/ste-valentine.ca\/markets\/","name":"[:en]MARKETS[:fr]March\u00e9[:] - ste-valentine","isPartOf":{"@id":"https:\/\/ste-valentine.ca\/#website"},"primaryImageOfPage":{"@id":"https:\/\/ste-valentine.ca\/markets\/#primaryimage"},"image":{"@id":"https:\/\/ste-valentine.ca\/markets\/#primaryimage"},"thumbnailUrl":"https:\/\/ste-valentine.ca\/wp-content\/uploads\/2015\/04\/market-en-final.jpg","datePublished":"2015-04-02T03:09:50+00:00","dateModified":"2015-05-03T06:30:59+00:00","breadcrumb":{"@id":"https:\/\/ste-valentine.ca\/markets\/#breadcrumb"},"inLanguage":"fr-FR","potentialAction":[{"@type":"ReadAction","target":["https:\/\/ste-valentine.ca\/markets\/"]}]},{"@type":"ImageObject","inLanguage":"fr-FR","@id":"https:\/\/ste-valentine.ca\/markets\/#primaryimage","url":"https:\/\/ste-valentine.ca\/wp-content\/uploads\/2015\/04\/market-en-final.jpg","contentUrl":"https:\/\/ste-valentine.ca\/wp-content\/uploads\/2015\/04\/market-en-final.jpg"},{"@type":"BreadcrumbList","@id":"https:\/\/ste-valentine.ca\/markets\/#breadcrumb","itemListElement":[{"@type":"ListItem","position":1,"name":"Home","item":"https:\/\/ste-valentine.ca\/"},{"@type":"ListItem","position":2,"name":"MARKETS"}]},{"@type":"WebSite","@id":"https:\/\/ste-valentine.ca\/#website","url":"https:\/\/ste-valentine.ca\/","name":"ste-valentine","description":"","potentialAction":[{"@type":"SearchAction","target":{"@type":"EntryPoint","urlTemplate":"https:\/\/ste-valentine.ca\/?s={search_term_string}"},"query-input":{"@type":"PropertyValueSpecification","valueRequired":true,"valueName":"search_term_string"}}],"inLanguage":"fr-FR"}]}},"_links":{"self":[{"href":"https:\/\/ste-valentine.ca\/fr\/wp-json\/wp\/v2\/pages\/96","targetHints":{"allow":["GET"]}}],"collection":[{"href":"https:\/\/ste-valentine.ca\/fr\/wp-json\/wp\/v2\/pages"}],"about":[{"href":"https:\/\/ste-valentine.ca\/fr\/wp-json\/wp\/v2\/types\/page"}],"author":[{"embeddable":true,"href":"https:\/\/ste-valentine.ca\/fr\/wp-json\/wp\/v2\/users\/1"}],"replies":[{"embeddable":true,"href":"https:\/\/ste-valentine.ca\/fr\/wp-json\/wp\/v2\/comments?post=96"}],"version-history":[{"count":8,"href":"https:\/\/ste-valentine.ca\/fr\/wp-json\/wp\/v2\/pages\/96\/revisions"}],"predecessor-version":[{"id":461,"href":"https:\/\/ste-valentine.ca\/fr\/wp-json\/wp\/v2\/pages\/96\/revisions\/461"}],"wp:attachment":[{"href":"https:\/\/ste-valentine.ca\/fr\/wp-json\/wp\/v2\/media?parent=96"}],"curies":[{"name":"wp","href":"https:\/\/api.w.org\/{rel}","templated":true}]}}