{"id":99,"date":"2015-04-02T03:10:58","date_gmt":"2015-04-02T03:10:58","guid":{"rendered":"http:\/\/ste-valentine.ca\/?page_id=99"},"modified":"2015-05-07T13:44:35","modified_gmt":"2015-05-07T13:44:35","slug":"about-us","status":"publish","type":"page","link":"https:\/\/ste-valentine.ca\/fr\/about-us\/","title":{"rendered":"\u00c0 propos de nous."},"content":{"rendered":"<p>Il y \u00e0 plusieurs articles de journaux \u00e0 notre sujet<\/p>\n<p>Le journal <em>Ottawa Citizens <\/em>\u00e0 publi\u00e9 un article \u00e0 notre sujet dans la section nourriture.<\/p>\n<p>Le journal <em>Equity<\/em> de Shawnville \u00e0 aussi publi\u00e9 un article \u00e0 notre sujet<\/p>\n<p>Si vous voulez \u00eatre sur notre liste de courriel, inscrivez-vous gr\u00e2ce au formulaire sur cette page.<\/p>\n<p>Vous pouvez aussi nous contacter par courriel \u00e0 <a class='actionSlide'>info@ste-valentine.ca<\/a><\/p>\n<p>Nous invitons nos distributeurs \u00e0 venir nous rencontrer sur la ferme apr\u00e8s avoir pris rendez-vous avec nous \u00e0 <a class='actionSlide'>info@ste-valentine.ca<\/a><\/p>\n<div class='cfSlide'>\n\n<div class=\"wpcf7 no-js\" id=\"wpcf7-f465-o2\" lang=\"en-US\" dir=\"ltr\" data-wpcf7-id=\"465\">\n<div class=\"screen-reader-response\"><p role=\"status\" aria-live=\"polite\" aria-atomic=\"true\"><\/p> <ul><\/ul><\/div>\n<form action=\"\/fr\/wp-json\/wp\/v2\/pages\/99#wpcf7-f465-o2\" method=\"post\" class=\"wpcf7-form init\" aria-label=\"Contact form\" novalidate=\"novalidate\" data-status=\"init\">\n<div style=\"display: none;\">\n<input type=\"hidden\" name=\"_wpcf7\" value=\"465\" \/>\n<input type=\"hidden\" name=\"_wpcf7_version\" value=\"6.0.6\" \/>\n<input type=\"hidden\" name=\"_wpcf7_locale\" value=\"en_US\" \/>\n<input type=\"hidden\" name=\"_wpcf7_unit_tag\" value=\"wpcf7-f465-o2\" \/>\n<input type=\"hidden\" name=\"_wpcf7_container_post\" value=\"0\" \/>\n<input type=\"hidden\" name=\"_wpcf7_posted_data_hash\" value=\"\" \/>\n<\/div>\n<p>Your Name (required)\n<\/p>\n<p><span class=\"wpcf7-form-control-wrap\" data-name=\"your-name\"><input size=\"40\" maxlength=\"400\" class=\"wpcf7-form-control wpcf7-text wpcf7-validates-as-required\" aria-required=\"true\" aria-invalid=\"false\" value=\"\" type=\"text\" name=\"your-name\" \/><\/span>\n<\/p>\n<p>Your Email (required)\n<\/p>\n<p><span class=\"wpcf7-form-control-wrap\" data-name=\"your-email\"><input size=\"40\" maxlength=\"400\" class=\"wpcf7-form-control wpcf7-email wpcf7-validates-as-required wpcf7-text wpcf7-validates-as-email\" aria-required=\"true\" aria-invalid=\"false\" value=\"\" type=\"email\" name=\"your-email\" \/><\/span>\n<\/p>\n<p>Subject\n<\/p>\n<p><span class=\"wpcf7-form-control-wrap\" data-name=\"your-subject\"><input size=\"40\" maxlength=\"400\" class=\"wpcf7-form-control wpcf7-text\" aria-invalid=\"false\" value=\"\" type=\"text\" name=\"your-subject\" \/><\/span>\n<\/p>\n<p>Your Message\n<\/p>\n<p><span class=\"wpcf7-form-control-wrap\" data-name=\"your-message\"><textarea cols=\"40\" rows=\"10\" maxlength=\"2000\" class=\"wpcf7-form-control wpcf7-textarea\" aria-invalid=\"false\" name=\"your-message\"><\/textarea><\/span>\n<\/p>\n<p><input class=\"wpcf7-form-control wpcf7-submit has-spinner\" type=\"submit\" value=\"Send\" \/>\n<\/p><p style=\"display: none !important;\" class=\"akismet-fields-container\" data-prefix=\"_wpcf7_ak_\"><label>&#916;<textarea name=\"_wpcf7_ak_hp_textarea\" cols=\"45\" rows=\"8\" maxlength=\"100\"><\/textarea><\/label><input type=\"hidden\" id=\"ak_js_2\" name=\"_wpcf7_ak_js\" value=\"181\"\/><script>document.getElementById( \"ak_js_2\" ).setAttribute( \"value\", ( new Date() ).getTime() );<\/script><\/p><div class=\"wpcf7-response-output\" aria-hidden=\"true\"><\/div>\n<\/form>\n<\/div>\n\n<\/div>\n<p><\/p>","protected":false},"excerpt":{"rendered":"<p>Il y \u00e0 plusieurs articles de journaux \u00e0 notre sujet Le journal Ottawa Citizens \u00e0 publi\u00e9 un article \u00e0 notre sujet dans la section nourriture.&#8230;<\/p>\n<div class=\"more-link-wrapper\"><a class=\"more-link\" href=\"https:\/\/ste-valentine.ca\/fr\/about-us\/\">Continue reading<span class=\"screen-reader-text\">\u00c0 propos de nous.<\/span><\/a><\/div>\n","protected":false},"author":1,"featured_media":0,"parent":0,"menu_order":0,"comment_status":"closed","ping_status":"closed","template":"","meta":{"footnotes":""},"class_list":["post-99","page","type-page","status-publish","hentry","entry"],"yoast_head":"<!-- This site is optimized with the Yoast SEO plugin v25.1 - https:\/\/yoast.com\/wordpress\/plugins\/seo\/ -->\n<title>\u00c0 propos de nous. - ste-valentine<\/title>\n<meta name=\"robots\" content=\"noindex, follow, max-snippet:-1, max-image-preview:large, max-video-preview:-1\" \/>\n<meta property=\"og:locale\" content=\"fr_FR\" \/>\n<meta property=\"og:type\" content=\"article\" \/>\n<meta property=\"og:title\" content=\"[:en]ABOUT US[:fr]\u00c0 propos de nous.[:] - ste-valentine\" \/>\n<meta property=\"og:description\" content=\"Il y \u00e0 plusieurs articles de journaux \u00e0 notre sujet Le journal Ottawa Citizens \u00e0 publi\u00e9 un article \u00e0 notre sujet dans la section nourriture.&#8230;\" \/>\n<meta property=\"og:url\" content=\"https:\/\/ste-valentine.ca\/about-us\/\" \/>\n<meta property=\"og:site_name\" content=\"ste-valentine\" \/>\n<meta property=\"article:modified_time\" content=\"2015-05-07T13:44:35+00:00\" \/>\n<meta name=\"twitter:card\" content=\"summary_large_image\" \/>\n<meta name=\"twitter:label1\" content=\"Dur\u00e9e de lecture estim\u00e9e\" \/>\n\t<meta name=\"twitter:data1\" content=\"1 minute\" \/>\n<script type=\"application\/ld+json\" class=\"yoast-schema-graph\">{\"@context\":\"https:\/\/schema.org\",\"@graph\":[{\"@type\":\"WebPage\",\"@id\":\"https:\/\/ste-valentine.ca\/about-us\/\",\"url\":\"https:\/\/ste-valentine.ca\/about-us\/\",\"name\":\"[:en]ABOUT US[:fr]\u00c0 propos de nous.[:] - ste-valentine\",\"isPartOf\":{\"@id\":\"https:\/\/ste-valentine.ca\/#website\"},\"datePublished\":\"2015-04-02T03:10:58+00:00\",\"dateModified\":\"2015-05-07T13:44:35+00:00\",\"breadcrumb\":{\"@id\":\"https:\/\/ste-valentine.ca\/about-us\/#breadcrumb\"},\"inLanguage\":\"fr-FR\",\"potentialAction\":[{\"@type\":\"ReadAction\",\"target\":[\"https:\/\/ste-valentine.ca\/about-us\/\"]}]},{\"@type\":\"BreadcrumbList\",\"@id\":\"https:\/\/ste-valentine.ca\/about-us\/#breadcrumb\",\"itemListElement\":[{\"@type\":\"ListItem\",\"position\":1,\"name\":\"Home\",\"item\":\"https:\/\/ste-valentine.ca\/\"},{\"@type\":\"ListItem\",\"position\":2,\"name\":\"ABOUT US\"}]},{\"@type\":\"WebSite\",\"@id\":\"https:\/\/ste-valentine.ca\/#website\",\"url\":\"https:\/\/ste-valentine.ca\/\",\"name\":\"ste-valentine\",\"description\":\"\",\"potentialAction\":[{\"@type\":\"SearchAction\",\"target\":{\"@type\":\"EntryPoint\",\"urlTemplate\":\"https:\/\/ste-valentine.ca\/?s={search_term_string}\"},\"query-input\":{\"@type\":\"PropertyValueSpecification\",\"valueRequired\":true,\"valueName\":\"search_term_string\"}}],\"inLanguage\":\"fr-FR\"}]}<\/script>\n<!-- \/ Yoast SEO plugin. -->","yoast_head_json":{"title":"[:en]ABOUT US[:fr]\u00c0 propos de nous.[:] - ste-valentine","robots":{"index":"noindex","follow":"follow","max-snippet":"max-snippet:-1","max-image-preview":"max-image-preview:large","max-video-preview":"max-video-preview:-1"},"og_locale":"fr_FR","og_type":"article","og_title":"[:en]ABOUT US[:fr]\u00c0 propos de nous.[:] - ste-valentine","og_description":"Il y \u00e0 plusieurs articles de journaux \u00e0 notre sujet Le journal Ottawa Citizens \u00e0 publi\u00e9 un article \u00e0 notre sujet dans la section nourriture.&#8230;","og_url":"https:\/\/ste-valentine.ca\/about-us\/","og_site_name":"ste-valentine","article_modified_time":"2015-05-07T13:44:35+00:00","twitter_card":"summary_large_image","twitter_misc":{"Dur\u00e9e de lecture estim\u00e9e":"1 minute"},"schema":{"@context":"https:\/\/schema.org","@graph":[{"@type":"WebPage","@id":"https:\/\/ste-valentine.ca\/about-us\/","url":"https:\/\/ste-valentine.ca\/about-us\/","name":"[:en]ABOUT US[:fr]\u00c0 propos de nous.[:] - ste-valentine","isPartOf":{"@id":"https:\/\/ste-valentine.ca\/#website"},"datePublished":"2015-04-02T03:10:58+00:00","dateModified":"2015-05-07T13:44:35+00:00","breadcrumb":{"@id":"https:\/\/ste-valentine.ca\/about-us\/#breadcrumb"},"inLanguage":"fr-FR","potentialAction":[{"@type":"ReadAction","target":["https:\/\/ste-valentine.ca\/about-us\/"]}]},{"@type":"BreadcrumbList","@id":"https:\/\/ste-valentine.ca\/about-us\/#breadcrumb","itemListElement":[{"@type":"ListItem","position":1,"name":"Home","item":"https:\/\/ste-valentine.ca\/"},{"@type":"ListItem","position":2,"name":"ABOUT US"}]},{"@type":"WebSite","@id":"https:\/\/ste-valentine.ca\/#website","url":"https:\/\/ste-valentine.ca\/","name":"ste-valentine","description":"","potentialAction":[{"@type":"SearchAction","target":{"@type":"EntryPoint","urlTemplate":"https:\/\/ste-valentine.ca\/?s={search_term_string}"},"query-input":{"@type":"PropertyValueSpecification","valueRequired":true,"valueName":"search_term_string"}}],"inLanguage":"fr-FR"}]}},"_links":{"self":[{"href":"https:\/\/ste-valentine.ca\/fr\/wp-json\/wp\/v2\/pages\/99","targetHints":{"allow":["GET"]}}],"collection":[{"href":"https:\/\/ste-valentine.ca\/fr\/wp-json\/wp\/v2\/pages"}],"about":[{"href":"https:\/\/ste-valentine.ca\/fr\/wp-json\/wp\/v2\/types\/page"}],"author":[{"embeddable":true,"href":"https:\/\/ste-valentine.ca\/fr\/wp-json\/wp\/v2\/users\/1"}],"replies":[{"embeddable":true,"href":"https:\/\/ste-valentine.ca\/fr\/wp-json\/wp\/v2\/comments?post=99"}],"version-history":[{"count":12,"href":"https:\/\/ste-valentine.ca\/fr\/wp-json\/wp\/v2\/pages\/99\/revisions"}],"predecessor-version":[{"id":471,"href":"https:\/\/ste-valentine.ca\/fr\/wp-json\/wp\/v2\/pages\/99\/revisions\/471"}],"wp:attachment":[{"href":"https:\/\/ste-valentine.ca\/fr\/wp-json\/wp\/v2\/media?parent=99"}],"curies":[{"name":"wp","href":"https:\/\/api.w.org\/{rel}","templated":true}]}}